{"id":5079,"date":"2020-08-28T09:22:57","date_gmt":"2020-08-28T08:22:57","guid":{"rendered":"http:\/\/www.fidesco-international.org\/de\/?page_id=5079"},"modified":"2020-08-28T09:22:57","modified_gmt":"2020-08-28T08:22:57","slug":"alexis-berufsschullehrer-kamerun-2009-2010","status":"publish","type":"page","link":"https:\/\/www.fidesco-international.org\/de\/alexis-berufsschullehrer-kamerun-2009-2010\/","title":{"rendered":"Alexis &#8211; Berufsschullehrer &#8211; Kamerun &#8211; 2009-2010"},"content":{"rendered":"<h4>Anwesend sein bedeutet, sich selbst zu geben<\/h4>\n<p>&nbsp;<\/p>\n<p><a href=\"https:\/\/www.fidesco-international.org\/de\/wp-content\/uploads\/sites\/2\/2020\/08\/Alexis-Trentesaux-2048x2048-1.jpg\"><img loading=\"lazy\" decoding=\"async\" class=\"alignnone size-full wp-image-5080\" src=\"https:\/\/www.fidesco-international.org\/de\/wp-content\/uploads\/sites\/2\/2020\/08\/Alexis-Trentesaux-2048x2048-1.jpg\" alt=\"\" width=\"2048\" height=\"2048\" srcset=\"https:\/\/www.fidesco-international.org\/de\/wp-content\/uploads\/sites\/2\/2020\/08\/Alexis-Trentesaux-2048x2048-1.jpg 2048w, https:\/\/www.fidesco-international.org\/de\/wp-content\/uploads\/sites\/2\/2020\/08\/Alexis-Trentesaux-2048x2048-1-300x300.jpg 300w, https:\/\/www.fidesco-international.org\/de\/wp-content\/uploads\/sites\/2\/2020\/08\/Alexis-Trentesaux-2048x2048-1-1024x1024.jpg 1024w, https:\/\/www.fidesco-international.org\/de\/wp-content\/uploads\/sites\/2\/2020\/08\/Alexis-Trentesaux-2048x2048-1-150x150.jpg 150w, https:\/\/www.fidesco-international.org\/de\/wp-content\/uploads\/sites\/2\/2020\/08\/Alexis-Trentesaux-2048x2048-1-768x768.jpg 768w, https:\/\/www.fidesco-international.org\/de\/wp-content\/uploads\/sites\/2\/2020\/08\/Alexis-Trentesaux-2048x2048-1-1536x1536.jpg 1536w, https:\/\/www.fidesco-international.org\/de\/wp-content\/uploads\/sites\/2\/2020\/08\/Alexis-Trentesaux-2048x2048-1-270x270.jpg 270w, https:\/\/www.fidesco-international.org\/de\/wp-content\/uploads\/sites\/2\/2020\/08\/Alexis-Trentesaux-2048x2048-1-680x680.jpg 680w, https:\/\/www.fidesco-international.org\/de\/wp-content\/uploads\/sites\/2\/2020\/08\/Alexis-Trentesaux-2048x2048-1-100x100.jpg 100w\" sizes=\"auto, (max-width: 2048px) 100vw, 2048px\" \/><\/a><\/p>\n<p>&nbsp;<\/p>\n<p>&#8222;Meine Mission bestand in diesen wenigen Worten gesagt: in der Wahrheit zu handeln, zu versuchen, den anderen zu verstehen, ohne Ma\u00df zu geben und zu helfen, mich mit dem Sch\u00f6nen zu verbinden, um Freude zu verbreiten.<\/p>\n<p>&nbsp;<\/p>\n<p>Ein Jahr im Dienst der Menschen, ein Jahr im Dienst des N\u00e4chsten, ein Jahr, um den Wunsch nach dem Absoluten zu leben. Ein absolut verbindender christlicher Glaube, Pfadfinderideal, menschliches Abenteuer. Ein Absolutum, das mich an die Enden der Welt f\u00fchrte, zum N\u00e4chsten der menschlichen Natur. In all seinen Formen, in all diesen Aspekten hatte ich das Gl\u00fcck, mit sehr unterschiedlichen Pers\u00f6nlichkeiten zusammenzukommen: Von der einfachen B\u00e4uerin \u00fcber den millionenschweren Gesch\u00e4ftsmann bis hin zum jungen Studenten voller Tr\u00e4ume und \u00dcberzeugungen habe ich mit all diesen Menschen gelebt. Ob in ihrem Haus, an ihrem Tisch, bei einer Begegnung auf der Stra\u00dfe &#8211; ich hatte die Gelegenheit, mich mit all diesen Menschen auszutauschen.<\/p>\n<p>&nbsp;<\/p>\n<p>Mit meinem Co-Volont\u00e4r Benoit haben wir versucht, dieses Motto jeden Tag zu leben: &#8222;Intelligenz dient nur dazu, der Liebe zu dienen&#8220;. Wir haben Talente von unserer Geburt an erhalten, von unseren Familien und Freunden, und es liegt an uns, sie fruchtbar zu machen, indem wir uns zu Dienern machen.<\/p>\n<p>&nbsp;<\/p>\n<p>Dieses Jahr war eine sch\u00f6ne Lektion im Leben. Ich denke, dass die St\u00e4rke der pers\u00f6nlichen Bindungen eine gro\u00dfe Rolle bei dieser Lebensweise spielt. Familienbande, R\u00fccksicht auf andere, miteinander verbrachte Zeit, Gastfreundschaft sind sehr wichtig.<\/p>\n<p>&nbsp;<\/p>\n<p>Diese Zeit erlaubte es mir, mich selbst zu entdecken oder besser gesagt, bestimmte Z\u00fcge meiner Pers\u00f6nlichkeit zu best\u00e4tigen. Es ist nicht leicht, seine Fehler und Schw\u00e4chen zu akzeptieren. Bescheidenheit zwingt uns oft dazu, nicht zu sehr auf ihnen zu bestehen. Es ist jedoch stark festzustellen, dass unsere schwache Seite auch eine Br\u00fccke zu anderen ist. Wir schlie\u00dfen uns auch anderen in unseren Schw\u00e4chen und Fehlern an.<\/p>\n<p>&nbsp;<\/p>\n<p>Vor allem behalte ich alle Begegnungen, alle diese gegebenen Momente in meinem Herzen. Viel mehr als all der Rat und all die materielle Unterst\u00fctzung wird oft gesagt, dass eine einfache Anwesenheit ausreicht, um jemandem zu helfen. Anwesend sein bedeutet, sich selbst zu geben. Mehr als Geld oder gute Ratschl\u00e4ge ist es wichtig, sich vor Augen zu halten, dass nichts das pers\u00f6nliche Geben ersetzen kann.<\/p>\n<p>&nbsp;<\/p>\n<p>Heute bin ich in der Gemeinschaft Emmanuel engagiert. Dieser Ansatz erlaubt es mir, in der Dynamik des Gebens fortzufahren. Im Dienst der Br\u00fcder und Schwestern in Christus, im Dienst der \u00c4rmsten gem\u00e4\u00df den mir anvertrauten Missionen; dieser Einsatz erlaubt es mir, t\u00e4glich Missionar zu bleiben.<\/p>\n<p>&nbsp;<\/p>\n<p>Das Fidesco-Abenteuer ist ein freudiges Abenteuer, das weiter klingt!&#8220;<\/p>\n","protected":false},"excerpt":{"rendered":"<p>Anwesend sein bedeutet, sich selbst zu geben &nbsp; &nbsp; &#8222;Meine Mission bestand in diesen wenigen Worten gesagt: in der Wahrheit zu handeln, zu versuchen, den anderen zu verstehen, ohne Ma\u00df zu geben und zu helfen, mich mit dem Sch\u00f6nen zu verbinden, um Freude zu verbreiten. &nbsp; Ein Jahr im Dienst der Menschen, ein Jahr im [&hellip;]<\/p>\n","protected":false},"author":9,"featured_media":0,"parent":0,"menu_order":0,"comment_status":"closed","ping_status":"closed","template":"","meta":{"footnotes":""},"class_list":["post-5079","page","type-page","status-publish","hentry"],"acf":[],"_links":{"self":[{"href":"https:\/\/www.fidesco-international.org\/de\/wp-json\/wp\/v2\/pages\/5079","targetHints":{"allow":["GET"]}}],"collection":[{"href":"https:\/\/www.fidesco-international.org\/de\/wp-json\/wp\/v2\/pages"}],"about":[{"href":"https:\/\/www.fidesco-international.org\/de\/wp-json\/wp\/v2\/types\/page"}],"author":[{"embeddable":true,"href":"https:\/\/www.fidesco-international.org\/de\/wp-json\/wp\/v2\/users\/9"}],"replies":[{"embeddable":true,"href":"https:\/\/www.fidesco-international.org\/de\/wp-json\/wp\/v2\/comments?post=5079"}],"version-history":[{"count":2,"href":"https:\/\/www.fidesco-international.org\/de\/wp-json\/wp\/v2\/pages\/5079\/revisions"}],"predecessor-version":[{"id":5082,"href":"https:\/\/www.fidesco-international.org\/de\/wp-json\/wp\/v2\/pages\/5079\/revisions\/5082"}],"wp:attachment":[{"href":"https:\/\/www.fidesco-international.org\/de\/wp-json\/wp\/v2\/media?parent=5079"}],"curies":[{"name":"wp","href":"https:\/\/api.w.org\/{rel}","templated":true}]}}