{"id":5094,"date":"2020-08-28T10:00:28","date_gmt":"2020-08-28T09:00:28","guid":{"rendered":"http:\/\/www.fidesco-international.org\/de\/?page_id=5094"},"modified":"2020-08-28T10:00:28","modified_gmt":"2020-08-28T09:00:28","slug":"clotilde-erzieherin-brasilien-2010-2011","status":"publish","type":"page","link":"https:\/\/www.fidesco-international.org\/de\/clotilde-erzieherin-brasilien-2010-2011\/","title":{"rendered":"Clotilde &#8211; Erzieherin &#8211; Brasilien &#8211; 2010-2011"},"content":{"rendered":"<h4>Unser Haus wurde von Kindern gesch\u00fctzt<\/h4>\n<p>&nbsp;<\/p>\n<p><a href=\"https:\/\/www.fidesco-international.org\/de\/wp-content\/uploads\/sites\/2\/2020\/08\/Clotilde-Robin-Gismondi-Bresil.jpg\"><img loading=\"lazy\" decoding=\"async\" class=\"alignnone size-full wp-image-5095\" src=\"https:\/\/www.fidesco-international.org\/de\/wp-content\/uploads\/sites\/2\/2020\/08\/Clotilde-Robin-Gismondi-Bresil.jpg\" alt=\"\" width=\"1224\" height=\"1224\" srcset=\"https:\/\/www.fidesco-international.org\/de\/wp-content\/uploads\/sites\/2\/2020\/08\/Clotilde-Robin-Gismondi-Bresil.jpg 1224w, https:\/\/www.fidesco-international.org\/de\/wp-content\/uploads\/sites\/2\/2020\/08\/Clotilde-Robin-Gismondi-Bresil-300x300.jpg 300w, https:\/\/www.fidesco-international.org\/de\/wp-content\/uploads\/sites\/2\/2020\/08\/Clotilde-Robin-Gismondi-Bresil-1024x1024.jpg 1024w, https:\/\/www.fidesco-international.org\/de\/wp-content\/uploads\/sites\/2\/2020\/08\/Clotilde-Robin-Gismondi-Bresil-150x150.jpg 150w, https:\/\/www.fidesco-international.org\/de\/wp-content\/uploads\/sites\/2\/2020\/08\/Clotilde-Robin-Gismondi-Bresil-768x768.jpg 768w, https:\/\/www.fidesco-international.org\/de\/wp-content\/uploads\/sites\/2\/2020\/08\/Clotilde-Robin-Gismondi-Bresil-270x270.jpg 270w, https:\/\/www.fidesco-international.org\/de\/wp-content\/uploads\/sites\/2\/2020\/08\/Clotilde-Robin-Gismondi-Bresil-680x680.jpg 680w, https:\/\/www.fidesco-international.org\/de\/wp-content\/uploads\/sites\/2\/2020\/08\/Clotilde-Robin-Gismondi-Bresil-100x100.jpg 100w\" sizes=\"auto, (max-width: 1224px) 100vw, 1224px\" \/><\/a><\/p>\n<p>\u201eMit meiner Mission in Brasilien wollte ich gro\u00dfartige Dinge verwirklichen. Aber ich habe gelernt, kleine Dinge mit viel Liebe zu tun und mich lehren und \u201eentwaffnen\u201c zu lassen. Und das Unglaublichste ist, dass es echte Freude gab! Die Mission hat mich wirklich gelehrt: Es ist eine Quelle gro\u00dfer Freude, sich etwas beibringen zu lassen. Die Geschichte mit einer der \u00e4rmsten Familien in der Nachbarschaft spiegelt dies gut wider. Viele und junge Kinder baten oft um Umarmungen. Sie rochen sehr stark und es gab sowohl materielles als auch p\u00e4dagogisches Elend in der Wohnung, das durch gro\u00dfe Gewalt, insbesondere im Zusammenhang mit Alkohol, noch verst\u00e4rkt wurde. Sie waren unsere Nachbarn und wir hatten nicht viel Vertrauen in sie. Im Winter hatten wir beschlossen, ein paar Tage Urlaub in der Sonne zu machen. Unsere Unterkunft war jedoch die einzige mit Heizk\u00f6rpern und wir hatten auch Laptops, das war allen bekannt. Wir beschlossen, diese im K\u00fcchenofen zu verstecken, da wir wussten, dass es sehr einfach war, in unser Haus zu gelangen. Bei der R\u00fcckkehr von unserer Reise waren die Kinder die ersten, die uns mit offenem L\u00e4cheln und offenen Armen zu neuen Umarmungen begr\u00fc\u00dften. Sie freuten sich, uns wiederzusehen und wir waren gl\u00fccklich dar\u00fcber. Die gr\u00f6\u00dfte \u00dcberraschung als sie sagten: \u201eW\u00e4hrend ihr weg wart, haben wir auf eure Wohnung aufgepasst, dass niemand hereinkommt.\u201c Eine au\u00dfergew\u00f6hnliche und wunderbare Lektion vom guten Herrn. Danke, Herr, f\u00fcr diese Kleinen!\u201c<\/p>\n","protected":false},"excerpt":{"rendered":"<p>Unser Haus wurde von Kindern gesch\u00fctzt &nbsp; \u201eMit meiner Mission in Brasilien wollte ich gro\u00dfartige Dinge verwirklichen. Aber ich habe gelernt, kleine Dinge mit viel Liebe zu tun und mich lehren und \u201eentwaffnen\u201c zu lassen. Und das Unglaublichste ist, dass es echte Freude gab! Die Mission hat mich wirklich gelehrt: Es ist eine Quelle gro\u00dfer [&hellip;]<\/p>\n","protected":false},"author":9,"featured_media":0,"parent":0,"menu_order":0,"comment_status":"closed","ping_status":"closed","template":"","meta":{"footnotes":""},"class_list":["post-5094","page","type-page","status-publish","hentry"],"acf":[],"_links":{"self":[{"href":"https:\/\/www.fidesco-international.org\/de\/wp-json\/wp\/v2\/pages\/5094","targetHints":{"allow":["GET"]}}],"collection":[{"href":"https:\/\/www.fidesco-international.org\/de\/wp-json\/wp\/v2\/pages"}],"about":[{"href":"https:\/\/www.fidesco-international.org\/de\/wp-json\/wp\/v2\/types\/page"}],"author":[{"embeddable":true,"href":"https:\/\/www.fidesco-international.org\/de\/wp-json\/wp\/v2\/users\/9"}],"replies":[{"embeddable":true,"href":"https:\/\/www.fidesco-international.org\/de\/wp-json\/wp\/v2\/comments?post=5094"}],"version-history":[{"count":2,"href":"https:\/\/www.fidesco-international.org\/de\/wp-json\/wp\/v2\/pages\/5094\/revisions"}],"predecessor-version":[{"id":5097,"href":"https:\/\/www.fidesco-international.org\/de\/wp-json\/wp\/v2\/pages\/5094\/revisions\/5097"}],"wp:attachment":[{"href":"https:\/\/www.fidesco-international.org\/de\/wp-json\/wp\/v2\/media?parent=5094"}],"curies":[{"name":"wp","href":"https:\/\/api.w.org\/{rel}","templated":true}]}}