{"id":5103,"date":"2020-08-28T10:42:27","date_gmt":"2020-08-28T09:42:27","guid":{"rendered":"http:\/\/www.fidesco-international.org\/de\/?page_id=5103"},"modified":"2020-08-28T10:42:27","modified_gmt":"2020-08-28T09:42:27","slug":"maria-erzieherin-indien-2011-2013","status":"publish","type":"page","link":"https:\/\/www.fidesco-international.org\/de\/maria-erzieherin-indien-2011-2013\/","title":{"rendered":"Maria -Erzieherin &#8211; Indien &#8211; 2011-2013"},"content":{"rendered":"<h4>Nichts ist unm\u00f6glich<\/h4>\n<p><a href=\"https:\/\/www.fidesco-international.org\/de\/wp-content\/uploads\/sites\/2\/2020\/08\/Maria-Koch.jpg\"><img loading=\"lazy\" decoding=\"async\" class=\"alignnone size-full wp-image-5100\" src=\"https:\/\/www.fidesco-international.org\/de\/wp-content\/uploads\/sites\/2\/2020\/08\/Maria-Koch.jpg\" alt=\"\" width=\"540\" height=\"540\" srcset=\"https:\/\/www.fidesco-international.org\/de\/wp-content\/uploads\/sites\/2\/2020\/08\/Maria-Koch.jpg 540w, https:\/\/www.fidesco-international.org\/de\/wp-content\/uploads\/sites\/2\/2020\/08\/Maria-Koch-300x300.jpg 300w, https:\/\/www.fidesco-international.org\/de\/wp-content\/uploads\/sites\/2\/2020\/08\/Maria-Koch-150x150.jpg 150w, https:\/\/www.fidesco-international.org\/de\/wp-content\/uploads\/sites\/2\/2020\/08\/Maria-Koch-270x270.jpg 270w, https:\/\/www.fidesco-international.org\/de\/wp-content\/uploads\/sites\/2\/2020\/08\/Maria-Koch-100x100.jpg 100w\" sizes=\"auto, (max-width: 540px) 100vw, 540px\" \/><\/a><\/p>\n<p>&nbsp;<\/p>\n<p>&#8222;In meiner Mission war ich Erzieherin f\u00fcr die Kongregation der Seligpreisungen von Don Bosco. Ich habe gelernt, dass nichts unm\u00f6glich ist und habe gl\u00fcckliche Menschen gefunden.<\/p>\n<p>Das Abenteuer mit Fideso ist gar nicht so einfach, aber es lohnt sich, es noch einmal zu tun.<\/p>\n<p>Heute lebe und arbeite ich in einem Kinderdorf in einer Gruppe mit neun Kindern.&#8220;<\/p>\n","protected":false},"excerpt":{"rendered":"<p>Nichts ist unm\u00f6glich &nbsp; &#8222;In meiner Mission war ich Erzieherin f\u00fcr die Kongregation der Seligpreisungen von Don Bosco. Ich habe gelernt, dass nichts unm\u00f6glich ist und habe gl\u00fcckliche Menschen gefunden. Das Abenteuer mit Fideso ist gar nicht so einfach, aber es lohnt sich, es noch einmal zu tun. Heute lebe und arbeite ich in einem [&hellip;]<\/p>\n","protected":false},"author":9,"featured_media":0,"parent":0,"menu_order":0,"comment_status":"closed","ping_status":"closed","template":"","meta":{"footnotes":""},"class_list":["post-5103","page","type-page","status-publish","hentry"],"acf":[],"_links":{"self":[{"href":"https:\/\/www.fidesco-international.org\/de\/wp-json\/wp\/v2\/pages\/5103","targetHints":{"allow":["GET"]}}],"collection":[{"href":"https:\/\/www.fidesco-international.org\/de\/wp-json\/wp\/v2\/pages"}],"about":[{"href":"https:\/\/www.fidesco-international.org\/de\/wp-json\/wp\/v2\/types\/page"}],"author":[{"embeddable":true,"href":"https:\/\/www.fidesco-international.org\/de\/wp-json\/wp\/v2\/users\/9"}],"replies":[{"embeddable":true,"href":"https:\/\/www.fidesco-international.org\/de\/wp-json\/wp\/v2\/comments?post=5103"}],"version-history":[{"count":2,"href":"https:\/\/www.fidesco-international.org\/de\/wp-json\/wp\/v2\/pages\/5103\/revisions"}],"predecessor-version":[{"id":5105,"href":"https:\/\/www.fidesco-international.org\/de\/wp-json\/wp\/v2\/pages\/5103\/revisions\/5105"}],"wp:attachment":[{"href":"https:\/\/www.fidesco-international.org\/de\/wp-json\/wp\/v2\/media?parent=5103"}],"curies":[{"name":"wp","href":"https:\/\/api.w.org\/{rel}","templated":true}]}}