{"id":5109,"date":"2020-08-28T10:49:34","date_gmt":"2020-08-28T09:49:34","guid":{"rendered":"http:\/\/www.fidesco-international.org\/de\/?page_id=5109"},"modified":"2020-08-28T10:49:34","modified_gmt":"2020-08-28T09:49:34","slug":"jonathan-tierarzt-madagaskar-2011-2013","status":"publish","type":"page","link":"https:\/\/www.fidesco-international.org\/de\/jonathan-tierarzt-madagaskar-2011-2013\/","title":{"rendered":"Jonathan &#8211; Tierarzt &#8211; Madagaskar &#8211; 2011-2013"},"content":{"rendered":"<h4>Eine gerechtere Welt aufbauen<\/h4>\n<p>&nbsp;<\/p>\n<p><a href=\"https:\/\/www.fidesco-international.org\/de\/wp-content\/uploads\/sites\/2\/2020\/08\/Jonathan-de-Patoul.jpg\"><img loading=\"lazy\" decoding=\"async\" class=\"alignnone size-full wp-image-5099\" src=\"https:\/\/www.fidesco-international.org\/de\/wp-content\/uploads\/sites\/2\/2020\/08\/Jonathan-de-Patoul.jpg\" alt=\"\" width=\"768\" height=\"768\" srcset=\"https:\/\/www.fidesco-international.org\/de\/wp-content\/uploads\/sites\/2\/2020\/08\/Jonathan-de-Patoul.jpg 768w, https:\/\/www.fidesco-international.org\/de\/wp-content\/uploads\/sites\/2\/2020\/08\/Jonathan-de-Patoul-300x300.jpg 300w, https:\/\/www.fidesco-international.org\/de\/wp-content\/uploads\/sites\/2\/2020\/08\/Jonathan-de-Patoul-150x150.jpg 150w, https:\/\/www.fidesco-international.org\/de\/wp-content\/uploads\/sites\/2\/2020\/08\/Jonathan-de-Patoul-270x270.jpg 270w, https:\/\/www.fidesco-international.org\/de\/wp-content\/uploads\/sites\/2\/2020\/08\/Jonathan-de-Patoul-680x680.jpg 680w, https:\/\/www.fidesco-international.org\/de\/wp-content\/uploads\/sites\/2\/2020\/08\/Jonathan-de-Patoul-100x100.jpg 100w\" sizes=\"auto, (max-width: 768px) 100vw, 768px\" \/><\/a><\/p>\n<p>&#8222;Bevor ich meine Mission begann, ging ich, um nach verschiedenen Dingen zu suchen: Abenteuer, Entdeckung, Gottesdienst, eine andere Kultur, eine Berufserfahrung, Spiritualit\u00e4t, Einfachheit &#8230; Und schlie\u00dflich fand ich alles, was ich suchte und noch viel mehr! Diese zwei Jahre waren eine der besten Erfahrungen meines Lebens. Ich erkannte die Notwendigkeit, eine gerechtere und nachhaltigere Welt aufzubauen. Aus diesem Grund habe ich mich nach der Mission entschlossen, die Entwicklungszusammenarbeit fortzusetzen und bin zu V\u00e9t\u00e9rinaires Sans Fronti\u00e8re und dann zu D\u00e9fi Belgique Afrique gekommen. Ich habe auch einen Streichelzoo f\u00fcr Kinder aufgebaut. K\u00fcrzlich wurde ich in die Politik gew\u00e4hlt und bin jetzt Abgeordneter in Br\u00fcssel.&#8220;<\/p>\n","protected":false},"excerpt":{"rendered":"<p>Eine gerechtere Welt aufbauen &nbsp; &#8222;Bevor ich meine Mission begann, ging ich, um nach verschiedenen Dingen zu suchen: Abenteuer, Entdeckung, Gottesdienst, eine andere Kultur, eine Berufserfahrung, Spiritualit\u00e4t, Einfachheit &#8230; Und schlie\u00dflich fand ich alles, was ich suchte und noch viel mehr! Diese zwei Jahre waren eine der besten Erfahrungen meines Lebens. Ich erkannte die Notwendigkeit, [&hellip;]<\/p>\n","protected":false},"author":9,"featured_media":0,"parent":0,"menu_order":0,"comment_status":"closed","ping_status":"closed","template":"","meta":{"footnotes":""},"class_list":["post-5109","page","type-page","status-publish","hentry"],"acf":[],"_links":{"self":[{"href":"https:\/\/www.fidesco-international.org\/de\/wp-json\/wp\/v2\/pages\/5109","targetHints":{"allow":["GET"]}}],"collection":[{"href":"https:\/\/www.fidesco-international.org\/de\/wp-json\/wp\/v2\/pages"}],"about":[{"href":"https:\/\/www.fidesco-international.org\/de\/wp-json\/wp\/v2\/types\/page"}],"author":[{"embeddable":true,"href":"https:\/\/www.fidesco-international.org\/de\/wp-json\/wp\/v2\/users\/9"}],"replies":[{"embeddable":true,"href":"https:\/\/www.fidesco-international.org\/de\/wp-json\/wp\/v2\/comments?post=5109"}],"version-history":[{"count":2,"href":"https:\/\/www.fidesco-international.org\/de\/wp-json\/wp\/v2\/pages\/5109\/revisions"}],"predecessor-version":[{"id":5111,"href":"https:\/\/www.fidesco-international.org\/de\/wp-json\/wp\/v2\/pages\/5109\/revisions\/5111"}],"wp:attachment":[{"href":"https:\/\/www.fidesco-international.org\/de\/wp-json\/wp\/v2\/media?parent=5109"}],"curies":[{"name":"wp","href":"https:\/\/api.w.org\/{rel}","templated":true}]}}