{"id":5113,"date":"2020-08-28T11:05:50","date_gmt":"2020-08-28T10:05:50","guid":{"rendered":"http:\/\/www.fidesco-international.org\/de\/?page_id=5113"},"modified":"2020-08-28T11:05:50","modified_gmt":"2020-08-28T10:05:50","slug":"laure-projektleiterin-kenia-2011-2013","status":"publish","type":"page","link":"https:\/\/www.fidesco-international.org\/de\/laure-projektleiterin-kenia-2011-2013\/","title":{"rendered":"Laure &#8211; Projektleiterin &#8211; Kenia &#8211; 2011-2013"},"content":{"rendered":"<h4>Eine h\u00f6chst beunruhigende Gastfreundschaft<\/h4>\n<p><a href=\"https:\/\/www.fidesco-international.org\/de\/wp-content\/uploads\/sites\/2\/2020\/08\/Laure-Droulers-2048x2048-1.jpg\"><img loading=\"lazy\" decoding=\"async\" class=\"alignnone size-full wp-image-5114\" src=\"https:\/\/www.fidesco-international.org\/de\/wp-content\/uploads\/sites\/2\/2020\/08\/Laure-Droulers-2048x2048-1.jpg\" alt=\"\" width=\"2048\" height=\"2048\" srcset=\"https:\/\/www.fidesco-international.org\/de\/wp-content\/uploads\/sites\/2\/2020\/08\/Laure-Droulers-2048x2048-1.jpg 2048w, https:\/\/www.fidesco-international.org\/de\/wp-content\/uploads\/sites\/2\/2020\/08\/Laure-Droulers-2048x2048-1-300x300.jpg 300w, https:\/\/www.fidesco-international.org\/de\/wp-content\/uploads\/sites\/2\/2020\/08\/Laure-Droulers-2048x2048-1-1024x1024.jpg 1024w, https:\/\/www.fidesco-international.org\/de\/wp-content\/uploads\/sites\/2\/2020\/08\/Laure-Droulers-2048x2048-1-150x150.jpg 150w, https:\/\/www.fidesco-international.org\/de\/wp-content\/uploads\/sites\/2\/2020\/08\/Laure-Droulers-2048x2048-1-768x768.jpg 768w, https:\/\/www.fidesco-international.org\/de\/wp-content\/uploads\/sites\/2\/2020\/08\/Laure-Droulers-2048x2048-1-1536x1536.jpg 1536w, https:\/\/www.fidesco-international.org\/de\/wp-content\/uploads\/sites\/2\/2020\/08\/Laure-Droulers-2048x2048-1-270x270.jpg 270w, https:\/\/www.fidesco-international.org\/de\/wp-content\/uploads\/sites\/2\/2020\/08\/Laure-Droulers-2048x2048-1-680x680.jpg 680w, https:\/\/www.fidesco-international.org\/de\/wp-content\/uploads\/sites\/2\/2020\/08\/Laure-Droulers-2048x2048-1-100x100.jpg 100w\" sizes=\"auto, (max-width: 2048px) 100vw, 2048px\" \/><\/a><\/p>\n<p>&#8222;Ich verbrachte zwei Jahre in Kenia in Embu im Dienst der Di\u00f6zese. Das Leben dort hat mir bewusst gemacht, dass ich auch ohne den materiellen Komfort und sogar ohne Verbindung sehr gl\u00fccklich sein kann. Manchmal schlief ich w\u00e4hrend meiner Mission im Haus der Einheimischen ein, weil wir bei den l\u00e4ndlichen Entwicklungsaktivit\u00e4ten weit in den Busch gingen, um die Aktivit\u00e4ten der Gemeinschaft zu beleben. Eines Abends war ich bei einer Witwe zu Gast, die mehrere Kinder alleine aufzog. Sie lebte in einer kleinen H\u00fctte aus getrockneter Erde, dem einfachsten Lebensraum. Sie lebte in Armut und hatte nur wenige H\u00fchner. Am Morgen, als ich gerade gehen wollte, bot sie mir eines ihrer H\u00fchner an! Sie hat es mir aus Freundlichkeit und vor allem aus gro\u00dfer Gro\u00dfz\u00fcgigkeit geschenkt, ohne eine Gegenleistung zu erwarten: \u00a0sie h\u00e4tte es nur zu Ostern und Weihnachten gegessen, es ist so ein festliches Gericht! Was f\u00fcr eine Lebensweisheit von einer so bescheidenen Frau.<\/p>\n<p>Als ich nach Frankreich zur\u00fcckkehrte, ging ich vier Jahre lang als Mitglied des Fidesco-Teams in der Verl\u00e4ngerung! Heute setze ich das Engagement in meiner Pfarrei fort, im Dienst des Gemeindekatechese, der Winterhilfe f\u00fcr Obdachlose und in Initiativen zur Schaffung von Geselligkeit und Begegnungen zwischen den Generationen.&#8220;<\/p>\n","protected":false},"excerpt":{"rendered":"<p>Eine h\u00f6chst beunruhigende Gastfreundschaft &#8222;Ich verbrachte zwei Jahre in Kenia in Embu im Dienst der Di\u00f6zese. Das Leben dort hat mir bewusst gemacht, dass ich auch ohne den materiellen Komfort und sogar ohne Verbindung sehr gl\u00fccklich sein kann. Manchmal schlief ich w\u00e4hrend meiner Mission im Haus der Einheimischen ein, weil wir bei den l\u00e4ndlichen Entwicklungsaktivit\u00e4ten [&hellip;]<\/p>\n","protected":false},"author":9,"featured_media":0,"parent":0,"menu_order":0,"comment_status":"closed","ping_status":"closed","template":"","meta":{"footnotes":""},"class_list":["post-5113","page","type-page","status-publish","hentry"],"acf":[],"_links":{"self":[{"href":"https:\/\/www.fidesco-international.org\/de\/wp-json\/wp\/v2\/pages\/5113","targetHints":{"allow":["GET"]}}],"collection":[{"href":"https:\/\/www.fidesco-international.org\/de\/wp-json\/wp\/v2\/pages"}],"about":[{"href":"https:\/\/www.fidesco-international.org\/de\/wp-json\/wp\/v2\/types\/page"}],"author":[{"embeddable":true,"href":"https:\/\/www.fidesco-international.org\/de\/wp-json\/wp\/v2\/users\/9"}],"replies":[{"embeddable":true,"href":"https:\/\/www.fidesco-international.org\/de\/wp-json\/wp\/v2\/comments?post=5113"}],"version-history":[{"count":2,"href":"https:\/\/www.fidesco-international.org\/de\/wp-json\/wp\/v2\/pages\/5113\/revisions"}],"predecessor-version":[{"id":5116,"href":"https:\/\/www.fidesco-international.org\/de\/wp-json\/wp\/v2\/pages\/5113\/revisions\/5116"}],"wp:attachment":[{"href":"https:\/\/www.fidesco-international.org\/de\/wp-json\/wp\/v2\/media?parent=5113"}],"curies":[{"name":"wp","href":"https:\/\/api.w.org\/{rel}","templated":true}]}}