{"id":5117,"date":"2020-08-28T11:14:41","date_gmt":"2020-08-28T10:14:41","guid":{"rendered":"http:\/\/www.fidesco-international.org\/de\/?page_id=5117"},"modified":"2020-08-28T11:14:41","modified_gmt":"2020-08-28T10:14:41","slug":"amandine-orientierungsberaterin-kamerun-2011-2012","status":"publish","type":"page","link":"https:\/\/www.fidesco-international.org\/de\/amandine-orientierungsberaterin-kamerun-2011-2012\/","title":{"rendered":"Amandine &#8211; Orientierungsberaterin &#8211; Kamerun &#8211; 2011-2012"},"content":{"rendered":"<h4>Erf\u00fcllung finden<\/h4>\n<p><a href=\"https:\/\/www.fidesco-international.org\/de\/wp-content\/uploads\/sites\/2\/2020\/08\/Amandine-Froment.jpg\"><img loading=\"lazy\" decoding=\"async\" class=\"alignnone size-full wp-image-5118\" src=\"https:\/\/www.fidesco-international.org\/de\/wp-content\/uploads\/sites\/2\/2020\/08\/Amandine-Froment.jpg\" alt=\"\" width=\"448\" height=\"449\" srcset=\"https:\/\/www.fidesco-international.org\/de\/wp-content\/uploads\/sites\/2\/2020\/08\/Amandine-Froment.jpg 448w, https:\/\/www.fidesco-international.org\/de\/wp-content\/uploads\/sites\/2\/2020\/08\/Amandine-Froment-300x300.jpg 300w, https:\/\/www.fidesco-international.org\/de\/wp-content\/uploads\/sites\/2\/2020\/08\/Amandine-Froment-150x150.jpg 150w, https:\/\/www.fidesco-international.org\/de\/wp-content\/uploads\/sites\/2\/2020\/08\/Amandine-Froment-270x270.jpg 270w, https:\/\/www.fidesco-international.org\/de\/wp-content\/uploads\/sites\/2\/2020\/08\/Amandine-Froment-100x100.jpg 100w\" sizes=\"auto, (max-width: 448px) 100vw, 448px\" \/><\/a><\/p>\n<p>&#8222;Ich ging nach Kamerun, nach Yaound\u00e9 als Beraterin am Vogt College, das von der St. John Community geleitet wird. Es war das sch\u00f6nste Jahr meines Lebens! Ich fand Erf\u00fcllung, und ich lernte das Leben zu zweit kennen.&#8220;<\/p>\n","protected":false},"excerpt":{"rendered":"<p>Erf\u00fcllung finden &#8222;Ich ging nach Kamerun, nach Yaound\u00e9 als Beraterin am Vogt College, das von der St. John Community geleitet wird. Es war das sch\u00f6nste Jahr meines Lebens! Ich fand Erf\u00fcllung, und ich lernte das Leben zu zweit kennen.&#8220;<\/p>\n","protected":false},"author":9,"featured_media":0,"parent":0,"menu_order":0,"comment_status":"closed","ping_status":"closed","template":"","meta":{"footnotes":""},"class_list":["post-5117","page","type-page","status-publish","hentry"],"acf":[],"_links":{"self":[{"href":"https:\/\/www.fidesco-international.org\/de\/wp-json\/wp\/v2\/pages\/5117","targetHints":{"allow":["GET"]}}],"collection":[{"href":"https:\/\/www.fidesco-international.org\/de\/wp-json\/wp\/v2\/pages"}],"about":[{"href":"https:\/\/www.fidesco-international.org\/de\/wp-json\/wp\/v2\/types\/page"}],"author":[{"embeddable":true,"href":"https:\/\/www.fidesco-international.org\/de\/wp-json\/wp\/v2\/users\/9"}],"replies":[{"embeddable":true,"href":"https:\/\/www.fidesco-international.org\/de\/wp-json\/wp\/v2\/comments?post=5117"}],"version-history":[{"count":2,"href":"https:\/\/www.fidesco-international.org\/de\/wp-json\/wp\/v2\/pages\/5117\/revisions"}],"predecessor-version":[{"id":5120,"href":"https:\/\/www.fidesco-international.org\/de\/wp-json\/wp\/v2\/pages\/5117\/revisions\/5120"}],"wp:attachment":[{"href":"https:\/\/www.fidesco-international.org\/de\/wp-json\/wp\/v2\/media?parent=5117"}],"curies":[{"name":"wp","href":"https:\/\/api.w.org\/{rel}","templated":true}]}}