{"id":5121,"date":"2020-08-28T11:24:32","date_gmt":"2020-08-28T10:24:32","guid":{"rendered":"http:\/\/www.fidesco-international.org\/de\/?page_id=5121"},"modified":"2020-08-28T11:24:32","modified_gmt":"2020-08-28T10:24:32","slug":"alienor-erzieherin-israel-2011-2013","status":"publish","type":"page","link":"https:\/\/www.fidesco-international.org\/de\/alienor-erzieherin-israel-2011-2013\/","title":{"rendered":"Alienor &#8211; Erzieherin &#8211; Israel &#8211; 2011-2013"},"content":{"rendered":"<h4>In mein Ged\u00e4chtnis eingepr\u00e4gte Gesichter<\/h4>\n<p><a href=\"https:\/\/www.fidesco-international.org\/de\/wp-content\/uploads\/sites\/2\/2020\/08\/Alienor-Masson-2048x2048-1.jpg\"><img loading=\"lazy\" decoding=\"async\" class=\"alignnone size-full wp-image-5122\" src=\"https:\/\/www.fidesco-international.org\/de\/wp-content\/uploads\/sites\/2\/2020\/08\/Alienor-Masson-2048x2048-1.jpg\" alt=\"\" width=\"2048\" height=\"2048\" srcset=\"https:\/\/www.fidesco-international.org\/de\/wp-content\/uploads\/sites\/2\/2020\/08\/Alienor-Masson-2048x2048-1.jpg 2048w, https:\/\/www.fidesco-international.org\/de\/wp-content\/uploads\/sites\/2\/2020\/08\/Alienor-Masson-2048x2048-1-300x300.jpg 300w, https:\/\/www.fidesco-international.org\/de\/wp-content\/uploads\/sites\/2\/2020\/08\/Alienor-Masson-2048x2048-1-1024x1024.jpg 1024w, https:\/\/www.fidesco-international.org\/de\/wp-content\/uploads\/sites\/2\/2020\/08\/Alienor-Masson-2048x2048-1-150x150.jpg 150w, https:\/\/www.fidesco-international.org\/de\/wp-content\/uploads\/sites\/2\/2020\/08\/Alienor-Masson-2048x2048-1-768x768.jpg 768w, https:\/\/www.fidesco-international.org\/de\/wp-content\/uploads\/sites\/2\/2020\/08\/Alienor-Masson-2048x2048-1-1536x1536.jpg 1536w, https:\/\/www.fidesco-international.org\/de\/wp-content\/uploads\/sites\/2\/2020\/08\/Alienor-Masson-2048x2048-1-270x270.jpg 270w, https:\/\/www.fidesco-international.org\/de\/wp-content\/uploads\/sites\/2\/2020\/08\/Alienor-Masson-2048x2048-1-680x680.jpg 680w, https:\/\/www.fidesco-international.org\/de\/wp-content\/uploads\/sites\/2\/2020\/08\/Alienor-Masson-2048x2048-1-100x100.jpg 100w\" sizes=\"auto, (max-width: 2048px) 100vw, 2048px\" \/><\/a><\/p>\n<p>&#8222;Es gibt so vieles, was ich w\u00e4hrend meiner Mission in Jerusalem bekommen habe. Ich habe gelernt, so viel zu empfangen wie zu geben, ich habe Geduld, Zuh\u00f6ren und Vertrauen gelernt. Vor allem habe ich gelernt, jeden Tag \u00fcber die kleinen, unbedeutenden Dinge zu staunen, die es uns erlauben, jederzeit, in manchmal schwierigen Momenten, mit einem L\u00e4cheln weiterzumachen. In diesen zwei Jahren habe ich eine Vielzahl fantastischer Menschen getroffen, ganz wunderbare Menschen!&#8220;<\/p>\n<p>&nbsp;<\/p>\n","protected":false},"excerpt":{"rendered":"<p>In mein Ged\u00e4chtnis eingepr\u00e4gte Gesichter &#8222;Es gibt so vieles, was ich w\u00e4hrend meiner Mission in Jerusalem bekommen habe. Ich habe gelernt, so viel zu empfangen wie zu geben, ich habe Geduld, Zuh\u00f6ren und Vertrauen gelernt. Vor allem habe ich gelernt, jeden Tag \u00fcber die kleinen, unbedeutenden Dinge zu staunen, die es uns erlauben, jederzeit, in [&hellip;]<\/p>\n","protected":false},"author":9,"featured_media":0,"parent":0,"menu_order":0,"comment_status":"closed","ping_status":"closed","template":"","meta":{"footnotes":""},"class_list":["post-5121","page","type-page","status-publish","hentry"],"acf":[],"_links":{"self":[{"href":"https:\/\/www.fidesco-international.org\/de\/wp-json\/wp\/v2\/pages\/5121","targetHints":{"allow":["GET"]}}],"collection":[{"href":"https:\/\/www.fidesco-international.org\/de\/wp-json\/wp\/v2\/pages"}],"about":[{"href":"https:\/\/www.fidesco-international.org\/de\/wp-json\/wp\/v2\/types\/page"}],"author":[{"embeddable":true,"href":"https:\/\/www.fidesco-international.org\/de\/wp-json\/wp\/v2\/users\/9"}],"replies":[{"embeddable":true,"href":"https:\/\/www.fidesco-international.org\/de\/wp-json\/wp\/v2\/comments?post=5121"}],"version-history":[{"count":1,"href":"https:\/\/www.fidesco-international.org\/de\/wp-json\/wp\/v2\/pages\/5121\/revisions"}],"predecessor-version":[{"id":5123,"href":"https:\/\/www.fidesco-international.org\/de\/wp-json\/wp\/v2\/pages\/5121\/revisions\/5123"}],"wp:attachment":[{"href":"https:\/\/www.fidesco-international.org\/de\/wp-json\/wp\/v2\/media?parent=5121"}],"curies":[{"name":"wp","href":"https:\/\/api.w.org\/{rel}","templated":true}]}}