{"id":5127,"date":"2020-08-31T06:40:16","date_gmt":"2020-08-31T05:40:16","guid":{"rendered":"http:\/\/www.fidesco-international.org\/de\/?page_id=5127"},"modified":"2022-02-01T06:33:03","modified_gmt":"2022-02-01T05:33:03","slug":"adela-lehrerin-suedafrika-2012-2013","status":"publish","type":"page","link":"https:\/\/www.fidesco-international.org\/de\/adela-lehrerin-suedafrika-2012-2013\/","title":{"rendered":"Adela &#8211; Lehrerin &#8211; S\u00fcdafrika &#8211; 2012-2013"},"content":{"rendered":"<h3><strong>Was mein Leben erf\u00fcllt<\/strong><\/h3>\n<p>&nbsp;<\/p>\n<h4><a href=\"https:\/\/www.fidesco-international.org\/de\/wp-content\/uploads\/sites\/2\/2020\/08\/Adela-Lemanska.jpg\"><img loading=\"lazy\" decoding=\"async\" class=\"alignnone size-full wp-image-5128\" src=\"https:\/\/www.fidesco-international.org\/de\/wp-content\/uploads\/sites\/2\/2020\/08\/Adela-Lemanska.jpg\" alt=\"\" width=\"1196\" height=\"1197\" srcset=\"https:\/\/www.fidesco-international.org\/de\/wp-content\/uploads\/sites\/2\/2020\/08\/Adela-Lemanska.jpg 1196w, https:\/\/www.fidesco-international.org\/de\/wp-content\/uploads\/sites\/2\/2020\/08\/Adela-Lemanska-300x300.jpg 300w, https:\/\/www.fidesco-international.org\/de\/wp-content\/uploads\/sites\/2\/2020\/08\/Adela-Lemanska-1024x1024.jpg 1024w, https:\/\/www.fidesco-international.org\/de\/wp-content\/uploads\/sites\/2\/2020\/08\/Adela-Lemanska-150x150.jpg 150w, https:\/\/www.fidesco-international.org\/de\/wp-content\/uploads\/sites\/2\/2020\/08\/Adela-Lemanska-768x769.jpg 768w, https:\/\/www.fidesco-international.org\/de\/wp-content\/uploads\/sites\/2\/2020\/08\/Adela-Lemanska-270x270.jpg 270w, https:\/\/www.fidesco-international.org\/de\/wp-content\/uploads\/sites\/2\/2020\/08\/Adela-Lemanska-679x680.jpg 679w, https:\/\/www.fidesco-international.org\/de\/wp-content\/uploads\/sites\/2\/2020\/08\/Adela-Lemanska-100x100.jpg 100w\" sizes=\"auto, (max-width: 1196px) 100vw, 1196px\" \/><\/a><\/h4>\n<p>&nbsp;<\/p>\n<p><strong>W\u00e4hrend meiner Mission habe ich gelernt, dass es mich gl\u00fccklich macht, wenn ich meine Talente mit anderen teile, dass Gott einen wunderbaren Plan f\u00fcr mein Leben hat und dass er besonders durch meine Schw\u00e4chen wirkt!<\/strong><\/p>\n<p><strong>Zus\u00e4tzlich zu meinen Aufgaben als Lehrerin in der Schule, der Musikschule und im Blindenheim wurde ich gebeten, eine Jugendgruppe in der Kirchengemeinde zu gr\u00fcnden. Ich f\u00fchlte mich dieser Verantwortung nicht gewachsen, da ich die Landessprache nicht konnte und die Jugendlichen aus der Gemeinde unsere Treffen bestimmt nur als eine weitere Schulstunde mit mir als ihrer Lehrerin ansehen w\u00fcrden. Sie hatten bisher auch noch keinerlei Erfahrung mit Gemeindearbeit gemacht. Ich rechnete fest damit, dass sich die Gruppe nach meiner Abreise aufl\u00f6sen w\u00fcrde.<\/strong><\/p>\n<p><strong>Als ich ein Jahr nach Abschluss meiner Mission zu einem Besuch kam, gab es die Gruppe zu meiner \u00dcberraschung immer noch. Sie war stark und engagiert in der Gemeinde. Sie hatten sogar noch einen Jugendchor gegr\u00fcndet und organisierten Jugendtage in der Di\u00f6zese. Sp\u00e4ter erfuhr ich, dass ein junger Mann aus der Gruppe ins Priesterseminar ging und ein anderer bei den Oblaten eingetreten war. Ich denke, dass Gott seine Kraft durch meine Schw\u00e4che gezeigt hat.<\/strong><\/p>\n<p><strong>Zur\u00fcck in Polen bereite ich andere auf die Mission vor, spreche \u00fcber meine Missionserfahrung in Schulen, Pfarreien usw. und habe sogar ein Buch dar\u00fcber geschrieben!<\/strong><\/p>\n<p>&nbsp;<\/p>\n","protected":false},"excerpt":{"rendered":"<p>Was mein Leben erf\u00fcllt &nbsp; &nbsp; W\u00e4hrend meiner Mission habe ich gelernt, dass es mich gl\u00fccklich macht, wenn ich meine Talente mit anderen teile, dass Gott einen wunderbaren Plan f\u00fcr mein Leben hat und dass er besonders durch meine Schw\u00e4chen wirkt! Zus\u00e4tzlich zu meinen Aufgaben als Lehrerin in der Schule, der Musikschule und im Blindenheim [&hellip;]<\/p>\n","protected":false},"author":9,"featured_media":0,"parent":0,"menu_order":0,"comment_status":"closed","ping_status":"closed","template":"","meta":{"footnotes":""},"class_list":["post-5127","page","type-page","status-publish","hentry"],"acf":[],"_links":{"self":[{"href":"https:\/\/www.fidesco-international.org\/de\/wp-json\/wp\/v2\/pages\/5127","targetHints":{"allow":["GET"]}}],"collection":[{"href":"https:\/\/www.fidesco-international.org\/de\/wp-json\/wp\/v2\/pages"}],"about":[{"href":"https:\/\/www.fidesco-international.org\/de\/wp-json\/wp\/v2\/types\/page"}],"author":[{"embeddable":true,"href":"https:\/\/www.fidesco-international.org\/de\/wp-json\/wp\/v2\/users\/9"}],"replies":[{"embeddable":true,"href":"https:\/\/www.fidesco-international.org\/de\/wp-json\/wp\/v2\/comments?post=5127"}],"version-history":[{"count":12,"href":"https:\/\/www.fidesco-international.org\/de\/wp-json\/wp\/v2\/pages\/5127\/revisions"}],"predecessor-version":[{"id":6129,"href":"https:\/\/www.fidesco-international.org\/de\/wp-json\/wp\/v2\/pages\/5127\/revisions\/6129"}],"wp:attachment":[{"href":"https:\/\/www.fidesco-international.org\/de\/wp-json\/wp\/v2\/media?parent=5127"}],"curies":[{"name":"wp","href":"https:\/\/api.w.org\/{rel}","templated":true}]}}