{"id":5130,"date":"2020-08-31T06:45:58","date_gmt":"2020-08-31T05:45:58","guid":{"rendered":"http:\/\/www.fidesco-international.org\/de\/?page_id=5130"},"modified":"2020-08-31T07:10:20","modified_gmt":"2020-08-31T06:10:20","slug":"aldrik-englischlehrer-peru-2011-2013","status":"publish","type":"page","link":"https:\/\/www.fidesco-international.org\/de\/aldrik-englischlehrer-peru-2011-2013\/","title":{"rendered":"Aldrik- Englischlehrer &#8211; Peru &#8211; 2011-2013"},"content":{"rendered":"<h4>Wer ist ein armer Kerl? &#8230; ich bin&#8217;s!<\/h4>\n<p><a href=\"https:\/\/www.fidesco-international.org\/de\/wp-content\/uploads\/sites\/2\/2020\/08\/Aldrik-de-Fombelle-Perou-2048x2048-1.jpg\"><img loading=\"lazy\" decoding=\"async\" class=\"alignnone size-full wp-image-5131\" src=\"https:\/\/www.fidesco-international.org\/de\/wp-content\/uploads\/sites\/2\/2020\/08\/Aldrik-de-Fombelle-Perou-2048x2048-1.jpg\" alt=\"\" width=\"2048\" height=\"2048\" srcset=\"https:\/\/www.fidesco-international.org\/de\/wp-content\/uploads\/sites\/2\/2020\/08\/Aldrik-de-Fombelle-Perou-2048x2048-1.jpg 2048w, https:\/\/www.fidesco-international.org\/de\/wp-content\/uploads\/sites\/2\/2020\/08\/Aldrik-de-Fombelle-Perou-2048x2048-1-300x300.jpg 300w, https:\/\/www.fidesco-international.org\/de\/wp-content\/uploads\/sites\/2\/2020\/08\/Aldrik-de-Fombelle-Perou-2048x2048-1-1024x1024.jpg 1024w, https:\/\/www.fidesco-international.org\/de\/wp-content\/uploads\/sites\/2\/2020\/08\/Aldrik-de-Fombelle-Perou-2048x2048-1-150x150.jpg 150w, https:\/\/www.fidesco-international.org\/de\/wp-content\/uploads\/sites\/2\/2020\/08\/Aldrik-de-Fombelle-Perou-2048x2048-1-768x768.jpg 768w, https:\/\/www.fidesco-international.org\/de\/wp-content\/uploads\/sites\/2\/2020\/08\/Aldrik-de-Fombelle-Perou-2048x2048-1-1536x1536.jpg 1536w, https:\/\/www.fidesco-international.org\/de\/wp-content\/uploads\/sites\/2\/2020\/08\/Aldrik-de-Fombelle-Perou-2048x2048-1-270x270.jpg 270w, https:\/\/www.fidesco-international.org\/de\/wp-content\/uploads\/sites\/2\/2020\/08\/Aldrik-de-Fombelle-Perou-2048x2048-1-680x680.jpg 680w, https:\/\/www.fidesco-international.org\/de\/wp-content\/uploads\/sites\/2\/2020\/08\/Aldrik-de-Fombelle-Perou-2048x2048-1-100x100.jpg 100w\" sizes=\"auto, (max-width: 2048px) 100vw, 2048px\" \/><\/a><\/p>\n<p>&#8222;Als ich mit Fidesco auf Mission ging, hatte ich einen gro\u00dfen Wunsch: den \u00c4rmsten zu helfen. Und ich fand mich als solcher wieder, im wahrsten Sinne des Wortes! Ich entdeckte, dass ich der Arme bin, was dazu f\u00fchrte, dass ich lernte, zu empfangen, ein neuer Ansatz f\u00fcr mich.<\/p>\n<p>Hier ist eine Anekdote, die dies widerspiegelt:<\/p>\n<p>Wir waren mit unseren Kindern unterwegs, dabei wurde uns unser ganzes Geld gestohlen. Wir hatten noch einen Cent in der Tasche, und waren noch neun Stunden von zu Hause weg. Es waren Stra\u00dfenh\u00e4ndler, die uns alles gaben, was wir brauchten (Lebensmittel, Wasser und sogar Spielzeug f\u00fcr die Kinder), und auch das Geld, das wir ben\u00f6tigten, um nachhause zu kommen. Wir sind gegangen, um den Armen zu helfen, und sie waren es, die uns wieder auf die Beine geholfen haben, indem sie uns ihr Notwendigstes gaben! So konnte ich tiefer verstehen, dass Unterschiede keine Bedrohung, sondern eine Chance sind. W\u00e4hrend der Mission zu lernen, \u00fcber den Schein hinaus zu sehen, f\u00fchrte mich dazu, in meiner Liebe zu den Armen und in meiner inneren Freiheit zu wachsen. Gleichzeitig entdeckte ich die Freude am Geben und am einfachen Leben: eine Freude, die ein Leben lang (ewig) bleibt!&#8220;<\/p>\n","protected":false},"excerpt":{"rendered":"<p>Wer ist ein armer Kerl? &#8230; ich bin&#8217;s! &#8222;Als ich mit Fidesco auf Mission ging, hatte ich einen gro\u00dfen Wunsch: den \u00c4rmsten zu helfen. Und ich fand mich als solcher wieder, im wahrsten Sinne des Wortes! Ich entdeckte, dass ich der Arme bin, was dazu f\u00fchrte, dass ich lernte, zu empfangen, ein neuer Ansatz f\u00fcr [&hellip;]<\/p>\n","protected":false},"author":9,"featured_media":0,"parent":0,"menu_order":0,"comment_status":"closed","ping_status":"closed","template":"","meta":{"footnotes":""},"class_list":["post-5130","page","type-page","status-publish","hentry"],"acf":[],"_links":{"self":[{"href":"https:\/\/www.fidesco-international.org\/de\/wp-json\/wp\/v2\/pages\/5130","targetHints":{"allow":["GET"]}}],"collection":[{"href":"https:\/\/www.fidesco-international.org\/de\/wp-json\/wp\/v2\/pages"}],"about":[{"href":"https:\/\/www.fidesco-international.org\/de\/wp-json\/wp\/v2\/types\/page"}],"author":[{"embeddable":true,"href":"https:\/\/www.fidesco-international.org\/de\/wp-json\/wp\/v2\/users\/9"}],"replies":[{"embeddable":true,"href":"https:\/\/www.fidesco-international.org\/de\/wp-json\/wp\/v2\/comments?post=5130"}],"version-history":[{"count":2,"href":"https:\/\/www.fidesco-international.org\/de\/wp-json\/wp\/v2\/pages\/5130\/revisions"}],"predecessor-version":[{"id":5139,"href":"https:\/\/www.fidesco-international.org\/de\/wp-json\/wp\/v2\/pages\/5130\/revisions\/5139"}],"wp:attachment":[{"href":"https:\/\/www.fidesco-international.org\/de\/wp-json\/wp\/v2\/media?parent=5130"}],"curies":[{"name":"wp","href":"https:\/\/api.w.org\/{rel}","templated":true}]}}