{"id":5133,"date":"2020-08-31T07:06:22","date_gmt":"2020-08-31T06:06:22","guid":{"rendered":"http:\/\/www.fidesco-international.org\/de\/?page_id=5133"},"modified":"2020-08-31T07:06:22","modified_gmt":"2020-08-31T06:06:22","slug":"clotilde-franzoesischlehrerin-ruanda-2012-2013","status":"publish","type":"page","link":"https:\/\/www.fidesco-international.org\/de\/clotilde-franzoesischlehrerin-ruanda-2012-2013\/","title":{"rendered":"Clotilde &#8211; Franz\u00f6sischlehrerin &#8211; Ruanda &#8211; 2012-2013"},"content":{"rendered":"<h4>Lasst euch ersch\u00fcttern<\/h4>\n<p><a href=\"https:\/\/www.fidesco-international.org\/de\/wp-content\/uploads\/sites\/2\/2020\/08\/Clotilde-des-Gayets-2048x2048-1.jpg\"><img loading=\"lazy\" decoding=\"async\" class=\"alignnone size-full wp-image-5134\" src=\"https:\/\/www.fidesco-international.org\/de\/wp-content\/uploads\/sites\/2\/2020\/08\/Clotilde-des-Gayets-2048x2048-1.jpg\" alt=\"\" width=\"2048\" height=\"2048\" srcset=\"https:\/\/www.fidesco-international.org\/de\/wp-content\/uploads\/sites\/2\/2020\/08\/Clotilde-des-Gayets-2048x2048-1.jpg 2048w, https:\/\/www.fidesco-international.org\/de\/wp-content\/uploads\/sites\/2\/2020\/08\/Clotilde-des-Gayets-2048x2048-1-300x300.jpg 300w, https:\/\/www.fidesco-international.org\/de\/wp-content\/uploads\/sites\/2\/2020\/08\/Clotilde-des-Gayets-2048x2048-1-1024x1024.jpg 1024w, https:\/\/www.fidesco-international.org\/de\/wp-content\/uploads\/sites\/2\/2020\/08\/Clotilde-des-Gayets-2048x2048-1-150x150.jpg 150w, https:\/\/www.fidesco-international.org\/de\/wp-content\/uploads\/sites\/2\/2020\/08\/Clotilde-des-Gayets-2048x2048-1-768x768.jpg 768w, https:\/\/www.fidesco-international.org\/de\/wp-content\/uploads\/sites\/2\/2020\/08\/Clotilde-des-Gayets-2048x2048-1-1536x1536.jpg 1536w, https:\/\/www.fidesco-international.org\/de\/wp-content\/uploads\/sites\/2\/2020\/08\/Clotilde-des-Gayets-2048x2048-1-270x270.jpg 270w, https:\/\/www.fidesco-international.org\/de\/wp-content\/uploads\/sites\/2\/2020\/08\/Clotilde-des-Gayets-2048x2048-1-680x680.jpg 680w, https:\/\/www.fidesco-international.org\/de\/wp-content\/uploads\/sites\/2\/2020\/08\/Clotilde-des-Gayets-2048x2048-1-100x100.jpg 100w\" sizes=\"auto, (max-width: 2048px) 100vw, 2048px\" \/><\/a><\/p>\n<p>Auf meiner Mission in Ruanda in Butare arbeitete ich als Franz\u00f6sischlehrerin und als Sozialhelferin bei den Schwestern der Hilfe f\u00fcr die Seelen im Fegefeuer. Dort habe ich gelernt, dass wir weder unverzichtbar noch unersetzlich sind und dass wir mit Demut unser ganzes Herz in unsere Mission stecken m\u00fcssen! Auf meinem Weg traf ich mutige, intrigante, starke und verletzte Menschen! Es war eine Kultur, die f\u00fcr mich manchmal schwer zu verstehen, beunruhigend und interessant war! Ich stellte auch fest, dass ich in meinen \u00dcberzeugungen ersch\u00fcttert war.<\/p>\n<p>Das Abenteuer Fidesco besteht darin, sich in seinen Gewissheiten ersch\u00fcttern zu lassen und dem\u00fctig eine Begegnung in Wahrheit mit dem anderen zu akzeptieren.<\/p>\n<p>In Butare erhielt ich zu einer Zeit, als ich gerade Gedanken machte wie unserer Mission aufgenommen wurde, unter unserer T\u00fcr einen kleinen Brief, den ein Studentin dort abgelegt hatte! Sie schrieb, dass sie sich bei uns bedankte, weil sie immer einen Hass gegen wei\u00dfe Menschen gehabt hatte, und dass sie bei uns entdeckt hatte, dass sie uns tats\u00e4chlich lieben und als Freunde betrachten konnte!<\/p>\n","protected":false},"excerpt":{"rendered":"<p>Lasst euch ersch\u00fcttern Auf meiner Mission in Ruanda in Butare arbeitete ich als Franz\u00f6sischlehrerin und als Sozialhelferin bei den Schwestern der Hilfe f\u00fcr die Seelen im Fegefeuer. Dort habe ich gelernt, dass wir weder unverzichtbar noch unersetzlich sind und dass wir mit Demut unser ganzes Herz in unsere Mission stecken m\u00fcssen! Auf meinem Weg traf [&hellip;]<\/p>\n","protected":false},"author":9,"featured_media":0,"parent":0,"menu_order":0,"comment_status":"closed","ping_status":"closed","template":"","meta":{"footnotes":""},"class_list":["post-5133","page","type-page","status-publish","hentry"],"acf":[],"_links":{"self":[{"href":"https:\/\/www.fidesco-international.org\/de\/wp-json\/wp\/v2\/pages\/5133","targetHints":{"allow":["GET"]}}],"collection":[{"href":"https:\/\/www.fidesco-international.org\/de\/wp-json\/wp\/v2\/pages"}],"about":[{"href":"https:\/\/www.fidesco-international.org\/de\/wp-json\/wp\/v2\/types\/page"}],"author":[{"embeddable":true,"href":"https:\/\/www.fidesco-international.org\/de\/wp-json\/wp\/v2\/users\/9"}],"replies":[{"embeddable":true,"href":"https:\/\/www.fidesco-international.org\/de\/wp-json\/wp\/v2\/comments?post=5133"}],"version-history":[{"count":2,"href":"https:\/\/www.fidesco-international.org\/de\/wp-json\/wp\/v2\/pages\/5133\/revisions"}],"predecessor-version":[{"id":5138,"href":"https:\/\/www.fidesco-international.org\/de\/wp-json\/wp\/v2\/pages\/5133\/revisions\/5138"}],"wp:attachment":[{"href":"https:\/\/www.fidesco-international.org\/de\/wp-json\/wp\/v2\/media?parent=5133"}],"curies":[{"name":"wp","href":"https:\/\/api.w.org\/{rel}","templated":true}]}}