{"id":5141,"date":"2020-08-31T07:40:39","date_gmt":"2020-08-31T06:40:39","guid":{"rendered":"http:\/\/www.fidesco-international.org\/de\/?page_id=5141"},"modified":"2022-02-01T07:16:50","modified_gmt":"2022-02-01T06:16:50","slug":"florent-stellv-schulleiter-kamerun-2012-2013","status":"publish","type":"page","link":"https:\/\/www.fidesco-international.org\/de\/florent-stellv-schulleiter-kamerun-2012-2013\/","title":{"rendered":"Florent &#8211; stellv. Schulleiter &#8211; Kamerun &#8211; 2012-2013"},"content":{"rendered":"<h4>Lebe gl\u00fccklich und einfach<\/h4>\n<p>&nbsp;<\/p>\n<p><a href=\"https:\/\/www.fidesco-international.org\/de\/wp-content\/uploads\/sites\/2\/2020\/08\/Florent-Allais.jpg\"><img loading=\"lazy\" decoding=\"async\" class=\"alignnone size-full wp-image-5142\" src=\"https:\/\/www.fidesco-international.org\/de\/wp-content\/uploads\/sites\/2\/2020\/08\/Florent-Allais.jpg\" alt=\"\" width=\"1200\" height=\"1200\" srcset=\"https:\/\/www.fidesco-international.org\/de\/wp-content\/uploads\/sites\/2\/2020\/08\/Florent-Allais.jpg 1200w, https:\/\/www.fidesco-international.org\/de\/wp-content\/uploads\/sites\/2\/2020\/08\/Florent-Allais-300x300.jpg 300w, https:\/\/www.fidesco-international.org\/de\/wp-content\/uploads\/sites\/2\/2020\/08\/Florent-Allais-1024x1024.jpg 1024w, https:\/\/www.fidesco-international.org\/de\/wp-content\/uploads\/sites\/2\/2020\/08\/Florent-Allais-150x150.jpg 150w, https:\/\/www.fidesco-international.org\/de\/wp-content\/uploads\/sites\/2\/2020\/08\/Florent-Allais-768x768.jpg 768w, https:\/\/www.fidesco-international.org\/de\/wp-content\/uploads\/sites\/2\/2020\/08\/Florent-Allais-270x270.jpg 270w, https:\/\/www.fidesco-international.org\/de\/wp-content\/uploads\/sites\/2\/2020\/08\/Florent-Allais-680x680.jpg 680w, https:\/\/www.fidesco-international.org\/de\/wp-content\/uploads\/sites\/2\/2020\/08\/Florent-Allais-100x100.jpg 100w\" sizes=\"auto, (max-width: 1200px) 100vw, 1200px\" \/><\/a><\/p>\n<p>&nbsp;<\/p>\n<p><strong>Ich war ein Jahr in Jaunde bei den Johannesbr\u00fcdern auf Mission und arbeitete dort als stellvertretender Schulleiter an einer Mittelschule. Es war ein gl\u00fcckliches und einfaches Leben. <\/strong><\/p>\n<p><strong>Wegen kultureller Unterschiede kam es zwar immer wieder einmal zu Missverst\u00e4ndnissen, aber ich habe gelernt, wie man sie l\u00f6sen kann. Ich lernte tats\u00e4chlich zu lieben und geduldig zu sein. Ich durfte mich dar\u00fcber freuen, selbst der Beschenkte zu sein, und entdeckte auch die Freude am Geben, aber ganz anders als ich es mir vorgestellt hatte.<\/strong><\/p>\n<p><strong>Seit ich wieder zur\u00fcck in Frankreich bin, achte ich darauf, offen f\u00fcr andere zu sein und zu bleiben, im Alltag einen einfachen Lebensstil zu pflegen (Einkaufen, Essen, Konsum \u2026) und in einer dienenden Haltung und im Gebet zu bleiben.<\/strong><\/p>\n<p>&nbsp;<\/p>\n","protected":false},"excerpt":{"rendered":"<p>Lebe gl\u00fccklich und einfach &nbsp; &nbsp; Ich war ein Jahr in Jaunde bei den Johannesbr\u00fcdern auf Mission und arbeitete dort als stellvertretender Schulleiter an einer Mittelschule. Es war ein gl\u00fcckliches und einfaches Leben. Wegen kultureller Unterschiede kam es zwar immer wieder einmal zu Missverst\u00e4ndnissen, aber ich habe gelernt, wie man sie l\u00f6sen kann. Ich lernte [&hellip;]<\/p>\n","protected":false},"author":9,"featured_media":0,"parent":0,"menu_order":0,"comment_status":"closed","ping_status":"closed","template":"","meta":{"footnotes":""},"class_list":["post-5141","page","type-page","status-publish","hentry"],"acf":[],"_links":{"self":[{"href":"https:\/\/www.fidesco-international.org\/de\/wp-json\/wp\/v2\/pages\/5141","targetHints":{"allow":["GET"]}}],"collection":[{"href":"https:\/\/www.fidesco-international.org\/de\/wp-json\/wp\/v2\/pages"}],"about":[{"href":"https:\/\/www.fidesco-international.org\/de\/wp-json\/wp\/v2\/types\/page"}],"author":[{"embeddable":true,"href":"https:\/\/www.fidesco-international.org\/de\/wp-json\/wp\/v2\/users\/9"}],"replies":[{"embeddable":true,"href":"https:\/\/www.fidesco-international.org\/de\/wp-json\/wp\/v2\/comments?post=5141"}],"version-history":[{"count":4,"href":"https:\/\/www.fidesco-international.org\/de\/wp-json\/wp\/v2\/pages\/5141\/revisions"}],"predecessor-version":[{"id":6136,"href":"https:\/\/www.fidesco-international.org\/de\/wp-json\/wp\/v2\/pages\/5141\/revisions\/6136"}],"wp:attachment":[{"href":"https:\/\/www.fidesco-international.org\/de\/wp-json\/wp\/v2\/media?parent=5141"}],"curies":[{"name":"wp","href":"https:\/\/api.w.org\/{rel}","templated":true}]}}