{"id":5150,"date":"2021-11-15T09:34:56","date_gmt":"2021-11-15T08:34:56","guid":{"rendered":"http:\/\/www.fidesco-international.org\/de\/?page_id=5150"},"modified":"2022-02-01T06:47:33","modified_gmt":"2022-02-01T05:47:33","slug":"natacha-verwaltungs-und-buchhaltungsleiterin-benin-2013-2014","status":"publish","type":"page","link":"https:\/\/www.fidesco-international.org\/de\/natacha-verwaltungs-und-buchhaltungsleiterin-benin-2013-2014\/","title":{"rendered":"Natacha &#8211; Verwaltungs- und Buchhaltungsleiterin &#8211; Benin &#8211; 2013-2014"},"content":{"rendered":"<h4>Herzen voller Liebe<\/h4>\n<p>&nbsp;<\/p>\n<p><a href=\"https:\/\/www.fidesco-international.org\/de\/wp-content\/uploads\/sites\/2\/2020\/08\/Natacha-Myscile.jpg\"><img loading=\"lazy\" decoding=\"async\" class=\"alignnone size-full wp-image-5151\" src=\"https:\/\/www.fidesco-international.org\/de\/wp-content\/uploads\/sites\/2\/2020\/08\/Natacha-Myscile.jpg\" alt=\"\" width=\"825\" height=\"825\" srcset=\"https:\/\/www.fidesco-international.org\/de\/wp-content\/uploads\/sites\/2\/2020\/08\/Natacha-Myscile.jpg 825w, https:\/\/www.fidesco-international.org\/de\/wp-content\/uploads\/sites\/2\/2020\/08\/Natacha-Myscile-300x300.jpg 300w, https:\/\/www.fidesco-international.org\/de\/wp-content\/uploads\/sites\/2\/2020\/08\/Natacha-Myscile-150x150.jpg 150w, https:\/\/www.fidesco-international.org\/de\/wp-content\/uploads\/sites\/2\/2020\/08\/Natacha-Myscile-768x768.jpg 768w, https:\/\/www.fidesco-international.org\/de\/wp-content\/uploads\/sites\/2\/2020\/08\/Natacha-Myscile-270x270.jpg 270w, https:\/\/www.fidesco-international.org\/de\/wp-content\/uploads\/sites\/2\/2020\/08\/Natacha-Myscile-680x680.jpg 680w, https:\/\/www.fidesco-international.org\/de\/wp-content\/uploads\/sites\/2\/2020\/08\/Natacha-Myscile-100x100.jpg 100w\" sizes=\"auto, (max-width: 825px) 100vw, 825px\" \/><\/a><\/p>\n<p>&nbsp;<\/p>\n<p><strong>Ich ging mit Fidesco auf Mission und wollte zum Wesentlichen zur\u00fcckfinden und mit anderen teilen. Meine Mission hat mich gelehrt, dass es eine gro\u00dfe Quelle der Freude ist, anderen Menschen zu dienen. Ich war in der Di\u00f6zese Abomey bei den Salesianerinnen von Don Bosco. Dort habe ich Augen und Herzen voller Liebe gefunden, die bereit waren, mehr zu geben als das, was sie hatten.<\/strong><\/p>\n<p><strong>W\u00e4hrend meiner Mission besuchte ich einmal eine Schule im Dorf Com\u00e9. Bei diesem Besuch konnte ich als Schullehrerin improvisieren. Ich sehe immer noch die ganzen Kinder wie sie ihre Tafeln hochheben, um meine Fragen zu beantworten, und ihre leuchtenden Augen, die ganz lernbegierig sind.<\/strong><\/p>\n<p><strong>Heute bin ich Sonderp\u00e4dagogin. Ich habe mit dieser Ausbildung begonnen, als ich aus Benin zur\u00fcckkam. Nun setze ich die Mission mit den Familien fort, die mir anvertraut sind und die ich als Erzieherin begleite.<\/strong><\/p>\n<p>&nbsp;<\/p>\n","protected":false},"excerpt":{"rendered":"<p>Herzen voller Liebe &nbsp; &nbsp; Ich ging mit Fidesco auf Mission und wollte zum Wesentlichen zur\u00fcckfinden und mit anderen teilen. Meine Mission hat mich gelehrt, dass es eine gro\u00dfe Quelle der Freude ist, anderen Menschen zu dienen. Ich war in der Di\u00f6zese Abomey bei den Salesianerinnen von Don Bosco. Dort habe ich Augen und Herzen [&hellip;]<\/p>\n","protected":false},"author":9,"featured_media":0,"parent":0,"menu_order":0,"comment_status":"closed","ping_status":"closed","template":"","meta":{"footnotes":""},"class_list":["post-5150","page","type-page","status-publish","hentry"],"acf":[],"_links":{"self":[{"href":"https:\/\/www.fidesco-international.org\/de\/wp-json\/wp\/v2\/pages\/5150","targetHints":{"allow":["GET"]}}],"collection":[{"href":"https:\/\/www.fidesco-international.org\/de\/wp-json\/wp\/v2\/pages"}],"about":[{"href":"https:\/\/www.fidesco-international.org\/de\/wp-json\/wp\/v2\/types\/page"}],"author":[{"embeddable":true,"href":"https:\/\/www.fidesco-international.org\/de\/wp-json\/wp\/v2\/users\/9"}],"replies":[{"embeddable":true,"href":"https:\/\/www.fidesco-international.org\/de\/wp-json\/wp\/v2\/comments?post=5150"}],"version-history":[{"count":4,"href":"https:\/\/www.fidesco-international.org\/de\/wp-json\/wp\/v2\/pages\/5150\/revisions"}],"predecessor-version":[{"id":6131,"href":"https:\/\/www.fidesco-international.org\/de\/wp-json\/wp\/v2\/pages\/5150\/revisions\/6131"}],"wp:attachment":[{"href":"https:\/\/www.fidesco-international.org\/de\/wp-json\/wp\/v2\/media?parent=5150"}],"curies":[{"name":"wp","href":"https:\/\/api.w.org\/{rel}","templated":true}]}}