{"id":5159,"date":"2020-08-31T09:48:41","date_gmt":"2020-08-31T08:48:41","guid":{"rendered":"http:\/\/www.fidesco-international.org\/de\/?page_id=5159"},"modified":"2022-02-01T09:30:55","modified_gmt":"2022-02-01T08:30:55","slug":"cecile-fundraising-kongo-2014-2017","status":"publish","type":"page","link":"https:\/\/www.fidesco-international.org\/de\/cecile-fundraising-kongo-2014-2017\/","title":{"rendered":"Cecile &#8211; Fundraising &#8211; Kongo &#8211; 2014-2017"},"content":{"rendered":"<h4>Gott l\u00e4sst die Schw\u00e4chsten nie im Stich<\/h4>\n<p>&nbsp;<\/p>\n<p><a href=\"https:\/\/www.fidesco-international.org\/de\/wp-content\/uploads\/sites\/2\/2020\/08\/Cecile-Pichon.jpg\"><img loading=\"lazy\" decoding=\"async\" class=\"alignnone size-full wp-image-5161\" src=\"https:\/\/www.fidesco-international.org\/de\/wp-content\/uploads\/sites\/2\/2020\/08\/Cecile-Pichon.jpg\" alt=\"\" width=\"972\" height=\"971\" srcset=\"https:\/\/www.fidesco-international.org\/de\/wp-content\/uploads\/sites\/2\/2020\/08\/Cecile-Pichon.jpg 972w, https:\/\/www.fidesco-international.org\/de\/wp-content\/uploads\/sites\/2\/2020\/08\/Cecile-Pichon-300x300.jpg 300w, https:\/\/www.fidesco-international.org\/de\/wp-content\/uploads\/sites\/2\/2020\/08\/Cecile-Pichon-150x150.jpg 150w, https:\/\/www.fidesco-international.org\/de\/wp-content\/uploads\/sites\/2\/2020\/08\/Cecile-Pichon-768x767.jpg 768w, https:\/\/www.fidesco-international.org\/de\/wp-content\/uploads\/sites\/2\/2020\/08\/Cecile-Pichon-270x270.jpg 270w, https:\/\/www.fidesco-international.org\/de\/wp-content\/uploads\/sites\/2\/2020\/08\/Cecile-Pichon-681x680.jpg 681w, https:\/\/www.fidesco-international.org\/de\/wp-content\/uploads\/sites\/2\/2020\/08\/Cecile-Pichon-100x100.jpg 100w\" sizes=\"auto, (max-width: 972px) 100vw, 972px\" \/><\/a><\/p>\n<p>&nbsp;<\/p>\n<p><strong>\u201eIch war drei Jahre lang bei der Salesianischen Kongregation von Don Bosco in Lubumbashi. W\u00e4hrend meiner Mission habe ich gelernt, dass Gott die Schw\u00e4chsten nie ohne Hilfe l\u00e4sst!<\/strong><\/p>\n<p><strong>Ich werde Ihnen die Geschichte von &#8222;Prince und der Spinne&#8220; erz\u00e4hlen:<\/strong><\/p>\n<p><strong>Als ich meinen ersten Bericht verfasste, schrieb ich auch dar\u00fcber, dass wir eine L\u00f6sung f\u00fcr Prince finden wollten, einen kleinen behinderten Jungen, der von seiner Familie verlassen wurde und in ein Krankenhaus in Bakanja-Stadt gebracht worden war. Seine Fortschritte, die er nach und nach machte, lie\u00dfen uns warm ums Herz werden. Mit seinem K\u00e4mpfernatur konnte er sich gut verteidigen und lebte aber ein sehr introvertiertes Leben. Trotzdem, wohin mit ihm?<\/strong><\/p>\n<p><strong>Es wurden Kontakte mit der \u00f6rtlichen Vereinigung Balou gekn\u00fcpft, die eine gro\u00dfartige Arbeit mit behinderten Kindern leistet. Sie hatten sich bereit erkl\u00e4rt, ihn aufzunehmen, aber nur unter der Bedingung, dass die Kosten, insbesondere die medizinischen Kosten, \u00fcbernommen w\u00fcrden. Es war eine schwere B\u00fcrde und nur eine halbe L\u00f6sung, zumal Balou sich w\u00e4hrend der Ferien die Kinder nicht betreut. Das Verfahren wurde jedoch auf den Weg gebracht. W\u00e4hrend unsere Sozialarbeiter die notwendigen Schritte beim Sozialamt einleiteten, stellten sie \u00fcberrascht fest, dass Prince den Beh\u00f6rden bekannt war und daraus ergab sich der Kontakt zu einer Familie. Ein Hoffnungsschimmer keimte auf. Leider handelte es sich aber nicht um die Familie von Prince, sondern um eine vor\u00fcbergehende Pflegefamilie, in der er in der Vergangenheit einmal gelebt hatte. Es war nun sogar wieder die Rede davon, ihn wieder in das Krankenhaus zu bringen, das ihn gepflegt und etwa ein Jahr lang aufgenommen hatte. Das l\u00f6ste eine Unruhe aus, besonders wenn man sich an den Zustand erinnerte, in dem Prince zu uns gebracht wurde, und sich seine Entwicklungsperspektiven vorstellte!<\/strong><\/p>\n<p><strong>Und genau zu dem Zeitpunkt wurde ich von einer Spinne gebissen. Ein schlimmer Biss, der mich an ein \u00e4hnliches Ereignis in Asien erinnerte, das damals fast schief gegangen w\u00e4re. Ich folgte dem Ratschlag des damaligen Arztes und entschied, nicht zu lange zu warten, und so besuchte ich gleich Dottoressa Piera in der salesianischen Poliklinik Afia. Das Ergebnis war nichts Ernstes, aber wir kamen ins Gespr\u00e4ch. Dr. Piera, eine Italienerin, die seit \u00fcber 25 Jahren hier lebt, erz\u00e4hlte mir von ihren Katzen und Hunden und von den etwa zwanzig verlassenen Kindern, die sie im Laufe der Jahre von \u00fcberall her aufgelesen hatte, und um die sie sich k\u00fcmmerte. Eins f\u00fchrte zum anderen, ich erz\u00e4hlte ihr von Prince und seiner Epilepsie. Sie sagte mir, ich solle ihn zu einer Untersuchung in die Poliklinik bringen. Und das habe ich getan. Prince wurde versorgt und behandelt und zeigte schnell Anzeichen einer Besserung, er wurde lebhafter und lachte manchmal sogar lauthals, wenn er herumalberte. Dann erfuhren wir nach einigen Wochen, dass Dr. Piera beschlossen hatte, Prince in ihre Pflegefamilie aufzunehmen, damit er sich in einer normalen Umgebung entwickeln kann. Piera hatte sogar schon eine Pflegemutter gefunden, die sich ausschlie\u00dflich um ihn k\u00fcmmern sollte. Welches Gl\u00fcck und was f\u00fcr eine Gro\u00dfz\u00fcgigkeit! Wirklich, man sieht, dass die Schw\u00e4chsten nicht im Stich gelassen werden.<\/strong><\/p>\n<p><strong>Zuletzt habe ich geh\u00f6rt, dass es Prince sehr gut geht und er ein als fr\u00f6hlicher, gut in die Gruppe integrierter Gef\u00e4hrte ist. Er hatte keine epileptischen Anf\u00e4lle mehr. Obwohl Prince seine Grenzen hat, insbesondere was das Sprechen angeht, wird er immer selbstst\u00e4ndiger. Danke also an die Vorsehung, an Dr. Piera &#8230; und an die Spinne, die mich gebissen hat!&#8220;<\/strong><\/p>\n<p>&nbsp;<\/p>\n","protected":false},"excerpt":{"rendered":"<p>Gott l\u00e4sst die Schw\u00e4chsten nie im Stich &nbsp; &nbsp; \u201eIch war drei Jahre lang bei der Salesianischen Kongregation von Don Bosco in Lubumbashi. W\u00e4hrend meiner Mission habe ich gelernt, dass Gott die Schw\u00e4chsten nie ohne Hilfe l\u00e4sst! Ich werde Ihnen die Geschichte von &#8222;Prince und der Spinne&#8220; erz\u00e4hlen: Als ich meinen ersten Bericht verfasste, schrieb [&hellip;]<\/p>\n","protected":false},"author":9,"featured_media":0,"parent":0,"menu_order":0,"comment_status":"closed","ping_status":"closed","template":"","meta":{"footnotes":""},"class_list":["post-5159","page","type-page","status-publish","hentry"],"acf":[],"_links":{"self":[{"href":"https:\/\/www.fidesco-international.org\/de\/wp-json\/wp\/v2\/pages\/5159","targetHints":{"allow":["GET"]}}],"collection":[{"href":"https:\/\/www.fidesco-international.org\/de\/wp-json\/wp\/v2\/pages"}],"about":[{"href":"https:\/\/www.fidesco-international.org\/de\/wp-json\/wp\/v2\/types\/page"}],"author":[{"embeddable":true,"href":"https:\/\/www.fidesco-international.org\/de\/wp-json\/wp\/v2\/users\/9"}],"replies":[{"embeddable":true,"href":"https:\/\/www.fidesco-international.org\/de\/wp-json\/wp\/v2\/comments?post=5159"}],"version-history":[{"count":4,"href":"https:\/\/www.fidesco-international.org\/de\/wp-json\/wp\/v2\/pages\/5159\/revisions"}],"predecessor-version":[{"id":6139,"href":"https:\/\/www.fidesco-international.org\/de\/wp-json\/wp\/v2\/pages\/5159\/revisions\/6139"}],"wp:attachment":[{"href":"https:\/\/www.fidesco-international.org\/de\/wp-json\/wp\/v2\/media?parent=5159"}],"curies":[{"name":"wp","href":"https:\/\/api.w.org\/{rel}","templated":true}]}}