{"id":5164,"date":"2020-08-31T09:58:34","date_gmt":"2020-08-31T08:58:34","guid":{"rendered":"http:\/\/www.fidesco-international.org\/de\/?page_id=5164"},"modified":"2022-02-01T07:44:07","modified_gmt":"2022-02-01T06:44:07","slug":"mathieu-buchhalter-philippinen-2014-2016","status":"publish","type":"page","link":"https:\/\/www.fidesco-international.org\/de\/mathieu-buchhalter-philippinen-2014-2016\/","title":{"rendered":"Mathieu &#8211; Buchhalter &#8211; Philippinen &#8211; 2014-2016"},"content":{"rendered":"<h4>Eine Einheit des Lebens<\/h4>\n<p>&nbsp;<\/p>\n<p><a href=\"https:\/\/www.fidesco-international.org\/de\/wp-content\/uploads\/sites\/2\/2020\/08\/Mathieu-Cottet.jpg\"><img loading=\"lazy\" decoding=\"async\" class=\"alignnone size-full wp-image-5165\" src=\"https:\/\/www.fidesco-international.org\/de\/wp-content\/uploads\/sites\/2\/2020\/08\/Mathieu-Cottet.jpg\" alt=\"\" width=\"642\" height=\"641\" srcset=\"https:\/\/www.fidesco-international.org\/de\/wp-content\/uploads\/sites\/2\/2020\/08\/Mathieu-Cottet.jpg 642w, https:\/\/www.fidesco-international.org\/de\/wp-content\/uploads\/sites\/2\/2020\/08\/Mathieu-Cottet-300x300.jpg 300w, https:\/\/www.fidesco-international.org\/de\/wp-content\/uploads\/sites\/2\/2020\/08\/Mathieu-Cottet-150x150.jpg 150w, https:\/\/www.fidesco-international.org\/de\/wp-content\/uploads\/sites\/2\/2020\/08\/Mathieu-Cottet-270x270.jpg 270w, https:\/\/www.fidesco-international.org\/de\/wp-content\/uploads\/sites\/2\/2020\/08\/Mathieu-Cottet-100x100.jpg 100w\" sizes=\"auto, (max-width: 642px) 100vw, 642px\" \/><\/a><\/p>\n<p>&nbsp;<\/p>\n<p><strong>Wir waren mit der ganzen Familie zwei Jahre lang bei der philippinischen Stiftung &#8222;Anak-TNK&#8220; auf Mission. Ich machte dort die Erfahrung, dass mein Leben zu einer echten Einheit wurde: beruflich, famili\u00e4r, freundschaftlich und spirituell. Ich lernte, zu empfangen, ich lernte Geduld, Verlassenheit, Freude, Familiengebet und die Freude, im gegenw\u00e4rtigen Augenblick zu leben.<\/strong><\/p>\n<p><strong>Am Ende unserer Mission hatten wir &#8222;despedidas&#8220; (Abschiedsfeiern) organisiert, die in den verschiedenen Stra\u00dfenkinderzentren der Stiftung stattfanden. Ein kleines M\u00e4dchen kam zu uns und sagte in Tagalog einfach: &#8222;Danke, dass ihr eine Familie seid!&#8220; Sie dankte mir nicht f\u00fcr die zwei Jahre als Buchhalter, in der ich das Geld der Stiftung so gut wie m\u00f6glich verwaltet hatte &#8230; sondern f\u00fcr die Zeit, die sie mit unseren Kindern im Zentrum beim Spielen verbracht hatte. Vielleicht wird sie deshalb doch in Zukunft eine Familie gr\u00fcnden? Sie, die von ihrer Familie missbraucht worden war &#8230;<\/strong><\/p>\n<p>&nbsp;<\/p>\n","protected":false},"excerpt":{"rendered":"<p>Eine Einheit des Lebens &nbsp; &nbsp; Wir waren mit der ganzen Familie zwei Jahre lang bei der philippinischen Stiftung &#8222;Anak-TNK&#8220; auf Mission. Ich machte dort die Erfahrung, dass mein Leben zu einer echten Einheit wurde: beruflich, famili\u00e4r, freundschaftlich und spirituell. Ich lernte, zu empfangen, ich lernte Geduld, Verlassenheit, Freude, Familiengebet und die Freude, im gegenw\u00e4rtigen [&hellip;]<\/p>\n","protected":false},"author":9,"featured_media":0,"parent":0,"menu_order":0,"comment_status":"closed","ping_status":"closed","template":"","meta":{"footnotes":""},"class_list":["post-5164","page","type-page","status-publish","hentry"],"acf":[],"_links":{"self":[{"href":"https:\/\/www.fidesco-international.org\/de\/wp-json\/wp\/v2\/pages\/5164","targetHints":{"allow":["GET"]}}],"collection":[{"href":"https:\/\/www.fidesco-international.org\/de\/wp-json\/wp\/v2\/pages"}],"about":[{"href":"https:\/\/www.fidesco-international.org\/de\/wp-json\/wp\/v2\/types\/page"}],"author":[{"embeddable":true,"href":"https:\/\/www.fidesco-international.org\/de\/wp-json\/wp\/v2\/users\/9"}],"replies":[{"embeddable":true,"href":"https:\/\/www.fidesco-international.org\/de\/wp-json\/wp\/v2\/comments?post=5164"}],"version-history":[{"count":4,"href":"https:\/\/www.fidesco-international.org\/de\/wp-json\/wp\/v2\/pages\/5164\/revisions"}],"predecessor-version":[{"id":6138,"href":"https:\/\/www.fidesco-international.org\/de\/wp-json\/wp\/v2\/pages\/5164\/revisions\/6138"}],"wp:attachment":[{"href":"https:\/\/www.fidesco-international.org\/de\/wp-json\/wp\/v2\/media?parent=5164"}],"curies":[{"name":"wp","href":"https:\/\/api.w.org\/{rel}","templated":true}]}}