{"id":5169,"date":"2020-08-31T10:26:28","date_gmt":"2020-08-31T09:26:28","guid":{"rendered":"http:\/\/www.fidesco-international.org\/de\/?page_id=5169"},"modified":"2022-02-01T11:37:41","modified_gmt":"2022-02-01T10:37:41","slug":"domitille-krankenschwester-kamerun-2014-2016","status":"publish","type":"page","link":"https:\/\/www.fidesco-international.org\/de\/domitille-krankenschwester-kamerun-2014-2016\/","title":{"rendered":"Domitille &#8211; Krankenschwester &#8211; Kamerun &#8211; 2014-2016"},"content":{"rendered":"<h4>Ein Blick, der h\u00e4ngen bleibt<\/h4>\n<p>&nbsp;<\/p>\n<p><a href=\"https:\/\/www.fidesco-international.org\/de\/wp-content\/uploads\/sites\/2\/2020\/08\/Domitille-de-Chabot-2048x2048-1.jpg\"><img loading=\"lazy\" decoding=\"async\" class=\"alignnone size-full wp-image-5170\" src=\"https:\/\/www.fidesco-international.org\/de\/wp-content\/uploads\/sites\/2\/2020\/08\/Domitille-de-Chabot-2048x2048-1.jpg\" alt=\"\" width=\"2048\" height=\"2048\" srcset=\"https:\/\/www.fidesco-international.org\/de\/wp-content\/uploads\/sites\/2\/2020\/08\/Domitille-de-Chabot-2048x2048-1.jpg 2048w, https:\/\/www.fidesco-international.org\/de\/wp-content\/uploads\/sites\/2\/2020\/08\/Domitille-de-Chabot-2048x2048-1-300x300.jpg 300w, https:\/\/www.fidesco-international.org\/de\/wp-content\/uploads\/sites\/2\/2020\/08\/Domitille-de-Chabot-2048x2048-1-1024x1024.jpg 1024w, https:\/\/www.fidesco-international.org\/de\/wp-content\/uploads\/sites\/2\/2020\/08\/Domitille-de-Chabot-2048x2048-1-150x150.jpg 150w, https:\/\/www.fidesco-international.org\/de\/wp-content\/uploads\/sites\/2\/2020\/08\/Domitille-de-Chabot-2048x2048-1-768x768.jpg 768w, https:\/\/www.fidesco-international.org\/de\/wp-content\/uploads\/sites\/2\/2020\/08\/Domitille-de-Chabot-2048x2048-1-1536x1536.jpg 1536w, https:\/\/www.fidesco-international.org\/de\/wp-content\/uploads\/sites\/2\/2020\/08\/Domitille-de-Chabot-2048x2048-1-270x270.jpg 270w, https:\/\/www.fidesco-international.org\/de\/wp-content\/uploads\/sites\/2\/2020\/08\/Domitille-de-Chabot-2048x2048-1-680x680.jpg 680w, https:\/\/www.fidesco-international.org\/de\/wp-content\/uploads\/sites\/2\/2020\/08\/Domitille-de-Chabot-2048x2048-1-100x100.jpg 100w\" sizes=\"auto, (max-width: 2048px) 100vw, 2048px\" \/><\/a><\/p>\n<p>&nbsp;<\/p>\n<p><strong>Nach und nach, im Laufe der Mission, bin ich in der Hoffnung gewachsen. Wir fanden uns oft in Situationen wieder, in denen es nach menschlichem Ermessen nicht mehr viel Hoffnung gab. Wir haben begriffen, dass man in diesem Moment eine Wahl treffen muss: in Kritik und Resignation zu verfallen oder sich f\u00fcr die Hoffnung zu entscheiden. Diese kleine Flamme, die tief in uns fl\u00fcstert, dass f\u00fcr Gott nichts unm\u00f6glich ist und dass alles in seiner Hand liegt \u2026 Welch eine Gnade ist es auch heute noch, immer mit dieser Hoffnung verbunden zu sein: Hoffnung f\u00fcr unsere Welt, f\u00fcr die Kirche, f\u00fcr unsere Kinder, f\u00fcr uns als Ehepaar, f\u00fcr unsere Familie, f\u00fcr unsere Arbeit\u2026 Das ist das Geschenk der Mission.<\/strong><\/p>\n<p><strong>Eine Begegnung hat mich tief gepr\u00e4gt, die mit einer jungen Frau: Mirabelle. Sie war seit mehreren Jahren HIV-positiv und wurde mal besser und mal schlechter behandelt. Ich traf sie zum ersten Mal, als sie mit ihrem sechs Monate alten Baby kam, um sich beraten zu lassen. Ihr Baby war stark unterern\u00e4hrt. Schon ihr erstes Kind war ein Jahr zuvor unter den gleichen Bedingungen gestorben. Sie war in einem gro\u00dfen menschlichen und sozialen Elend. Der Kontakt zu ihr war schwierig, denn sie war sehr zur\u00fcckhaltend, sah mich nie an und senkte ihren Blick die ganze Zeit, wenn wir uns trafen. aben wir sie vier Monate lang aus den Augen verloren. Als sie wieder kam sagte sie, ihr Baby sei gestorben und sie sei wieder schwanger.<\/strong><\/p>\n<p><strong>Daraufhin beschloss ich, meine ganze Energie, Liebe und Geduld darauf zu verwenden, dass ihre Schwangerschaft gut verlaufen sollte und dass dieses Kind leben w\u00fcrde! W\u00e4hrend ihrer Schwangerschaft und dann in den ersten Lebensmonaten ihres Babys begleitete ich sie und gab ihr Tipps zum Stillen. Emmanuel ihr kleiner Sohn hat sehr gut zugenommen und ich gratulierte ihr jedes Mal. Sie kam regelm\u00e4\u00dfig zu unseren Treffen, aber sie war immer sehr still und ohne mich je anzusehen, immer mit gesenktem Blick. Ihr Baby war inzwischen sechs Monate alt, hatte die Entw\u00f6hnungsphase gut \u00fcberstanden und nahm weiter an Gewicht zu. Und vor allem: Der erste HIV-Test war negativ! Was f\u00fcr eine Freude! Im Juli sah ich sie zum letzten Mal, und ich hatte ein Paket mit Kleidern f\u00fcr Emmanuel zusammengestellt. Ich schenkte es ihr und sagte, dass ich mich freuen w\u00fcrde, wenn Emmanuel die Kleider meines Sohnes Guilhem tragen k\u00f6nnte. In diesem Moment fing sie an zu weinen, hob ihren Blick und schaute mir direkt in die Augen. Sie sagte mir, dass sie sich an mich gew\u00f6hnt habe und dass wir Freunde seien. Dann begann sie zu reden und erz\u00e4hlte mir von ihrem Leben. Ich war sehr bewegt! Der Blick von Mirabelle war ein au\u00dfergew\u00f6hnliches Geschenk f\u00fcr mich. Dieser Blick als Gegenleistung f\u00fcr zwei Jahre Mission&#8230; das reicht mir!<\/strong><\/p>\n<p>&nbsp;<\/p>\n","protected":false},"excerpt":{"rendered":"<p>Ein Blick, der h\u00e4ngen bleibt &nbsp; &nbsp; Nach und nach, im Laufe der Mission, bin ich in der Hoffnung gewachsen. Wir fanden uns oft in Situationen wieder, in denen es nach menschlichem Ermessen nicht mehr viel Hoffnung gab. Wir haben begriffen, dass man in diesem Moment eine Wahl treffen muss: in Kritik und Resignation zu [&hellip;]<\/p>\n","protected":false},"author":9,"featured_media":0,"parent":0,"menu_order":0,"comment_status":"closed","ping_status":"closed","template":"","meta":{"footnotes":""},"class_list":["post-5169","page","type-page","status-publish","hentry"],"acf":[],"_links":{"self":[{"href":"https:\/\/www.fidesco-international.org\/de\/wp-json\/wp\/v2\/pages\/5169","targetHints":{"allow":["GET"]}}],"collection":[{"href":"https:\/\/www.fidesco-international.org\/de\/wp-json\/wp\/v2\/pages"}],"about":[{"href":"https:\/\/www.fidesco-international.org\/de\/wp-json\/wp\/v2\/types\/page"}],"author":[{"embeddable":true,"href":"https:\/\/www.fidesco-international.org\/de\/wp-json\/wp\/v2\/users\/9"}],"replies":[{"embeddable":true,"href":"https:\/\/www.fidesco-international.org\/de\/wp-json\/wp\/v2\/comments?post=5169"}],"version-history":[{"count":4,"href":"https:\/\/www.fidesco-international.org\/de\/wp-json\/wp\/v2\/pages\/5169\/revisions"}],"predecessor-version":[{"id":6143,"href":"https:\/\/www.fidesco-international.org\/de\/wp-json\/wp\/v2\/pages\/5169\/revisions\/6143"}],"wp:attachment":[{"href":"https:\/\/www.fidesco-international.org\/de\/wp-json\/wp\/v2\/media?parent=5169"}],"curies":[{"name":"wp","href":"https:\/\/api.w.org\/{rel}","templated":true}]}}