{"id":5172,"date":"2020-08-31T10:39:15","date_gmt":"2020-08-31T09:39:15","guid":{"rendered":"http:\/\/www.fidesco-international.org\/de\/?page_id=5172"},"modified":"2022-02-01T10:59:28","modified_gmt":"2022-02-01T09:59:28","slug":"aude-behindertenassistentin-suedafrika-2015-2017","status":"publish","type":"page","link":"https:\/\/www.fidesco-international.org\/de\/aude-behindertenassistentin-suedafrika-2015-2017\/","title":{"rendered":"Aude &#8211; Behindertenassistentin &#8211; S\u00fcdafrika &#8211; 2015-2017"},"content":{"rendered":"<h4>Freude im \u00dcberfluss<\/h4>\n<p>&nbsp;<\/p>\n<p><a href=\"https:\/\/www.fidesco-international.org\/de\/wp-content\/uploads\/sites\/2\/2020\/08\/Aude-de-Guerny-2048x2048-1.jpg\"><img loading=\"lazy\" decoding=\"async\" class=\"alignnone size-full wp-image-5173\" src=\"https:\/\/www.fidesco-international.org\/de\/wp-content\/uploads\/sites\/2\/2020\/08\/Aude-de-Guerny-2048x2048-1.jpg\" alt=\"\" width=\"2048\" height=\"2048\" \/><\/a><\/p>\n<p>&nbsp;<\/p>\n<p><strong>Zusammen mit meinem Mann und unseren beiden Kindern war ich zwei Jahre lang in S\u00fcdafrika in Johannesburg. Wir haben in <em>Little Eden<\/em> gearbeitet, einem Heim f\u00fcr Erwachsene und Kinder mit Behinderungen.<\/strong><\/p>\n<p><strong>W\u00e4hrend dieser Mission habe ich viel von den Menschen mit Behinderungen bekommen! Sie haben mich verwandelt \u2026 Sie sind immer fr\u00f6hlich, gl\u00fccklich und sie beschweren sich nie, obwohl sie so gut wie nichts haben. \u201eMan muss unter allen Umst\u00e4nden fr\u00f6hlich sein,\u201c das habe ich gelernt!<\/strong><\/p>\n<p><strong>Ich habe auch verstanden, dass ich nicht unbedingt auf einer Mission bin, um gro\u00dfartige Dinge zu verwirklichen, sondern einfach da bin, um den Menschen hier zur Seite zu stehen!<\/strong><\/p>\n<p><strong>Wenn ich zusammenfassen soll, was ich von meiner Mission mitnehme, ist es ein Wort: Freude!<\/strong><\/p>\n<p><strong>Zun\u00e4chst die Freude der Bewohner, die mich morgens in <em>Little Eden<\/em> mit einem wundersch\u00f6nen L\u00e4cheln begr\u00fc\u00dften! Sie waren froh, hier zu sein. Und das obwohl sie gr\u00f6\u00dftenteils weder gehen noch sprechen konnten und meist Waisen oder verlassene Kinder waren \u2026 Aber sie waren immer gl\u00fccklich und ihre Freude war ansteckend!<\/strong><\/p>\n<p><strong>Als n\u00e4chstes m\u00f6chte ich \u00fcber die Freude meiner Kollegen sprechen! Sie waren immer gl\u00fccklich und sangen die ganze Zeit! Und dabei standen sie um 4 Uhr morgens auf, hatten einen schwierigen Job und ein Leben, das nicht immer einfach war\u2026. Aber sie haben sich nie beschwert und das hat mich sehr ber\u00fchrt.<\/strong><\/p>\n<p><strong>Und zum Schluss will ich \u00fcber meine Freude sprechen! Freude, die zu Beginn der Mission sehr zaghaft war\u2026! Ich hatte n\u00e4mlich viele Fragen. Ich wollte etwas ver\u00e4ndern, viele Dinge tun \u2026 Und dann gab es einige Dinge, die ich nicht verstanden habe. Warum machten sie es blo\u00df so und nicht besser so?<\/strong><\/p>\n<p><strong>Und dann habe ich verstanden, dass es gar nicht meine Aufgabe ist, gro\u00dfe Dinge zu tun oder Dinge zu ver\u00e4ndern \u2026 sondern im Gegenteil, loszulassen und offen zu sein! Und f\u00fcr die Bewohnern da zu sein und ihnen Freude zu bringen! Freude, die ich auch im \u00dcberfluss bekommen habe!<\/strong><\/p>\n<p><strong>Ich wurde im Laufe meiner Mission mit Freude erf\u00fcllt! Freude, die von anderen kam, aber auch von Gott!<\/strong><\/p>\n<p>&nbsp;<\/p>\n","protected":false},"excerpt":{"rendered":"<p>Freude im \u00dcberfluss &nbsp; &nbsp; Zusammen mit meinem Mann und unseren beiden Kindern war ich zwei Jahre lang in S\u00fcdafrika in Johannesburg. Wir haben in Little Eden gearbeitet, einem Heim f\u00fcr Erwachsene und Kinder mit Behinderungen. W\u00e4hrend dieser Mission habe ich viel von den Menschen mit Behinderungen bekommen! Sie haben mich verwandelt \u2026 Sie sind [&hellip;]<\/p>\n","protected":false},"author":9,"featured_media":0,"parent":0,"menu_order":0,"comment_status":"closed","ping_status":"closed","template":"","meta":{"footnotes":""},"class_list":["post-5172","page","type-page","status-publish","hentry"],"acf":[],"_links":{"self":[{"href":"https:\/\/www.fidesco-international.org\/de\/wp-json\/wp\/v2\/pages\/5172","targetHints":{"allow":["GET"]}}],"collection":[{"href":"https:\/\/www.fidesco-international.org\/de\/wp-json\/wp\/v2\/pages"}],"about":[{"href":"https:\/\/www.fidesco-international.org\/de\/wp-json\/wp\/v2\/types\/page"}],"author":[{"embeddable":true,"href":"https:\/\/www.fidesco-international.org\/de\/wp-json\/wp\/v2\/users\/9"}],"replies":[{"embeddable":true,"href":"https:\/\/www.fidesco-international.org\/de\/wp-json\/wp\/v2\/comments?post=5172"}],"version-history":[{"count":7,"href":"https:\/\/www.fidesco-international.org\/de\/wp-json\/wp\/v2\/pages\/5172\/revisions"}],"predecessor-version":[{"id":6142,"href":"https:\/\/www.fidesco-international.org\/de\/wp-json\/wp\/v2\/pages\/5172\/revisions\/6142"}],"wp:attachment":[{"href":"https:\/\/www.fidesco-international.org\/de\/wp-json\/wp\/v2\/media?parent=5172"}],"curies":[{"name":"wp","href":"https:\/\/api.w.org\/{rel}","templated":true}]}}