{"id":5178,"date":"2020-08-31T10:54:10","date_gmt":"2020-08-31T09:54:10","guid":{"rendered":"http:\/\/www.fidesco-international.org\/de\/?page_id=5178"},"modified":"2022-02-01T09:54:30","modified_gmt":"2022-02-01T08:54:30","slug":"vincent-gartenbautechniker-ruanda-2015-2017","status":"publish","type":"page","link":"https:\/\/www.fidesco-international.org\/de\/vincent-gartenbautechniker-ruanda-2015-2017\/","title":{"rendered":"Vincent &#8211; Gartenbautechniker &#8211; Ruanda 2015-2017"},"content":{"rendered":"<h4>Der Wunsch, zur\u00fcckzugehen!<\/h4>\n<p>&nbsp;<\/p>\n<p><a href=\"https:\/\/www.fidesco-international.org\/de\/wp-content\/uploads\/sites\/2\/2020\/08\/Vincent-Lafargue.jpg\"><img loading=\"lazy\" decoding=\"async\" class=\"alignnone size-full wp-image-5179\" src=\"https:\/\/www.fidesco-international.org\/de\/wp-content\/uploads\/sites\/2\/2020\/08\/Vincent-Lafargue.jpg\" alt=\"\" width=\"637\" height=\"636\" srcset=\"https:\/\/www.fidesco-international.org\/de\/wp-content\/uploads\/sites\/2\/2020\/08\/Vincent-Lafargue.jpg 637w, https:\/\/www.fidesco-international.org\/de\/wp-content\/uploads\/sites\/2\/2020\/08\/Vincent-Lafargue-300x300.jpg 300w, https:\/\/www.fidesco-international.org\/de\/wp-content\/uploads\/sites\/2\/2020\/08\/Vincent-Lafargue-150x150.jpg 150w, https:\/\/www.fidesco-international.org\/de\/wp-content\/uploads\/sites\/2\/2020\/08\/Vincent-Lafargue-270x270.jpg 270w, https:\/\/www.fidesco-international.org\/de\/wp-content\/uploads\/sites\/2\/2020\/08\/Vincent-Lafargue-100x100.jpg 100w\" sizes=\"auto, (max-width: 637px) 100vw, 637px\" \/><\/a><\/p>\n<p>&nbsp;<\/p>\n<p><strong>Ich ging f\u00fcr zwei Jahre nach Kigali und wollte mich selbst \u00fcbertreffen, barmherziger sein, ein geschwisterliches Leben f\u00fchren &#8230; und ein Quentchen Abwechslung ins Leben bringen!<\/strong><\/p>\n<p><strong>An Ort und Stelle habe ich unglaubliche Menschen getroffen. <span class=\"jlqj4b\">Und ich habe gelernt, ich selbst zu sein, indem ich mit allen um mich herum aufmerksam und behutsam umgehe!<\/span><\/strong><\/p>\n<p><strong>Heute versuche ich, die Mission jeden Tag in den kleinen Dingen zu leben. Zum 40. Jahrestag von Fidesco versetze ich mich gerne zur\u00fcck und denke \u00fcber alles nach.<\/strong><\/p>\n<p>&nbsp;<\/p>\n","protected":false},"excerpt":{"rendered":"<p>Der Wunsch, zur\u00fcckzugehen! &nbsp; &nbsp; Ich ging f\u00fcr zwei Jahre nach Kigali und wollte mich selbst \u00fcbertreffen, barmherziger sein, ein geschwisterliches Leben f\u00fchren &#8230; und ein Quentchen Abwechslung ins Leben bringen! An Ort und Stelle habe ich unglaubliche Menschen getroffen. Und ich habe gelernt, ich selbst zu sein, indem ich mit allen um mich herum [&hellip;]<\/p>\n","protected":false},"author":9,"featured_media":0,"parent":0,"menu_order":0,"comment_status":"closed","ping_status":"closed","template":"","meta":{"footnotes":""},"class_list":["post-5178","page","type-page","status-publish","hentry"],"acf":[],"_links":{"self":[{"href":"https:\/\/www.fidesco-international.org\/de\/wp-json\/wp\/v2\/pages\/5178","targetHints":{"allow":["GET"]}}],"collection":[{"href":"https:\/\/www.fidesco-international.org\/de\/wp-json\/wp\/v2\/pages"}],"about":[{"href":"https:\/\/www.fidesco-international.org\/de\/wp-json\/wp\/v2\/types\/page"}],"author":[{"embeddable":true,"href":"https:\/\/www.fidesco-international.org\/de\/wp-json\/wp\/v2\/users\/9"}],"replies":[{"embeddable":true,"href":"https:\/\/www.fidesco-international.org\/de\/wp-json\/wp\/v2\/comments?post=5178"}],"version-history":[{"count":4,"href":"https:\/\/www.fidesco-international.org\/de\/wp-json\/wp\/v2\/pages\/5178\/revisions"}],"predecessor-version":[{"id":6141,"href":"https:\/\/www.fidesco-international.org\/de\/wp-json\/wp\/v2\/pages\/5178\/revisions\/6141"}],"wp:attachment":[{"href":"https:\/\/www.fidesco-international.org\/de\/wp-json\/wp\/v2\/media?parent=5178"}],"curies":[{"name":"wp","href":"https:\/\/api.w.org\/{rel}","templated":true}]}}