{"id":5193,"date":"2020-09-02T06:30:44","date_gmt":"2020-09-02T05:30:44","guid":{"rendered":"http:\/\/www.fidesco-international.org\/de\/?page_id=5193"},"modified":"2022-02-04T10:09:01","modified_gmt":"2022-02-04T09:09:01","slug":"francois-schulleiter-sambia-2016-2017","status":"publish","type":"page","link":"https:\/\/www.fidesco-international.org\/de\/francois-schulleiter-sambia-2016-2017\/","title":{"rendered":"Francois &#8211; Schulleiter &#8211; Sambia &#8211; 2016-2017"},"content":{"rendered":"<h4>Der Sprung ins Ungewisse<\/h4>\n<p>&nbsp;<\/p>\n<p><a href=\"https:\/\/www.fidesco-international.org\/de\/wp-content\/uploads\/sites\/2\/2020\/09\/Francois-Fraye-2048x2048-1.jpg\"><img loading=\"lazy\" decoding=\"async\" class=\"alignnone size-full wp-image-5194\" src=\"https:\/\/www.fidesco-international.org\/de\/wp-content\/uploads\/sites\/2\/2020\/09\/Francois-Fraye-2048x2048-1.jpg\" alt=\"\" width=\"2048\" height=\"2048\" srcset=\"https:\/\/www.fidesco-international.org\/de\/wp-content\/uploads\/sites\/2\/2020\/09\/Francois-Fraye-2048x2048-1.jpg 2048w, https:\/\/www.fidesco-international.org\/de\/wp-content\/uploads\/sites\/2\/2020\/09\/Francois-Fraye-2048x2048-1-300x300.jpg 300w, https:\/\/www.fidesco-international.org\/de\/wp-content\/uploads\/sites\/2\/2020\/09\/Francois-Fraye-2048x2048-1-1024x1024.jpg 1024w, https:\/\/www.fidesco-international.org\/de\/wp-content\/uploads\/sites\/2\/2020\/09\/Francois-Fraye-2048x2048-1-150x150.jpg 150w, https:\/\/www.fidesco-international.org\/de\/wp-content\/uploads\/sites\/2\/2020\/09\/Francois-Fraye-2048x2048-1-768x768.jpg 768w, https:\/\/www.fidesco-international.org\/de\/wp-content\/uploads\/sites\/2\/2020\/09\/Francois-Fraye-2048x2048-1-1536x1536.jpg 1536w, https:\/\/www.fidesco-international.org\/de\/wp-content\/uploads\/sites\/2\/2020\/09\/Francois-Fraye-2048x2048-1-270x270.jpg 270w, https:\/\/www.fidesco-international.org\/de\/wp-content\/uploads\/sites\/2\/2020\/09\/Francois-Fraye-2048x2048-1-680x680.jpg 680w, https:\/\/www.fidesco-international.org\/de\/wp-content\/uploads\/sites\/2\/2020\/09\/Francois-Fraye-2048x2048-1-100x100.jpg 100w\" sizes=\"auto, (max-width: 2048px) 100vw, 2048px\" \/><\/a><\/p>\n<p>&nbsp;<\/p>\n<p><strong>Als ich in Rente ging, wollte ich mich in ein Fidesco-Abenteuer st\u00fcrzen und in einem afrikanischen Land ein wenig von meiner verf\u00fcgbaren Zeit in einem bed\u00fcrftigen, christlichen Umfeld einbringen.<\/strong><\/p>\n<p><strong>W\u00e4hrend meiner Mission in Chikowa machte ich die sch\u00f6ne Erfahrung wie Missionare in der Realit\u00e4t leben &#8211; weit entfernt von traditionellen Klischees. Ich lebte mit einem Team von f\u00fcnf Fidesco-Volont\u00e4ren zusammen. Sie waren zwar alle viel j\u00fcnger als ich, aber voller Verst\u00e4ndnis f\u00fcr mich. Sie haben mich w\u00e4hrend unserer gemeinsamen Zeit sehr unterst\u00fctzt. Au\u00dferdem lernte ich dort eine Gruppe junger, sambischer Studenten kennen, die zwar wie alle jungen Menschen, gepr\u00e4gt von der Moderne und Kinder ihrer Zeit sind, aber dennoch offen, hilfsbereit und warmherzig waren.<\/strong><\/p>\n<p><strong>Wenn ich dieses Abenteuer zusammenfassen m\u00fcsste, w\u00fcrde ich sagen: ein Sprung ins Ungewisse, aber mit einem guten Fallschirm (ich bin ehemaliger Fallschirmj\u00e4ger), und mit der Gewissheit, als Lohn f\u00fcr \u00c4ngste und Anstrengungen, gut auf der Erde anzukommen. Ja, das passt gut, oder auch: Fidesco ist ein bisschen wie das Eintauchen ins Unbekannte, das uns viel abverlangt, von dem wir aber sp\u00e4ter unseren Nutzen ziehen werden.<\/strong><\/p>\n<p><strong>Aber wie kann ich daheim, um es mit Papst Franziskus zu sagen, ein missionarischer J\u00fcnger sein?<\/strong><br \/>\n<strong>Meine Di\u00f6zese und meine Pfarrei haben mich bei meiner Ausreise gut begleitet. Nun profitieren sie von meiner Mitarbeit bei einer Reihe von Aufgaben, die eher administrativer Art sind (auch das ist notwendig), wie zum Beispiel: Im Bereich der Diakonie, bei der Aufnahme von Studenten in katholischen Wohnheimen, der Mitwirkung an pastoralen Projekten usw. Es sind alles Aufgaben, die unsere Seelsorger entlasten, die sehr gefordert sind, und die wir, in diesen f\u00fcr unsere Kirche schwierigen Zeiten, vertrauensvoll unterst\u00fctzen m\u00fcssen.<\/strong><\/p>\n<p>&nbsp;<\/p>\n<p>&nbsp;<\/p>\n<p><span class=\"VIiyi\" lang=\"de\"><span class=\"JLqJ4b\" data-language-for-alternatives=\"de\" data-language-to-translate-into=\"fr\" data-phrase-index=\"0\" data-number-of-phrases=\"1\">\u00a0<\/span><\/span><\/p>\n","protected":false},"excerpt":{"rendered":"<p>Der Sprung ins Ungewisse &nbsp; &nbsp; Als ich in Rente ging, wollte ich mich in ein Fidesco-Abenteuer st\u00fcrzen und in einem afrikanischen Land ein wenig von meiner verf\u00fcgbaren Zeit in einem bed\u00fcrftigen, christlichen Umfeld einbringen. W\u00e4hrend meiner Mission in Chikowa machte ich die sch\u00f6ne Erfahrung wie Missionare in der Realit\u00e4t leben &#8211; weit entfernt von [&hellip;]<\/p>\n","protected":false},"author":9,"featured_media":0,"parent":0,"menu_order":0,"comment_status":"closed","ping_status":"closed","template":"","meta":{"footnotes":""},"class_list":["post-5193","page","type-page","status-publish","hentry"],"acf":[],"_links":{"self":[{"href":"https:\/\/www.fidesco-international.org\/de\/wp-json\/wp\/v2\/pages\/5193","targetHints":{"allow":["GET"]}}],"collection":[{"href":"https:\/\/www.fidesco-international.org\/de\/wp-json\/wp\/v2\/pages"}],"about":[{"href":"https:\/\/www.fidesco-international.org\/de\/wp-json\/wp\/v2\/types\/page"}],"author":[{"embeddable":true,"href":"https:\/\/www.fidesco-international.org\/de\/wp-json\/wp\/v2\/users\/9"}],"replies":[{"embeddable":true,"href":"https:\/\/www.fidesco-international.org\/de\/wp-json\/wp\/v2\/comments?post=5193"}],"version-history":[{"count":5,"href":"https:\/\/www.fidesco-international.org\/de\/wp-json\/wp\/v2\/pages\/5193\/revisions"}],"predecessor-version":[{"id":6148,"href":"https:\/\/www.fidesco-international.org\/de\/wp-json\/wp\/v2\/pages\/5193\/revisions\/6148"}],"wp:attachment":[{"href":"https:\/\/www.fidesco-international.org\/de\/wp-json\/wp\/v2\/media?parent=5193"}],"curies":[{"name":"wp","href":"https:\/\/api.w.org\/{rel}","templated":true}]}}