{"id":5198,"date":"2020-09-02T06:34:17","date_gmt":"2020-09-02T05:34:17","guid":{"rendered":"http:\/\/www.fidesco-international.org\/de\/?page_id=5198"},"modified":"2021-11-15T11:31:37","modified_gmt":"2021-11-15T10:31:37","slug":"anne-cecile-modeatelier-kuba-2015-2017","status":"publish","type":"page","link":"https:\/\/www.fidesco-international.org\/de\/anne-cecile-modeatelier-kuba-2015-2017\/","title":{"rendered":"Anne-Cecile &#8211; N\u00e4hwerkstatt &#8211; Kuba &#8211; 2015-2017"},"content":{"rendered":"<h4>Lerne zu lieben und lass dich lieben<\/h4>\n<p>&nbsp;<\/p>\n<p><a href=\"https:\/\/www.fidesco-international.org\/de\/wp-content\/uploads\/sites\/2\/2020\/09\/Anne-Cecile-Couette-1-2048x2048-1.jpg\"><img loading=\"lazy\" decoding=\"async\" class=\"alignnone size-full wp-image-5199\" src=\"https:\/\/www.fidesco-international.org\/de\/wp-content\/uploads\/sites\/2\/2020\/09\/Anne-Cecile-Couette-1-2048x2048-1.jpg\" alt=\"\" width=\"2048\" height=\"2048\" srcset=\"https:\/\/www.fidesco-international.org\/de\/wp-content\/uploads\/sites\/2\/2020\/09\/Anne-Cecile-Couette-1-2048x2048-1.jpg 2048w, https:\/\/www.fidesco-international.org\/de\/wp-content\/uploads\/sites\/2\/2020\/09\/Anne-Cecile-Couette-1-2048x2048-1-300x300.jpg 300w, https:\/\/www.fidesco-international.org\/de\/wp-content\/uploads\/sites\/2\/2020\/09\/Anne-Cecile-Couette-1-2048x2048-1-1024x1024.jpg 1024w, https:\/\/www.fidesco-international.org\/de\/wp-content\/uploads\/sites\/2\/2020\/09\/Anne-Cecile-Couette-1-2048x2048-1-150x150.jpg 150w, https:\/\/www.fidesco-international.org\/de\/wp-content\/uploads\/sites\/2\/2020\/09\/Anne-Cecile-Couette-1-2048x2048-1-768x768.jpg 768w, https:\/\/www.fidesco-international.org\/de\/wp-content\/uploads\/sites\/2\/2020\/09\/Anne-Cecile-Couette-1-2048x2048-1-1536x1536.jpg 1536w, https:\/\/www.fidesco-international.org\/de\/wp-content\/uploads\/sites\/2\/2020\/09\/Anne-Cecile-Couette-1-2048x2048-1-270x270.jpg 270w, https:\/\/www.fidesco-international.org\/de\/wp-content\/uploads\/sites\/2\/2020\/09\/Anne-Cecile-Couette-1-2048x2048-1-680x680.jpg 680w, https:\/\/www.fidesco-international.org\/de\/wp-content\/uploads\/sites\/2\/2020\/09\/Anne-Cecile-Couette-1-2048x2048-1-100x100.jpg 100w\" sizes=\"auto, (max-width: 2048px) 100vw, 2048px\" \/><\/a><\/p>\n<p>Von den Kubanern in Placetas habe ich gelernt, den gegenw\u00e4rtigen Moment leben. Die armen Menschen, die ich getroffen habe, haben mir durch ihre Gro\u00dfz\u00fcgigkeit und Einfachheit wunderbare Lektionen \u00fcber das Leben erteilt. W\u00e4hrend meiner Mission habe ich gelernt, wie ich meine Vorstellung vom Glauben loslassen und mich dem Willen Gottes \u00fcberlassen kann. In der Tat wei\u00df Er allein besser als ich, was ich brauche und was mich gl\u00fccklich macht. Bevor ich abreiste, h\u00e4tte ich mir das alles nicht vorstellen k\u00f6nnen! Ich lebte eine Fidesco-Mission, es waren die zwei besten Jahre meines Lebens. Ich entdeckte dort die Freude am Geben, und dass Gott Erwartungen der Menschen weit \u00fcbertrifft.<\/p>\n<p>Nach unserer R\u00fcckkehr nach Frankreich und dank dieser Mission haben mein Mann und ich Kinder adoptiert.<\/p>\n","protected":false},"excerpt":{"rendered":"<p>Lerne zu lieben und lass dich lieben &nbsp; Von den Kubanern in Placetas habe ich gelernt, den gegenw\u00e4rtigen Moment leben. Die armen Menschen, die ich getroffen habe, haben mir durch ihre Gro\u00dfz\u00fcgigkeit und Einfachheit wunderbare Lektionen \u00fcber das Leben erteilt. W\u00e4hrend meiner Mission habe ich gelernt, wie ich meine Vorstellung vom Glauben loslassen und mich [&hellip;]<\/p>\n","protected":false},"author":9,"featured_media":0,"parent":0,"menu_order":0,"comment_status":"closed","ping_status":"closed","template":"","meta":{"footnotes":""},"class_list":["post-5198","page","type-page","status-publish","hentry"],"acf":[],"_links":{"self":[{"href":"https:\/\/www.fidesco-international.org\/de\/wp-json\/wp\/v2\/pages\/5198","targetHints":{"allow":["GET"]}}],"collection":[{"href":"https:\/\/www.fidesco-international.org\/de\/wp-json\/wp\/v2\/pages"}],"about":[{"href":"https:\/\/www.fidesco-international.org\/de\/wp-json\/wp\/v2\/types\/page"}],"author":[{"embeddable":true,"href":"https:\/\/www.fidesco-international.org\/de\/wp-json\/wp\/v2\/users\/9"}],"replies":[{"embeddable":true,"href":"https:\/\/www.fidesco-international.org\/de\/wp-json\/wp\/v2\/comments?post=5198"}],"version-history":[{"count":3,"href":"https:\/\/www.fidesco-international.org\/de\/wp-json\/wp\/v2\/pages\/5198\/revisions"}],"predecessor-version":[{"id":5968,"href":"https:\/\/www.fidesco-international.org\/de\/wp-json\/wp\/v2\/pages\/5198\/revisions\/5968"}],"wp:attachment":[{"href":"https:\/\/www.fidesco-international.org\/de\/wp-json\/wp\/v2\/media?parent=5198"}],"curies":[{"name":"wp","href":"https:\/\/api.w.org\/{rel}","templated":true}]}}