{"id":5204,"date":"2020-09-02T06:48:43","date_gmt":"2020-09-02T05:48:43","guid":{"rendered":"http:\/\/www.fidesco-international.org\/de\/?page_id=5204"},"modified":"2022-02-15T09:22:00","modified_gmt":"2022-02-15T08:22:00","slug":"caroline-leiterin-ausbildungszentrum-brasilien-2016-2018","status":"publish","type":"page","link":"https:\/\/www.fidesco-international.org\/de\/caroline-leiterin-ausbildungszentrum-brasilien-2016-2018\/","title":{"rendered":"Caroline &#8211; Leiterin Ausbildungszentrum &#8211; Brasilien 2016-2018"},"content":{"rendered":"<div class=\"text-wrap tlid-copy-target\">\n<h4 class=\"result-shield-container tlid-copy-target\"><span class=\"tlid-translation translation\" lang=\"de\"><span class=\"\" title=\"\">Ein L\u00e4cheln \u00fcberall!<\/span><\/span><\/h4>\n<div><\/div>\n<div><\/div>\n<div class=\"result-shield-container tlid-copy-target\">\n<p><span class=\"tlid-translation translation\" lang=\"de\"><a href=\"https:\/\/www.fidesco-international.org\/de\/wp-content\/uploads\/sites\/2\/2020\/09\/Caroline-Collot-2048x2048-1.jpg\"><img loading=\"lazy\" decoding=\"async\" class=\"alignnone size-full wp-image-5205\" src=\"https:\/\/www.fidesco-international.org\/de\/wp-content\/uploads\/sites\/2\/2020\/09\/Caroline-Collot-2048x2048-1.jpg\" alt=\"\" width=\"2048\" height=\"2048\" srcset=\"https:\/\/www.fidesco-international.org\/de\/wp-content\/uploads\/sites\/2\/2020\/09\/Caroline-Collot-2048x2048-1.jpg 2048w, https:\/\/www.fidesco-international.org\/de\/wp-content\/uploads\/sites\/2\/2020\/09\/Caroline-Collot-2048x2048-1-300x300.jpg 300w, https:\/\/www.fidesco-international.org\/de\/wp-content\/uploads\/sites\/2\/2020\/09\/Caroline-Collot-2048x2048-1-1024x1024.jpg 1024w, https:\/\/www.fidesco-international.org\/de\/wp-content\/uploads\/sites\/2\/2020\/09\/Caroline-Collot-2048x2048-1-150x150.jpg 150w, https:\/\/www.fidesco-international.org\/de\/wp-content\/uploads\/sites\/2\/2020\/09\/Caroline-Collot-2048x2048-1-768x768.jpg 768w, https:\/\/www.fidesco-international.org\/de\/wp-content\/uploads\/sites\/2\/2020\/09\/Caroline-Collot-2048x2048-1-1536x1536.jpg 1536w, https:\/\/www.fidesco-international.org\/de\/wp-content\/uploads\/sites\/2\/2020\/09\/Caroline-Collot-2048x2048-1-270x270.jpg 270w, https:\/\/www.fidesco-international.org\/de\/wp-content\/uploads\/sites\/2\/2020\/09\/Caroline-Collot-2048x2048-1-680x680.jpg 680w, https:\/\/www.fidesco-international.org\/de\/wp-content\/uploads\/sites\/2\/2020\/09\/Caroline-Collot-2048x2048-1-100x100.jpg 100w\" sizes=\"auto, (max-width: 2048px) 100vw, 2048px\" \/><\/a><\/span><\/p>\n<p>&nbsp;<\/p>\n<h5><span class=\"\" title=\"\">Meine Mission war die Leitung eines Ausbildungszentrums f\u00fcr die Gemeinde Alagados in Salvador de Bahia. Dort habe ich gelernt, geduldig zu sein, zuzuh\u00f6ren und zu lieben.<\/span> <span class=\"\" title=\"\">Ich entdeckte wahre Freude in der Kongregation der Ursulinen.<\/span><\/h5>\n<h5><span class=\"\" title=\"\">Die zwei Jahre Mission waren aufregend, intensiv und wundersch\u00f6n.<\/span><\/h5>\n<\/div>\n<\/div>\n<div class=\"tlid-result-transliteration-container result-transliteration-container transliteration-container\">\n<div class=\"tlid-transliteration-content transliteration-content full\"><\/div>\n<\/div>\n<div class=\"result-footer source-or-target-footer tlid-copy-target\"><\/div>\n","protected":false},"excerpt":{"rendered":"<p>Ein L\u00e4cheln \u00fcberall! &nbsp; Meine Mission war die Leitung eines Ausbildungszentrums f\u00fcr die Gemeinde Alagados in Salvador de Bahia. Dort habe ich gelernt, geduldig zu sein, zuzuh\u00f6ren und zu lieben. Ich entdeckte wahre Freude in der Kongregation der Ursulinen. Die zwei Jahre Mission waren aufregend, intensiv und wundersch\u00f6n.<\/p>\n","protected":false},"author":9,"featured_media":0,"parent":0,"menu_order":0,"comment_status":"closed","ping_status":"closed","template":"","meta":{"footnotes":""},"class_list":["post-5204","page","type-page","status-publish","hentry"],"acf":[],"_links":{"self":[{"href":"https:\/\/www.fidesco-international.org\/de\/wp-json\/wp\/v2\/pages\/5204","targetHints":{"allow":["GET"]}}],"collection":[{"href":"https:\/\/www.fidesco-international.org\/de\/wp-json\/wp\/v2\/pages"}],"about":[{"href":"https:\/\/www.fidesco-international.org\/de\/wp-json\/wp\/v2\/types\/page"}],"author":[{"embeddable":true,"href":"https:\/\/www.fidesco-international.org\/de\/wp-json\/wp\/v2\/users\/9"}],"replies":[{"embeddable":true,"href":"https:\/\/www.fidesco-international.org\/de\/wp-json\/wp\/v2\/comments?post=5204"}],"version-history":[{"count":5,"href":"https:\/\/www.fidesco-international.org\/de\/wp-json\/wp\/v2\/pages\/5204\/revisions"}],"predecessor-version":[{"id":6174,"href":"https:\/\/www.fidesco-international.org\/de\/wp-json\/wp\/v2\/pages\/5204\/revisions\/6174"}],"wp:attachment":[{"href":"https:\/\/www.fidesco-international.org\/de\/wp-json\/wp\/v2\/media?parent=5204"}],"curies":[{"name":"wp","href":"https:\/\/api.w.org\/{rel}","templated":true}]}}