{"id":5209,"date":"2020-09-02T07:06:34","date_gmt":"2020-09-02T06:06:34","guid":{"rendered":"http:\/\/www.fidesco-international.org\/de\/?page_id=5209"},"modified":"2022-02-15T08:49:27","modified_gmt":"2022-02-15T07:49:27","slug":"helene-leiterin-ausbildungszentrum-brasilien-2017-2019","status":"publish","type":"page","link":"https:\/\/www.fidesco-international.org\/de\/helene-leiterin-ausbildungszentrum-brasilien-2017-2019\/","title":{"rendered":"Helene &#8211; Leiterin Ausbildungszentrum &#8211; Brasilien &#8211; 2017-2019"},"content":{"rendered":"<h4>Es r\u00fcttelt auf, es ersch\u00fcttert!<\/h4>\n<p>&nbsp;<\/p>\n<p><a href=\"https:\/\/www.fidesco-international.org\/de\/wp-content\/uploads\/sites\/2\/2020\/09\/Helene-Saliou-2048x2048-1.jpg\"><img loading=\"lazy\" decoding=\"async\" class=\"alignnone size-full wp-image-5210\" src=\"https:\/\/www.fidesco-international.org\/de\/wp-content\/uploads\/sites\/2\/2020\/09\/Helene-Saliou-2048x2048-1.jpg\" alt=\"\" width=\"2048\" height=\"2048\" srcset=\"https:\/\/www.fidesco-international.org\/de\/wp-content\/uploads\/sites\/2\/2020\/09\/Helene-Saliou-2048x2048-1.jpg 2048w, https:\/\/www.fidesco-international.org\/de\/wp-content\/uploads\/sites\/2\/2020\/09\/Helene-Saliou-2048x2048-1-300x300.jpg 300w, https:\/\/www.fidesco-international.org\/de\/wp-content\/uploads\/sites\/2\/2020\/09\/Helene-Saliou-2048x2048-1-1024x1024.jpg 1024w, https:\/\/www.fidesco-international.org\/de\/wp-content\/uploads\/sites\/2\/2020\/09\/Helene-Saliou-2048x2048-1-150x150.jpg 150w, https:\/\/www.fidesco-international.org\/de\/wp-content\/uploads\/sites\/2\/2020\/09\/Helene-Saliou-2048x2048-1-768x768.jpg 768w, https:\/\/www.fidesco-international.org\/de\/wp-content\/uploads\/sites\/2\/2020\/09\/Helene-Saliou-2048x2048-1-1536x1536.jpg 1536w, https:\/\/www.fidesco-international.org\/de\/wp-content\/uploads\/sites\/2\/2020\/09\/Helene-Saliou-2048x2048-1-270x270.jpg 270w, https:\/\/www.fidesco-international.org\/de\/wp-content\/uploads\/sites\/2\/2020\/09\/Helene-Saliou-2048x2048-1-680x680.jpg 680w, https:\/\/www.fidesco-international.org\/de\/wp-content\/uploads\/sites\/2\/2020\/09\/Helene-Saliou-2048x2048-1-100x100.jpg 100w\" sizes=\"auto, (max-width: 2048px) 100vw, 2048px\" \/><\/a><\/p>\n<h5><\/h5>\n<h5>Ein Fidesco-Abenteuer r\u00fcttelt auf, es ersch\u00fcttert, es n\u00e4hrt uns, es \u00f6ffnet uns die Augen und das Herz und, so hoffe ich, es verwandelt uns auch!<\/h5>\n<h5>Als Volont\u00e4rin in Brasilien wollte ich eine neue Kultur kennenlernen und entdecken. Zwei Jahre lang lebten mein Mann, meine Kindern und ich in Salvador de Bahia in der Favela Alagados. Dort lernte ich von den Bewohnern unseres Viertels wahres Gottvertrauen und Geduld. Ich entdeckte Freude an den einfachen Dingen und hatte eine Nachbarschaft, aus der trotz so vieler Schmerzen, so viel Gnade kommt. Unsere Familie wurde dadurch reich beschenkt und unser Zusammenhalt gest\u00e4rkt.<\/h5>\n<h5>Noch heute n\u00e4hrt mich die Hoffnung, das L\u00e4cheln und die Freude der Brasilianer.<\/h5>\n","protected":false},"excerpt":{"rendered":"<p>Es r\u00fcttelt auf, es ersch\u00fcttert! &nbsp; Ein Fidesco-Abenteuer r\u00fcttelt auf, es ersch\u00fcttert, es n\u00e4hrt uns, es \u00f6ffnet uns die Augen und das Herz und, so hoffe ich, es verwandelt uns auch! Als Volont\u00e4rin in Brasilien wollte ich eine neue Kultur kennenlernen und entdecken. Zwei Jahre lang lebten mein Mann, meine Kindern und ich in Salvador [&hellip;]<\/p>\n","protected":false},"author":9,"featured_media":0,"parent":0,"menu_order":0,"comment_status":"closed","ping_status":"closed","template":"","meta":{"footnotes":""},"class_list":["post-5209","page","type-page","status-publish","hentry"],"acf":[],"_links":{"self":[{"href":"https:\/\/www.fidesco-international.org\/de\/wp-json\/wp\/v2\/pages\/5209","targetHints":{"allow":["GET"]}}],"collection":[{"href":"https:\/\/www.fidesco-international.org\/de\/wp-json\/wp\/v2\/pages"}],"about":[{"href":"https:\/\/www.fidesco-international.org\/de\/wp-json\/wp\/v2\/types\/page"}],"author":[{"embeddable":true,"href":"https:\/\/www.fidesco-international.org\/de\/wp-json\/wp\/v2\/users\/9"}],"replies":[{"embeddable":true,"href":"https:\/\/www.fidesco-international.org\/de\/wp-json\/wp\/v2\/comments?post=5209"}],"version-history":[{"count":5,"href":"https:\/\/www.fidesco-international.org\/de\/wp-json\/wp\/v2\/pages\/5209\/revisions"}],"predecessor-version":[{"id":6173,"href":"https:\/\/www.fidesco-international.org\/de\/wp-json\/wp\/v2\/pages\/5209\/revisions\/6173"}],"wp:attachment":[{"href":"https:\/\/www.fidesco-international.org\/de\/wp-json\/wp\/v2\/media?parent=5209"}],"curies":[{"name":"wp","href":"https:\/\/api.w.org\/{rel}","templated":true}]}}