{"id":5219,"date":"2020-09-02T07:51:03","date_gmt":"2020-09-02T06:51:03","guid":{"rendered":"http:\/\/www.fidesco-international.org\/de\/?page_id=5219"},"modified":"2022-02-15T10:07:54","modified_gmt":"2022-02-15T09:07:54","slug":"bertrand-projektmanager-kamerun-2017-2019","status":"publish","type":"page","link":"https:\/\/www.fidesco-international.org\/de\/bertrand-projektmanager-kamerun-2017-2019\/","title":{"rendered":"Bertrand &#8211; Projektmanager &#8211; Kamerun &#8211; 2017-2019"},"content":{"rendered":"<h3>Die t\u00e4gliche Mission<\/h3>\n<p>&nbsp;<\/p>\n<p><a href=\"https:\/\/www.fidesco-international.org\/de\/wp-content\/uploads\/sites\/2\/2020\/09\/Bertrand-de-la-Roche.jpg\"><img loading=\"lazy\" decoding=\"async\" class=\"alignnone size-full wp-image-5220\" src=\"https:\/\/www.fidesco-international.org\/de\/wp-content\/uploads\/sites\/2\/2020\/09\/Bertrand-de-la-Roche.jpg\" alt=\"\" width=\"1728\" height=\"1727\" srcset=\"https:\/\/www.fidesco-international.org\/de\/wp-content\/uploads\/sites\/2\/2020\/09\/Bertrand-de-la-Roche.jpg 1728w, https:\/\/www.fidesco-international.org\/de\/wp-content\/uploads\/sites\/2\/2020\/09\/Bertrand-de-la-Roche-300x300.jpg 300w, https:\/\/www.fidesco-international.org\/de\/wp-content\/uploads\/sites\/2\/2020\/09\/Bertrand-de-la-Roche-1024x1024.jpg 1024w, https:\/\/www.fidesco-international.org\/de\/wp-content\/uploads\/sites\/2\/2020\/09\/Bertrand-de-la-Roche-150x150.jpg 150w, https:\/\/www.fidesco-international.org\/de\/wp-content\/uploads\/sites\/2\/2020\/09\/Bertrand-de-la-Roche-768x768.jpg 768w, https:\/\/www.fidesco-international.org\/de\/wp-content\/uploads\/sites\/2\/2020\/09\/Bertrand-de-la-Roche-1536x1536.jpg 1536w, https:\/\/www.fidesco-international.org\/de\/wp-content\/uploads\/sites\/2\/2020\/09\/Bertrand-de-la-Roche-270x270.jpg 270w, https:\/\/www.fidesco-international.org\/de\/wp-content\/uploads\/sites\/2\/2020\/09\/Bertrand-de-la-Roche-680x680.jpg 680w, https:\/\/www.fidesco-international.org\/de\/wp-content\/uploads\/sites\/2\/2020\/09\/Bertrand-de-la-Roche-100x100.jpg 100w\" sizes=\"auto, (max-width: 1728px) 100vw, 1728px\" \/><\/a><\/p>\n<p>&nbsp;<\/p>\n<h5>In Jaunde habe ich im Krankenhauszentrum <em>Saint Martine de Porres<\/em> gearbeitet, das unter der Leitung von Dominikanern steht.<\/h5>\n<h5>W\u00e4hrend meiner Mission habe ich gelernt, mich zu \u00f6ffnen und andere einfach so anzunehmen wie sie sind. Nachdem ich nach Frankreich zur\u00fcckkehrt war, geschah nichts &#8222;Spektakul\u00e4res&#8220;. Ich erlebte zum Beispiel keine radikale Ver\u00e4nderung meiner beruflichen Orientierung. Aber ich habe verstanden, dass die Mission auch im Alltag gelebt wird, in unseren Begegnungen in der Famile, mit Freunden und im Beruf &#8230;<\/h5>\n","protected":false},"excerpt":{"rendered":"<p>Die t\u00e4gliche Mission &nbsp; &nbsp; In Jaunde habe ich im Krankenhauszentrum Saint Martine de Porres gearbeitet, das unter der Leitung von Dominikanern steht. W\u00e4hrend meiner Mission habe ich gelernt, mich zu \u00f6ffnen und andere einfach so anzunehmen wie sie sind. Nachdem ich nach Frankreich zur\u00fcckkehrt war, geschah nichts &#8222;Spektakul\u00e4res&#8220;. Ich erlebte zum Beispiel keine radikale [&hellip;]<\/p>\n","protected":false},"author":9,"featured_media":0,"parent":0,"menu_order":0,"comment_status":"closed","ping_status":"closed","template":"","meta":{"footnotes":""},"class_list":["post-5219","page","type-page","status-publish","hentry"],"acf":[],"_links":{"self":[{"href":"https:\/\/www.fidesco-international.org\/de\/wp-json\/wp\/v2\/pages\/5219","targetHints":{"allow":["GET"]}}],"collection":[{"href":"https:\/\/www.fidesco-international.org\/de\/wp-json\/wp\/v2\/pages"}],"about":[{"href":"https:\/\/www.fidesco-international.org\/de\/wp-json\/wp\/v2\/types\/page"}],"author":[{"embeddable":true,"href":"https:\/\/www.fidesco-international.org\/de\/wp-json\/wp\/v2\/users\/9"}],"replies":[{"embeddable":true,"href":"https:\/\/www.fidesco-international.org\/de\/wp-json\/wp\/v2\/comments?post=5219"}],"version-history":[{"count":4,"href":"https:\/\/www.fidesco-international.org\/de\/wp-json\/wp\/v2\/pages\/5219\/revisions"}],"predecessor-version":[{"id":6179,"href":"https:\/\/www.fidesco-international.org\/de\/wp-json\/wp\/v2\/pages\/5219\/revisions\/6179"}],"wp:attachment":[{"href":"https:\/\/www.fidesco-international.org\/de\/wp-json\/wp\/v2\/media?parent=5219"}],"curies":[{"name":"wp","href":"https:\/\/api.w.org\/{rel}","templated":true}]}}