{"id":5223,"date":"2020-09-02T08:26:29","date_gmt":"2020-09-02T07:26:29","guid":{"rendered":"http:\/\/www.fidesco-international.org\/de\/?page_id=5223"},"modified":"2022-02-15T09:58:18","modified_gmt":"2022-02-15T08:58:18","slug":"zoe-naturwissenschaftslehrerin-osttimor-2019-2020","status":"publish","type":"page","link":"https:\/\/www.fidesco-international.org\/de\/zoe-naturwissenschaftslehrerin-osttimor-2019-2020\/","title":{"rendered":"Zoe &#8211; Lehrerin f\u00fcr Naturwissenschaften &#8211; Osttimor &#8211; 2018-2020"},"content":{"rendered":"<h4>Ein Abenteuer des wirklichen Lebens<\/h4>\n<p>&nbsp;<\/p>\n<p><a href=\"https:\/\/www.fidesco-international.org\/de\/wp-content\/uploads\/sites\/2\/2020\/09\/Zoe-Gougis.jpg\"><img loading=\"lazy\" decoding=\"async\" class=\"alignnone size-full wp-image-5224\" src=\"https:\/\/www.fidesco-international.org\/de\/wp-content\/uploads\/sites\/2\/2020\/09\/Zoe-Gougis.jpg\" alt=\"\" width=\"1200\" height=\"1200\" srcset=\"https:\/\/www.fidesco-international.org\/de\/wp-content\/uploads\/sites\/2\/2020\/09\/Zoe-Gougis.jpg 1200w, https:\/\/www.fidesco-international.org\/de\/wp-content\/uploads\/sites\/2\/2020\/09\/Zoe-Gougis-300x300.jpg 300w, https:\/\/www.fidesco-international.org\/de\/wp-content\/uploads\/sites\/2\/2020\/09\/Zoe-Gougis-1024x1024.jpg 1024w, https:\/\/www.fidesco-international.org\/de\/wp-content\/uploads\/sites\/2\/2020\/09\/Zoe-Gougis-150x150.jpg 150w, https:\/\/www.fidesco-international.org\/de\/wp-content\/uploads\/sites\/2\/2020\/09\/Zoe-Gougis-768x768.jpg 768w, https:\/\/www.fidesco-international.org\/de\/wp-content\/uploads\/sites\/2\/2020\/09\/Zoe-Gougis-270x270.jpg 270w, https:\/\/www.fidesco-international.org\/de\/wp-content\/uploads\/sites\/2\/2020\/09\/Zoe-Gougis-680x680.jpg 680w, https:\/\/www.fidesco-international.org\/de\/wp-content\/uploads\/sites\/2\/2020\/09\/Zoe-Gougis-100x100.jpg 100w\" sizes=\"auto, (max-width: 1200px) 100vw, 1200px\" \/><\/a><\/p>\n<p>&nbsp;<\/p>\n<h5>Die eineinhalbj\u00e4hrige Mission in Timor-Leste hat mich gelehrt, das Leben Tag f\u00fcr Tag anzunehmen und der Vorsehung zu vertrauen. Ich fand dort ein gl\u00fcckliches und \u00e4u\u00dferst einfaches Leben im Herzen der Timoresen. Ich habe ein Land kennengelernt, in dem der Sinn f\u00fcr Gastfreundschaft so gro\u00df ist, dass ich ihn nie h\u00e4tte ermessen k\u00f6nnen! Als Lehrerin f\u00fcr Naturwissenschaften bin ich aber auch auf eine <span class=\"VIiyi\" lang=\"de\"><span class=\"JLqJ4b\" data-language-for-alternatives=\"de\" data-language-to-translate-into=\"fr\" data-phrase-index=\"0\" data-number-of-phrases=\"1\">Bildungs- und Reflexionsarmut<\/span><\/span> gesto\u00dfen, die ich nicht f\u00fcr m\u00f6glich gehalten h\u00e4tte.<\/h5>\n<h5>Sechs Monate nach Beginn meiner Mission habe ich meinen Gro\u00dfvater verloren, dem ich nahe stand. Mein Schmerz war gro\u00df und ich war sehr traurig. Meine Sch\u00fcler kamen, um mit mir auf dem Dorffriedhof zu beten. Dort hatte man ein Kreuz f\u00fcr die Toten der Familien aufgestellt. Ihre Gebete, ihre Blicke und ihre Fragen haben mich sehr ber\u00fchrt. Damals sprachen ich nicht sehr gut Tetum (die lokale Sprache), aber sie fragten mich, ob ich jetzt eine Kuh kaufen w\u00fcrde, weil das in ihrer Kultur so \u00fcblich ist. Ihre sehr direkten und manchmal verwirrenden Fragen m\u00f6gen f\u00fcr unsere Kultur v\u00f6llig unangebracht sein, aber es war f\u00fcr mich ein Zeichen ihrer Zuneigung und ihrer Unterst\u00fctzung selbst inmitten des &#8222;Kulturschocks&#8220;, den ich durchmachte.<\/h5>\n<h5>Kurz gesagt, war dieses Jahr ein unbeschreibliches Lebensabenteuer voller Freuden und Sorgen, aber immer mit dem Herrn!<\/h5>\n","protected":false},"excerpt":{"rendered":"<p>Ein Abenteuer des wirklichen Lebens &nbsp; &nbsp; Die eineinhalbj\u00e4hrige Mission in Timor-Leste hat mich gelehrt, das Leben Tag f\u00fcr Tag anzunehmen und der Vorsehung zu vertrauen. Ich fand dort ein gl\u00fcckliches und \u00e4u\u00dferst einfaches Leben im Herzen der Timoresen. Ich habe ein Land kennengelernt, in dem der Sinn f\u00fcr Gastfreundschaft so gro\u00df ist, dass ich [&hellip;]<\/p>\n","protected":false},"author":9,"featured_media":0,"parent":0,"menu_order":0,"comment_status":"closed","ping_status":"closed","template":"","meta":{"footnotes":""},"class_list":["post-5223","page","type-page","status-publish","hentry"],"acf":[],"_links":{"self":[{"href":"https:\/\/www.fidesco-international.org\/de\/wp-json\/wp\/v2\/pages\/5223","targetHints":{"allow":["GET"]}}],"collection":[{"href":"https:\/\/www.fidesco-international.org\/de\/wp-json\/wp\/v2\/pages"}],"about":[{"href":"https:\/\/www.fidesco-international.org\/de\/wp-json\/wp\/v2\/types\/page"}],"author":[{"embeddable":true,"href":"https:\/\/www.fidesco-international.org\/de\/wp-json\/wp\/v2\/users\/9"}],"replies":[{"embeddable":true,"href":"https:\/\/www.fidesco-international.org\/de\/wp-json\/wp\/v2\/comments?post=5223"}],"version-history":[{"count":6,"href":"https:\/\/www.fidesco-international.org\/de\/wp-json\/wp\/v2\/pages\/5223\/revisions"}],"predecessor-version":[{"id":6178,"href":"https:\/\/www.fidesco-international.org\/de\/wp-json\/wp\/v2\/pages\/5223\/revisions\/6178"}],"wp:attachment":[{"href":"https:\/\/www.fidesco-international.org\/de\/wp-json\/wp\/v2\/media?parent=5223"}],"curies":[{"name":"wp","href":"https:\/\/api.w.org\/{rel}","templated":true}]}}