{"id":5228,"date":"2020-09-02T08:35:08","date_gmt":"2020-09-02T07:35:08","guid":{"rendered":"http:\/\/www.fidesco-international.org\/de\/?page_id=5228"},"modified":"2022-02-15T09:44:20","modified_gmt":"2022-02-15T08:44:20","slug":"noemi-psychologin-suedafrika-2018-2019","status":"publish","type":"page","link":"https:\/\/www.fidesco-international.org\/de\/noemi-psychologin-suedafrika-2018-2019\/","title":{"rendered":"Noemi &#8211; Psychologin &#8211; S\u00fcdafrika &#8211; 2018-2019"},"content":{"rendered":"<h4>Mit meinen Schw\u00e4chen leben<\/h4>\n<p>&nbsp;<\/p>\n<p><a href=\"https:\/\/www.fidesco-international.org\/de\/wp-content\/uploads\/sites\/2\/2020\/09\/Noemie-Chabert-2048x2048-1.jpg\"><img loading=\"lazy\" decoding=\"async\" class=\"alignnone size-full wp-image-5229\" src=\"https:\/\/www.fidesco-international.org\/de\/wp-content\/uploads\/sites\/2\/2020\/09\/Noemie-Chabert-2048x2048-1.jpg\" alt=\"\" width=\"2048\" height=\"2048\" srcset=\"https:\/\/www.fidesco-international.org\/de\/wp-content\/uploads\/sites\/2\/2020\/09\/Noemie-Chabert-2048x2048-1.jpg 2048w, https:\/\/www.fidesco-international.org\/de\/wp-content\/uploads\/sites\/2\/2020\/09\/Noemie-Chabert-2048x2048-1-300x300.jpg 300w, https:\/\/www.fidesco-international.org\/de\/wp-content\/uploads\/sites\/2\/2020\/09\/Noemie-Chabert-2048x2048-1-1024x1024.jpg 1024w, https:\/\/www.fidesco-international.org\/de\/wp-content\/uploads\/sites\/2\/2020\/09\/Noemie-Chabert-2048x2048-1-150x150.jpg 150w, https:\/\/www.fidesco-international.org\/de\/wp-content\/uploads\/sites\/2\/2020\/09\/Noemie-Chabert-2048x2048-1-768x768.jpg 768w, https:\/\/www.fidesco-international.org\/de\/wp-content\/uploads\/sites\/2\/2020\/09\/Noemie-Chabert-2048x2048-1-1536x1536.jpg 1536w, https:\/\/www.fidesco-international.org\/de\/wp-content\/uploads\/sites\/2\/2020\/09\/Noemie-Chabert-2048x2048-1-270x270.jpg 270w, https:\/\/www.fidesco-international.org\/de\/wp-content\/uploads\/sites\/2\/2020\/09\/Noemie-Chabert-2048x2048-1-680x680.jpg 680w, https:\/\/www.fidesco-international.org\/de\/wp-content\/uploads\/sites\/2\/2020\/09\/Noemie-Chabert-2048x2048-1-100x100.jpg 100w\" sizes=\"auto, (max-width: 2048px) 100vw, 2048px\" \/><\/a><\/p>\n<p>&nbsp;<\/p>\n<h5>Auf meiner Mission in <em>Little Eden<\/em>, S\u00fcdafrika, habe ich gelernt, mit meinen Schw\u00e4chen zu leben und sie anzunehmen. So konnte ich tiefere Beziehungen mit anderen Menschen eingehen, ihnen zuh\u00f6ren, ihnen sagen, dass sie einzigartig und besonders sind! Stille ist eine wertvolle Sprache, und die Sanftheit eine Stimme, die den Zugang zur Tiefe \u00f6ffnet. <em>Little Eden<\/em> ist ein Heim f\u00fcr Erwachsene und Kinder mit Behinderungen. In der N\u00e4he dieser Menschen habe ich gesp\u00fcrt, wie sich mein Mut und meine Geduld entfalten und wie ich angesichts von Gef\u00fchlen des Schmerzes meine Talente einsetzen konnte. Die Mission weitete einen Raum in mir aus, der mit Menschlichkeit zu tun hat.<\/h5>\n<h5><span class=\"VIiyi\" lang=\"de\"><span class=\"JLqJ4b ChMk0b\" data-language-for-alternatives=\"de\" data-language-to-translate-into=\"fr\" data-phrase-index=\"7\" data-number-of-phrases=\"9\">Wenn ich dieses Jahr mit Fidesco zusammenfasse, kann ich sagen: <\/span><\/span><\/h5>\n<h5><span class=\"VIiyi\" lang=\"de\"><span class=\"JLqJ4b ChMk0b\" data-language-for-alternatives=\"de\" data-language-to-translate-into=\"fr\" data-phrase-index=\"7\" data-number-of-phrases=\"9\">\u201eF\u00fcrchte dich nicht, die Liebe ist da und du wirst sie intensiv in der Mission erleben!<\/span> <span class=\"JLqJ4b ChMk0b\" data-language-for-alternatives=\"de\" data-language-to-translate-into=\"fr\" data-phrase-index=\"8\" data-number-of-phrases=\"9\">&#8222;<\/span><\/span><\/h5>\n","protected":false},"excerpt":{"rendered":"<p>Mit meinen Schw\u00e4chen leben &nbsp; &nbsp; Auf meiner Mission in Little Eden, S\u00fcdafrika, habe ich gelernt, mit meinen Schw\u00e4chen zu leben und sie anzunehmen. So konnte ich tiefere Beziehungen mit anderen Menschen eingehen, ihnen zuh\u00f6ren, ihnen sagen, dass sie einzigartig und besonders sind! Stille ist eine wertvolle Sprache, und die Sanftheit eine Stimme, die den [&hellip;]<\/p>\n","protected":false},"author":9,"featured_media":0,"parent":0,"menu_order":0,"comment_status":"closed","ping_status":"closed","template":"","meta":{"footnotes":""},"class_list":["post-5228","page","type-page","status-publish","hentry"],"acf":[],"_links":{"self":[{"href":"https:\/\/www.fidesco-international.org\/de\/wp-json\/wp\/v2\/pages\/5228","targetHints":{"allow":["GET"]}}],"collection":[{"href":"https:\/\/www.fidesco-international.org\/de\/wp-json\/wp\/v2\/pages"}],"about":[{"href":"https:\/\/www.fidesco-international.org\/de\/wp-json\/wp\/v2\/types\/page"}],"author":[{"embeddable":true,"href":"https:\/\/www.fidesco-international.org\/de\/wp-json\/wp\/v2\/users\/9"}],"replies":[{"embeddable":true,"href":"https:\/\/www.fidesco-international.org\/de\/wp-json\/wp\/v2\/comments?post=5228"}],"version-history":[{"count":4,"href":"https:\/\/www.fidesco-international.org\/de\/wp-json\/wp\/v2\/pages\/5228\/revisions"}],"predecessor-version":[{"id":6176,"href":"https:\/\/www.fidesco-international.org\/de\/wp-json\/wp\/v2\/pages\/5228\/revisions\/6176"}],"wp:attachment":[{"href":"https:\/\/www.fidesco-international.org\/de\/wp-json\/wp\/v2\/media?parent=5228"}],"curies":[{"name":"wp","href":"https:\/\/api.w.org\/{rel}","templated":true}]}}