{"id":5233,"date":"2020-09-02T08:51:08","date_gmt":"2020-09-02T07:51:08","guid":{"rendered":"http:\/\/www.fidesco-international.org\/de\/?page_id=5233"},"modified":"2022-02-15T10:38:59","modified_gmt":"2022-02-15T09:38:59","slug":"agathe-hebamme-kamerun-2018-2019","status":"publish","type":"page","link":"https:\/\/www.fidesco-international.org\/de\/agathe-hebamme-kamerun-2018-2019\/","title":{"rendered":"Agathe-Hebamme-Kamerun-2018-2019"},"content":{"rendered":"<h4>Ein &#8222;fast&#8220; unentbehrliches Intermezzo<\/h4>\n<p>&nbsp;<\/p>\n<p><a href=\"https:\/\/www.fidesco-international.org\/de\/wp-content\/uploads\/sites\/2\/2020\/09\/Agathe-Delorme-2048x2048-1.jpg\"><img loading=\"lazy\" decoding=\"async\" class=\"alignnone size-full wp-image-5234\" src=\"https:\/\/www.fidesco-international.org\/de\/wp-content\/uploads\/sites\/2\/2020\/09\/Agathe-Delorme-2048x2048-1.jpg\" alt=\"\" width=\"2048\" height=\"2048\" srcset=\"https:\/\/www.fidesco-international.org\/de\/wp-content\/uploads\/sites\/2\/2020\/09\/Agathe-Delorme-2048x2048-1.jpg 2048w, https:\/\/www.fidesco-international.org\/de\/wp-content\/uploads\/sites\/2\/2020\/09\/Agathe-Delorme-2048x2048-1-300x300.jpg 300w, https:\/\/www.fidesco-international.org\/de\/wp-content\/uploads\/sites\/2\/2020\/09\/Agathe-Delorme-2048x2048-1-1024x1024.jpg 1024w, https:\/\/www.fidesco-international.org\/de\/wp-content\/uploads\/sites\/2\/2020\/09\/Agathe-Delorme-2048x2048-1-150x150.jpg 150w, https:\/\/www.fidesco-international.org\/de\/wp-content\/uploads\/sites\/2\/2020\/09\/Agathe-Delorme-2048x2048-1-768x768.jpg 768w, https:\/\/www.fidesco-international.org\/de\/wp-content\/uploads\/sites\/2\/2020\/09\/Agathe-Delorme-2048x2048-1-1536x1536.jpg 1536w, https:\/\/www.fidesco-international.org\/de\/wp-content\/uploads\/sites\/2\/2020\/09\/Agathe-Delorme-2048x2048-1-270x270.jpg 270w, https:\/\/www.fidesco-international.org\/de\/wp-content\/uploads\/sites\/2\/2020\/09\/Agathe-Delorme-2048x2048-1-680x680.jpg 680w, https:\/\/www.fidesco-international.org\/de\/wp-content\/uploads\/sites\/2\/2020\/09\/Agathe-Delorme-2048x2048-1-100x100.jpg 100w\" sizes=\"auto, (max-width: 2048px) 100vw, 2048px\" \/><\/a><\/p>\n<p>&nbsp;<\/p>\n<h5>Ein Jahr lang war ich als Hebammein Jaunde. Fidesco war f\u00fcr mich ein &#8222;fast&#8220; unverzichtbares Intermezzo! Ich habe dort Demut, Geduld, Hingabe und das Leben in der Gegenwart gelernt. Ich habe dort Freude, die Einfachheit der Menschen und eine sch\u00f6ne Hoffnung gefunden.<\/h5>\n<h5>An einem Missionsabend sa\u00dfen wir bei Tisch mit &#8222;Mama Eugenie&#8220;, dem Kinderm\u00e4dchen unseres Sohnes Simon. Wir erkl\u00e4rten ihr, dass wir das Auto vor dem Urlaub in die Werkstatt bringen wollten, weil es oft eine Panne hat. Mama Eugenie fragt uns dann: &#8222;Warum bringt ihr es in die Werkstatt, wenn es im Moment kein Problem macht? Betet ihr denn nicht, bevor ihr mit dem Auto losfahrt?\u201c Wir sagen ihr das t\u00e4ten wir nicht besonders&#8230; Worauf sie entgegnete: &#8222;Ihr Wei\u00dfen glaubt wirklich nicht mehr an Gott!\u201c<\/h5>\n","protected":false},"excerpt":{"rendered":"<p>Ein &#8222;fast&#8220; unentbehrliches Intermezzo &nbsp; &nbsp; Ein Jahr lang war ich als Hebammein Jaunde. Fidesco war f\u00fcr mich ein &#8222;fast&#8220; unverzichtbares Intermezzo! Ich habe dort Demut, Geduld, Hingabe und das Leben in der Gegenwart gelernt. Ich habe dort Freude, die Einfachheit der Menschen und eine sch\u00f6ne Hoffnung gefunden. An einem Missionsabend sa\u00dfen wir bei Tisch [&hellip;]<\/p>\n","protected":false},"author":9,"featured_media":0,"parent":0,"menu_order":0,"comment_status":"closed","ping_status":"closed","template":"","meta":{"footnotes":""},"class_list":["post-5233","page","type-page","status-publish","hentry"],"acf":[],"_links":{"self":[{"href":"https:\/\/www.fidesco-international.org\/de\/wp-json\/wp\/v2\/pages\/5233","targetHints":{"allow":["GET"]}}],"collection":[{"href":"https:\/\/www.fidesco-international.org\/de\/wp-json\/wp\/v2\/pages"}],"about":[{"href":"https:\/\/www.fidesco-international.org\/de\/wp-json\/wp\/v2\/types\/page"}],"author":[{"embeddable":true,"href":"https:\/\/www.fidesco-international.org\/de\/wp-json\/wp\/v2\/users\/9"}],"replies":[{"embeddable":true,"href":"https:\/\/www.fidesco-international.org\/de\/wp-json\/wp\/v2\/comments?post=5233"}],"version-history":[{"count":4,"href":"https:\/\/www.fidesco-international.org\/de\/wp-json\/wp\/v2\/pages\/5233\/revisions"}],"predecessor-version":[{"id":6185,"href":"https:\/\/www.fidesco-international.org\/de\/wp-json\/wp\/v2\/pages\/5233\/revisions\/6185"}],"wp:attachment":[{"href":"https:\/\/www.fidesco-international.org\/de\/wp-json\/wp\/v2\/media?parent=5233"}],"curies":[{"name":"wp","href":"https:\/\/api.w.org\/{rel}","templated":true}]}}