{"id":5238,"date":"2020-09-02T09:02:40","date_gmt":"2020-09-02T08:02:40","guid":{"rendered":"http:\/\/www.fidesco-international.org\/de\/?page_id=5238"},"modified":"2022-02-15T10:27:51","modified_gmt":"2022-02-15T09:27:51","slug":"armelle-krankenschwester-ruanda-1985-1988","status":"publish","type":"page","link":"https:\/\/www.fidesco-international.org\/de\/armelle-krankenschwester-ruanda-1985-1988\/","title":{"rendered":"Armelle-Krankenschwester-Ruanda-1985-1988"},"content":{"rendered":"<h4>Der Herr hat mich gesandt!<\/h4>\n<p>&nbsp;<\/p>\n<p><a href=\"https:\/\/www.fidesco-international.org\/de\/wp-content\/uploads\/sites\/2\/2020\/09\/Armelle-Dupont-2048x2048-1.jpg\"><img loading=\"lazy\" decoding=\"async\" class=\"alignnone size-full wp-image-5239\" src=\"https:\/\/www.fidesco-international.org\/de\/wp-content\/uploads\/sites\/2\/2020\/09\/Armelle-Dupont-2048x2048-1.jpg\" alt=\"\" width=\"2048\" height=\"2048\" srcset=\"https:\/\/www.fidesco-international.org\/de\/wp-content\/uploads\/sites\/2\/2020\/09\/Armelle-Dupont-2048x2048-1.jpg 2048w, https:\/\/www.fidesco-international.org\/de\/wp-content\/uploads\/sites\/2\/2020\/09\/Armelle-Dupont-2048x2048-1-300x300.jpg 300w, https:\/\/www.fidesco-international.org\/de\/wp-content\/uploads\/sites\/2\/2020\/09\/Armelle-Dupont-2048x2048-1-1024x1024.jpg 1024w, https:\/\/www.fidesco-international.org\/de\/wp-content\/uploads\/sites\/2\/2020\/09\/Armelle-Dupont-2048x2048-1-150x150.jpg 150w, https:\/\/www.fidesco-international.org\/de\/wp-content\/uploads\/sites\/2\/2020\/09\/Armelle-Dupont-2048x2048-1-768x768.jpg 768w, https:\/\/www.fidesco-international.org\/de\/wp-content\/uploads\/sites\/2\/2020\/09\/Armelle-Dupont-2048x2048-1-1536x1536.jpg 1536w, https:\/\/www.fidesco-international.org\/de\/wp-content\/uploads\/sites\/2\/2020\/09\/Armelle-Dupont-2048x2048-1-270x270.jpg 270w, https:\/\/www.fidesco-international.org\/de\/wp-content\/uploads\/sites\/2\/2020\/09\/Armelle-Dupont-2048x2048-1-680x680.jpg 680w, https:\/\/www.fidesco-international.org\/de\/wp-content\/uploads\/sites\/2\/2020\/09\/Armelle-Dupont-2048x2048-1-100x100.jpg 100w\" sizes=\"auto, (max-width: 2048px) 100vw, 2048px\" \/><\/a><\/p>\n<p>&nbsp;<\/p>\n<h5>Bevor ich auf Mission ging, hatte ich den Wunsch, ganz f\u00fcr die \u00c4rmsten da zu sein. Es war der Herr, der mich gesandt hat, mit dem folgendem Satz in meinem Herzen:<\/h5>\n<h5>&#8222;Nicht ihr habt mich erw\u00e4hlt, sondern ich habe euch erw\u00e4hlt, dass ihr hingeht und Frucht bringt und eure Frucht bleibe&#8220; (Joh 15,16).<\/h5>\n<h5>Ich ging ganz ohne Vorbereitung nach einem zweist\u00fcndigen Gespr\u00e4ch, das auf der <em>P\u00e9niche <\/em>stattfand. Dieses Hausboot war damals das B\u00fcro und Zentrum der Gemeinschaft Emmanuel in Paris war. Ich lernte, mich einzubringen und selbstlos zu arbeiten. Ich lernte eine andere Kultur kennen und lieben. Beruflich war ich gleichzeitig Krankenschwester, \u00c4rztin, Hebamme, Managerin, Buchhalterin. Diese Jahre in Ruanda geh\u00f6ren zu den reichsten meines Lebens!<\/h5>\n<h5>Ich danke dem Herrn f\u00fcr das Gl\u00fcck, das ich habe, denn mein Sohn ist 2020 mit seiner Familie f\u00fcr zwei Jahre nach Jaunde, Kamerun, ausgereist!<\/h5>\n","protected":false},"excerpt":{"rendered":"<p>Der Herr hat mich gesandt! &nbsp; &nbsp; Bevor ich auf Mission ging, hatte ich den Wunsch, ganz f\u00fcr die \u00c4rmsten da zu sein. Es war der Herr, der mich gesandt hat, mit dem folgendem Satz in meinem Herzen: &#8222;Nicht ihr habt mich erw\u00e4hlt, sondern ich habe euch erw\u00e4hlt, dass ihr hingeht und Frucht bringt und [&hellip;]<\/p>\n","protected":false},"author":9,"featured_media":0,"parent":0,"menu_order":0,"comment_status":"closed","ping_status":"closed","template":"","meta":{"footnotes":""},"class_list":["post-5238","page","type-page","status-publish","hentry"],"acf":[],"_links":{"self":[{"href":"https:\/\/www.fidesco-international.org\/de\/wp-json\/wp\/v2\/pages\/5238","targetHints":{"allow":["GET"]}}],"collection":[{"href":"https:\/\/www.fidesco-international.org\/de\/wp-json\/wp\/v2\/pages"}],"about":[{"href":"https:\/\/www.fidesco-international.org\/de\/wp-json\/wp\/v2\/types\/page"}],"author":[{"embeddable":true,"href":"https:\/\/www.fidesco-international.org\/de\/wp-json\/wp\/v2\/users\/9"}],"replies":[{"embeddable":true,"href":"https:\/\/www.fidesco-international.org\/de\/wp-json\/wp\/v2\/comments?post=5238"}],"version-history":[{"count":6,"href":"https:\/\/www.fidesco-international.org\/de\/wp-json\/wp\/v2\/pages\/5238\/revisions"}],"predecessor-version":[{"id":6183,"href":"https:\/\/www.fidesco-international.org\/de\/wp-json\/wp\/v2\/pages\/5238\/revisions\/6183"}],"wp:attachment":[{"href":"https:\/\/www.fidesco-international.org\/de\/wp-json\/wp\/v2\/media?parent=5238"}],"curies":[{"name":"wp","href":"https:\/\/api.w.org\/{rel}","templated":true}]}}