{"id":553,"date":"2014-07-22T15:50:32","date_gmt":"2014-07-22T14:50:32","guid":{"rendered":"http:\/\/www.fidesco-international.org\/de\/?page_id=553"},"modified":"2025-11-24T09:21:41","modified_gmt":"2025-11-24T08:21:41","slug":"transparenz","status":"publish","type":"page","link":"https:\/\/www.fidesco-international.org\/de\/transparenz\/","title":{"rendered":"Transparenz"},"content":{"rendered":"<p>Fidesco erf\u00fcllt die Transparenzkriterien der Initiative transparente Zivilgesellschaft<\/p>\n<p>Stand Juli 2025<\/p>\n<p>&nbsp;<\/p>\n<p><a href=\"http:\/\/www.transparente-zivilgesellschaft.de\" target=\"_blank\" rel=\"noopener noreferrer\"><img loading=\"lazy\" decoding=\"async\" class=\"alignnone wp-image-1100\" src=\"https:\/\/www.fidesco-international.org\/de\/wp-content\/uploads\/sites\/2\/2015\/05\/Transparente_ZivilgesellschaftPNG.png\" alt=\"Transparente_ZivilgesellschaftPNG\" width=\"236\" height=\"64\" srcset=\"https:\/\/www.fidesco-international.org\/de\/wp-content\/uploads\/sites\/2\/2015\/05\/Transparente_ZivilgesellschaftPNG.png 735w, https:\/\/www.fidesco-international.org\/de\/wp-content\/uploads\/sites\/2\/2015\/05\/Transparente_ZivilgesellschaftPNG-300x82.png 300w, https:\/\/www.fidesco-international.org\/de\/wp-content\/uploads\/sites\/2\/2015\/05\/Transparente_ZivilgesellschaftPNG-100x27.png 100w\" sizes=\"auto, (max-width: 236px) 100vw, 236px\" \/><\/a><\/p>\n<p>&nbsp;<\/p>\n<h4><strong>Informationen \u00fcber Fidesco Deutschland:<\/strong><\/h4>\n<p><strong>1. Allgemeine Informationen<\/strong><\/p>\n<p>Name: Fidesco e.V.<br \/>\nSitz: Alt\u00f6tting (Amtsgericht Traunstein, VR 201525)<\/p>\n<p>Anschrift Gesch\u00e4ftsstelle:<\/p>\n<p>Fidesco e.V., Haller Stra\u00dfe 31, 74076 Heilbronn<br \/>\nGr\u00fcndungsjahr: 1987<\/p>\n<p>Ansprechpartner:<\/p>\n<p>Rolf Eichhorn<br \/>\nFidesco e.V. Haller Stra\u00dfe 31, 74076 Heilbronn<br \/>\nrolf.eichhorn@fidesco.de<br \/>\n06027-4000-82<\/p>\n<p><strong>2. Ziele und Satzung<\/strong><\/p>\n<p>Unsere Satzung finden Sie unter diesem Link: <a title=\"Satzung\" href=\"https:\/\/www.fidesco-international.org\/de\/wp-content\/uploads\/sites\/2\/2018\/02\/Satzung-27.03.2017.pdf\" target=\"_blank\" rel=\"noopener noreferrer\">Satzung<\/a><br \/>\nUnsere Ziele finden Sie in unserem <a href=\"https:\/\/www.fidesco-international.org\/de\/wp-content\/uploads\/sites\/2\/2025\/07\/Jahresbericht-2024.pdf\" target=\"_blank\" rel=\"noopener\">Jahresbericht 2024<\/a> ab Seite 13<br \/>\nund auf der <a href=\"https:\/\/www.fidesco-international.org\/de\/wer-wir-sind\/\" target=\"_blank\" rel=\"noopener noreferrer\">Website<\/a> unter &#8222;Wer wir sind&#8220;.<\/p>\n<p><strong>3. J\u00fcngster Bescheid<\/strong> des Finanzamtes \u00fcber die Anerkennung als steuerbeg\u00fcnstigte, gemeinn\u00fctzige K\u00f6rperschaft<\/p>\n<p>Den j\u00fcngsten Bescheid vom 23.09.2022 k\u00f6nnen Sie hier herunter laden: <a title=\"Freistellungsbescheid\" href=\"https:\/\/www.fidesco-international.org\/de\/wp-content\/uploads\/sites\/2\/2022\/10\/Freistellungsbescheid-September-22.pdf\" target=\"_blank\" rel=\"noopener\">Bescheid<\/a>.<\/p>\n<p><strong>4. Namen und Funktionen<\/strong> wesentlicher Entscheidungstr\u00e4ger<\/p>\n<p>Johannes Lerch, 1. Vorsitzender<br \/>\nKarel Dekempe, 2. Vorsitzender<br \/>\nMaria Christiana von Habsburg-Lothringen, 3. Vorsitzende<\/p>\n<p>Kathrin Dusserre, Gesch\u00e4ftsf\u00fchrerin<\/p>\n<p>Hier k\u00f6nnen Sie den Aufbau von Fidesco im <a href=\"https:\/\/www.fidesco-international.org\/de\/wp-content\/uploads\/sites\/2\/2025\/05\/Organigramm-2025.pdf\" target=\"_blank\" rel=\"noopener\">Organigramm<\/a> ansehen.<\/p>\n<p><strong>5. T\u00e4tigkeitsbericht<\/strong><\/p>\n<p>Unseren T\u00e4tigkeitsbericht 2024 finden Sie in unserem <a href=\"https:\/\/www.fidesco-international.org\/de\/wp-content\/uploads\/sites\/2\/2025\/07\/Jahresbericht-2024.pdf\" target=\"_blank\" rel=\"noopener\">Jahresbericht<\/a>, Seite 11-13<\/p>\n<p><strong>6. Personalstruktur:<\/strong><\/p>\n<p>Fidesco besch\u00e4ftigt aktuell drei Teilzeitangestellte, siehe auch unser <a href=\"https:\/\/www.fidesco-international.org\/de\/wp-content\/uploads\/sites\/2\/2025\/11\/Organigramm-2025-02.pdf\" target=\"_blank\" rel=\"noopener\">Organigramm<\/a>,<\/p>\n<p>und wird von 21 ehrenamtlichen Mitarbeitern unterst\u00fctzt<\/p>\n<p><strong>7. Mittelherkunft<\/strong><\/p>\n<p>Unsere Einnahmen 2024 finden Sie im <a href=\"https:\/\/www.fidesco-international.org\/de\/wp-content\/uploads\/sites\/2\/2025\/07\/Jahresbericht-2024.pdf\" target=\"_blank\" rel=\"noopener\">Jahresbericht<\/a> Seite 5+6<\/p>\n<p><strong>8. Mittelverwendung<\/strong><\/p>\n<p>Im <a href=\"https:\/\/www.fidesco-international.org\/de\/wp-content\/uploads\/sites\/2\/2025\/07\/Jahresbericht-2024.pdf\" target=\"_blank\" rel=\"noopener\">Jahresbericht 2024<\/a> Seite 7-9 erkl\u00e4ren wir, wie wir die Mittel verwendet haben.<\/p>\n<p><strong>9. Gesellschaftsrechtliche Verbundenheit mit Dritten<\/strong><\/p>\n<p>Fidesco Deutschland ist rechtlich eigenst\u00e4ndig und arbeitet im Rahmen von Fidesco International mit den jeweiligen L\u00e4nderb\u00fcros von Fidesco zusammen. Die Zusammenarbeit ist im <a href=\"https:\/\/www.fidesco-international.org\/de\/wp-content\/uploads\/sites\/2\/2025\/07\/Jahresbericht-2024.pdf\" target=\"_blank\" rel=\"noopener\">Jahresbericht 2024<\/a> auf Seite 17+18 beschrieben.<\/p>\n<p><strong>10. Zuwendungen<\/strong><\/p>\n<p>Juristische Personen, deren Zuwendungen mehr als 10 % der gesamten Jahreseinnahmen 2024 ausgemacht haben, \u00fcberdurchschnittlich gro\u00df waren oder erw\u00e4hnenswert sind:<\/p>\n<p>7.000 \u20ac\u00a0 \u00a0 &#8211; Sternstunden<\/p>\n<p>1.000 \u20ac\u00a0 \u00a0 &#8211; Faire Welt Rastatt<\/p>\n<p>616,58 \u20ac\u00a0 &#8211; Franz-Wolff-Stiftung<\/p>\n<p>500 \u20ac\u00a0 \u00a0 \u00a0 \u00a0&#8211; SozialBank Weihnachtsaktion<\/p>\n<p>&nbsp;<\/p>\n<p>Die Spenden einzelner nat\u00fcrlicher Personen haben die Grenze von 10 % nicht \u00fcberschritten.<\/p>\n<p>H\u00f6here Spenden von Einzelpersonen (ab 2.000 \u20ac, kumuliert) waren:<\/p>\n<p>Jeweils ein Mal<\/p>\n<p>2.000 \u20ac, 2.880 \u20ac, 3.000 \u20ac, 3.120 \u20ac, 10.120 \u20ac<\/p>\n<p>jeweils zwei Mal<\/p>\n<p>7.000 \u20ac<\/p>\n<p>&nbsp;<\/p>\n<p>Aus Datenschutzgr\u00fcnden werden Privatpersonen nicht namentlich genannt.<\/p>\n<p>Die Einhaltung der Transparenzkriterien wurde im Rahmen der Pr\u00fcfung der Rechnungslegung am 13.01.2025 best\u00e4tigt.<\/p>\n<p>&nbsp;<\/p>\n<p>&nbsp;<\/p>\n","protected":false},"excerpt":{"rendered":"<p>Fidesco erf\u00fcllt die Transparenzkriterien der Initiative transparente Zivilgesellschaft Stand Juli 2025 &nbsp; &nbsp; Informationen \u00fcber Fidesco Deutschland: 1. Allgemeine Informationen Name: Fidesco e.V. Sitz: Alt\u00f6tting (Amtsgericht Traunstein, VR 201525) Anschrift Gesch\u00e4ftsstelle: Fidesco e.V., Haller Stra\u00dfe 31, 74076 Heilbronn Gr\u00fcndungsjahr: 1987 Ansprechpartner: Rolf Eichhorn Fidesco e.V. Haller Stra\u00dfe 31, 74076 Heilbronn rolf.eichhorn@fidesco.de 06027-4000-82 2. Ziele und [&hellip;]<\/p>\n","protected":false},"author":9,"featured_media":0,"parent":0,"menu_order":0,"comment_status":"closed","ping_status":"open","template":"","meta":{"footnotes":""},"class_list":["post-553","page","type-page","status-publish","hentry"],"acf":[],"_links":{"self":[{"href":"https:\/\/www.fidesco-international.org\/de\/wp-json\/wp\/v2\/pages\/553","targetHints":{"allow":["GET"]}}],"collection":[{"href":"https:\/\/www.fidesco-international.org\/de\/wp-json\/wp\/v2\/pages"}],"about":[{"href":"https:\/\/www.fidesco-international.org\/de\/wp-json\/wp\/v2\/types\/page"}],"author":[{"embeddable":true,"href":"https:\/\/www.fidesco-international.org\/de\/wp-json\/wp\/v2\/users\/9"}],"replies":[{"embeddable":true,"href":"https:\/\/www.fidesco-international.org\/de\/wp-json\/wp\/v2\/comments?post=553"}],"version-history":[{"count":57,"href":"https:\/\/www.fidesco-international.org\/de\/wp-json\/wp\/v2\/pages\/553\/revisions"}],"predecessor-version":[{"id":8662,"href":"https:\/\/www.fidesco-international.org\/de\/wp-json\/wp\/v2\/pages\/553\/revisions\/8662"}],"wp:attachment":[{"href":"https:\/\/www.fidesco-international.org\/de\/wp-json\/wp\/v2\/media?parent=553"}],"curies":[{"name":"wp","href":"https:\/\/api.w.org\/{rel}","templated":true}]}}