{"id":5813,"date":"2021-10-18T04:57:49","date_gmt":"2021-10-18T03:57:49","guid":{"rendered":"http:\/\/www.fidesco-international.org\/de\/?page_id=5813"},"modified":"2022-10-07T08:39:36","modified_gmt":"2022-10-07T07:39:36","slug":"dzi","status":"publish","type":"page","link":"https:\/\/www.fidesco-international.org\/de\/dzi\/","title":{"rendered":"DZI"},"content":{"rendered":"<p>Auch in diesem Jahr wurde Fidesco e.V. wieder das Spendensiegel des DZI &#8211; Deutsches Zentralinstituts f\u00fcr soziale Fragen &#8211; nach intensiver Pr\u00fcfung zuerkannt. Das DZI Spendensiegel ist das G\u00fctesiegel f\u00fcr seri\u00f6se Spendenorganisationen. Es belegt, dass wir mit den uns anvertrauten Geldern sorgf\u00e4ltig und verantwortungsvoll umgehen.<\/p>\n<div class=\"su-expand su-expand-collapsed su-expand-link-style-default\" data-height=\"100\"><div class=\"su-expand-content su-u-trim\" style=\"color:#333333;max-height:100px;overflow:hidden\">Mehr noch: Siegel-Organisationen verpflichten sich freiwillig, die DZI-Standards zu erf\u00fcllen und damit h\u00f6chsten Qualit\u00e4tsanspr\u00fcchen gerecht zu werden. Sie sind leistungsf\u00e4hig, arbeiten transparent, wirtschaften sparsam, informieren sachlich und wahrhaftig und haben wirksame Kontroll- und Aufsichtsstrukturen. Auf diese Weise gew\u00e4hrleisten sie, dass die ihnen zuflie\u00dfenden Spenden den gemeinn\u00fctzigen Zweck erf\u00fcllen. Das DZI Spendensiegel genie\u00dft deshalb gro\u00dfes Ansehen, sowohl in der Bev\u00f6lkerung als auch bei Beh\u00f6rden, den Medien und den Spendenorganisationen selbst. Und es wird zum wesentlichen Kriterium, wenn ein besonderes Ma\u00df an Sicherheit gefordert ist. So arbeiten viele Printmedien, TV- und Rundfunkanstalten bei Spendenaktionen nur mit Organisationen zusammen, die das DZI Spendensiegel tragen. Auch das Bundesministerium f\u00fcr wirtschaftliche Zusammenarbeit und Entwicklung (BMZ) und das Ausw\u00e4rtige Amt st\u00fctzen sich bei ihren Zuwendungsentscheidungen in besonderem Ma\u00dfe auf das Spendensiegel. Rund 230 Organisationen tragen zurzeit das DZI Spendensiegel. Im Durchschnitt sind rund 30 Prozent der Erstantr\u00e4ge nicht erfolgreich. Die Siegel-Organisationen setzen j\u00e4hrlich ein Geldspendenvolumen von 1,2 Mrd. Euro ein und damit rund ein Viertel des Spendenaufkommens in Deutschland. Daher ist das DZI Spendensiegel das wichtigste Vertrauenszeichen im Spendenwesen. Seine Bedeutung wird ihm auch von der Stiftung Warentest bescheinigt. Sie beurteilte in ihrer Zeitschrift Finanztest das Spendensiegel als \u201eechtes Qualit\u00e4tssiegel f\u00fcr Spendensammler\u201c. <a href=\"https:\/\/www.dzi.de\/organisation\/fidesco-e-v\/\" target=\"_blank\" rel=\"noopener\">Zur Fidesco-Seite auf der DZI-Website geht es hier entlang<\/a>.<\/div><div class=\"su-expand-link su-expand-link-more\" style=\"text-align:left\"><a href=\"javascript:;\" style=\"color:#0088FF;border-color:#0088FF\"><span style=\"border-color:#0088FF\">Mehr anzeigen<\/span><\/a><\/div><div class=\"su-expand-link su-expand-link-less\" style=\"text-align:left\"><a href=\"javascript:;\" style=\"color:#0088FF;border-color:#0088FF\"><span style=\"border-color:#0088FF\">weniger anzeigen<\/span><\/a><\/div><\/div>\n","protected":false},"excerpt":{"rendered":"<p>Auch in diesem Jahr wurde Fidesco e.V. wieder das Spendensiegel des DZI &#8211; Deutsches Zentralinstituts f\u00fcr soziale Fragen &#8211; nach intensiver Pr\u00fcfung zuerkannt. Das DZI Spendensiegel ist das G\u00fctesiegel f\u00fcr seri\u00f6se Spendenorganisationen. Es belegt, dass wir mit den uns anvertrauten Geldern sorgf\u00e4ltig und verantwortungsvoll umgehen.<\/p>\n","protected":false},"author":9,"featured_media":1711,"parent":0,"menu_order":0,"comment_status":"closed","ping_status":"closed","template":"","meta":{"footnotes":""},"class_list":["post-5813","page","type-page","status-publish","has-post-thumbnail","hentry"],"acf":[],"_links":{"self":[{"href":"https:\/\/www.fidesco-international.org\/de\/wp-json\/wp\/v2\/pages\/5813","targetHints":{"allow":["GET"]}}],"collection":[{"href":"https:\/\/www.fidesco-international.org\/de\/wp-json\/wp\/v2\/pages"}],"about":[{"href":"https:\/\/www.fidesco-international.org\/de\/wp-json\/wp\/v2\/types\/page"}],"author":[{"embeddable":true,"href":"https:\/\/www.fidesco-international.org\/de\/wp-json\/wp\/v2\/users\/9"}],"replies":[{"embeddable":true,"href":"https:\/\/www.fidesco-international.org\/de\/wp-json\/wp\/v2\/comments?post=5813"}],"version-history":[{"count":8,"href":"https:\/\/www.fidesco-international.org\/de\/wp-json\/wp\/v2\/pages\/5813\/revisions"}],"predecessor-version":[{"id":6804,"href":"https:\/\/www.fidesco-international.org\/de\/wp-json\/wp\/v2\/pages\/5813\/revisions\/6804"}],"wp:featuredmedia":[{"embeddable":true,"href":"https:\/\/www.fidesco-international.org\/de\/wp-json\/wp\/v2\/media\/1711"}],"wp:attachment":[{"href":"https:\/\/www.fidesco-international.org\/de\/wp-json\/wp\/v2\/media?parent=5813"}],"curies":[{"name":"wp","href":"https:\/\/api.w.org\/{rel}","templated":true}]}}