{"id":6317,"date":"2022-04-01T08:33:33","date_gmt":"2022-04-01T07:33:33","guid":{"rendered":"https:\/\/www.fidesco-international.org\/de\/?page_id=6317"},"modified":"2022-04-01T10:03:04","modified_gmt":"2022-04-01T09:03:04","slug":"maerchen-aus-ruanda","status":"publish","type":"page","link":"https:\/\/www.fidesco-international.org\/de\/maerchen-aus-ruanda\/","title":{"rendered":"M\u00e4rchen aus Ruanda"},"content":{"rendered":"<p>Liebe Kinder,<\/p>\n<p>ihr m\u00f6gt M\u00e4rchen? Das ist sch\u00f6n, denn fast alle Kinder auf der ganzen Welt m\u00f6gen M\u00e4rchen. Auch die Kinder in Ruanda. Von dort hat Karel uns ein paar mitgebracht.<\/p>\n<p>Klicht einfach auf den Titel der Geschichte und ihr kommt direkt zum M\u00e4rchen. Am sch\u00f6nsten ist es, wenn man sich die M\u00e4rchen vorlesen l\u00e4sst. Von Mama, Opa, oder den \u00e4lteren Geschwistern.<\/p>\n<p>&nbsp;<\/p>\n<p><a href=\"https:\/\/www.fidesco-international.org\/de\/?page_id=6320&amp;preview=true\" target=\"_blank\" rel=\"noopener\">Das M\u00e4rchen von Kagofero und seinen H\u00fcten<\/a><\/p>\n<p><a href=\"https:\/\/www.fidesco-international.org\/de\/der-hase-bakame-und-die-schildkroete\/\" target=\"_blank\" rel=\"noopener\">Der Hase Bakame und die Schildkr\u00f6te<\/a><\/p>\n<p>&nbsp;<\/p>\n","protected":false},"excerpt":{"rendered":"<p>Liebe Kinder, ihr m\u00f6gt M\u00e4rchen? Das ist sch\u00f6n, denn fast alle Kinder auf der ganzen Welt m\u00f6gen M\u00e4rchen. Auch die Kinder in Ruanda. Von dort hat Karel uns ein paar mitgebracht. Klicht einfach auf den Titel der Geschichte und ihr kommt direkt zum M\u00e4rchen. Am sch\u00f6nsten ist es, wenn man sich die M\u00e4rchen vorlesen l\u00e4sst. [&hellip;]<\/p>\n","protected":false},"author":9,"featured_media":0,"parent":0,"menu_order":0,"comment_status":"closed","ping_status":"closed","template":"","meta":{"footnotes":""},"class_list":["post-6317","page","type-page","status-publish","hentry"],"acf":[],"_links":{"self":[{"href":"https:\/\/www.fidesco-international.org\/de\/wp-json\/wp\/v2\/pages\/6317","targetHints":{"allow":["GET"]}}],"collection":[{"href":"https:\/\/www.fidesco-international.org\/de\/wp-json\/wp\/v2\/pages"}],"about":[{"href":"https:\/\/www.fidesco-international.org\/de\/wp-json\/wp\/v2\/types\/page"}],"author":[{"embeddable":true,"href":"https:\/\/www.fidesco-international.org\/de\/wp-json\/wp\/v2\/users\/9"}],"replies":[{"embeddable":true,"href":"https:\/\/www.fidesco-international.org\/de\/wp-json\/wp\/v2\/comments?post=6317"}],"version-history":[{"count":7,"href":"https:\/\/www.fidesco-international.org\/de\/wp-json\/wp\/v2\/pages\/6317\/revisions"}],"predecessor-version":[{"id":6333,"href":"https:\/\/www.fidesco-international.org\/de\/wp-json\/wp\/v2\/pages\/6317\/revisions\/6333"}],"wp:attachment":[{"href":"https:\/\/www.fidesco-international.org\/de\/wp-json\/wp\/v2\/media?parent=6317"}],"curies":[{"name":"wp","href":"https:\/\/api.w.org\/{rel}","templated":true}]}}