{"id":6320,"date":"2022-04-01T08:34:51","date_gmt":"2022-04-01T07:34:51","guid":{"rendered":"https:\/\/www.fidesco-international.org\/de\/?page_id=6320"},"modified":"2022-04-01T08:50:50","modified_gmt":"2022-04-01T07:50:50","slug":"das-maerchen-von-kagofero","status":"publish","type":"page","link":"https:\/\/www.fidesco-international.org\/de\/das-maerchen-von-kagofero\/","title":{"rendered":"Das M\u00e4rchen von Kagofero"},"content":{"rendered":"<p>Das M\u00e4rchen von Kagofero und seinen H\u00fcten<\/p>\n<p>&nbsp;<\/p>\n<p>In Ruanda lebte einmal ein Mann mit dem sch\u00f6nen Namen Kagofero, das bedeutet \u201eH\u00fctchen\u201c. Er hatte auf dem Markt der Stadt einen Stand und verkaufte dort H\u00fcte. Viele Leute kannten seinen richtigen Namen gar nicht, und alle nannten ihn nur Bwana Ngofero &#8211; Herr Hut. Alle mochten seine H\u00fcte.<\/p>\n<p>&nbsp;<\/p>\n<p>Eines Tages ging Herr Hut vom Markt zur\u00fcck nach Hause. Es war ein ziemlich weiter Weg, und er bekam gro\u00dfen Hunger. Zum Gl\u00fcck hatte er etwas zu essen dabei und so setzte er sich unter einen hohen Baum und a\u00df. Als er satt war, wurde er m\u00fcde und schlief ein.<\/p>\n<p>&nbsp;<\/p>\n<p>Auf dem Baum aber, unter dem Herr Hut schlief, wohnten viele Affen. Die ganze Zeit \u00fcber hatten sie beobachtet, was Herr Hut machte. Als sie nun sahen, dass Herr Hut eingeschlafen war, schlichen sie hinunter. Die Affen schauten in seine Tasche, schnappten sie sich und kletterten damit in ihren Baum zur\u00fcck. Sie freuten sich \u00fcber die erbeutete Tasche und lachten sehr laut. Ihr Geschrei wurde lauter und lauter\u2026 als sie es merkten wurden sie gleich wieder ganz still, um Herrn Hut nicht aufzuwecken.<\/p>\n<p>&nbsp;<\/p>\n<p>Der aber war schon von dem L\u00e4rm wach geworden, sah, dass die Tasche verschwunden war und jammerte: \u201eIch ungl\u00fccklicher Tropf, wo ist meine Tasche?!&#8220; Er suchte \u00fcberall, konnte sie aber nirgends finden. Herr Hut wurde sehr traurig. Er dachte: \u201eBestimmt hat irgendjemand meine Tasche gestohlen.\u201c Traurig stand er auf und setzte seinen Heimweg mit h\u00e4ngendem Kopf fort.<\/p>\n<p>&nbsp;<\/p>\n<p>Als er gerade seinen zweiten Schritt gemacht hatte, brachen die Affen \u00fcber ihm in schallendes Gel\u00e4chter aus. \u201eHi! Hihi! He!\u201c, lachten sie. Herr Hut blickte hoch und sah die Affen. Er erkannte sofort seine Tasche und die H\u00fcte, die er eben noch gesucht hatte und rief aufgeregt: \u201eGebt sofort meine Tasche und meine H\u00fcte zur\u00fcck!\u201c Aber anstatt sie herzugeben, kletterten die Affen mit ihrer Beute noch h\u00f6her in ihren Baum hinauf. Kagofero wurde sehr w\u00fctend und in seinem \u00c4rger warf er den Hut, den er trug, auf den Boden. Das sahen die Affen und \u00e4fften sein Verhalten nach. Auch sie warfen die Tasche und alle H\u00fcte auf den Boden. Da lagen sie nun, \u00fcberall verstreut! \u00dcberrascht von dieser unerwarteten Wendung sammelte Herr Hut schnell alle seine H\u00fcte auf und steckte sie froh zur\u00fcck in seine Tasche.<\/p>\n<p>&nbsp;<\/p>\n<p>\u00dcbergl\u00fccklich ging er nach Hause und sang ein fr\u00f6hliches Lied dabei.<\/p>\n","protected":false},"excerpt":{"rendered":"<p>Das M\u00e4rchen von Kagofero und seinen H\u00fcten &nbsp; In Ruanda lebte einmal ein Mann mit dem sch\u00f6nen Namen Kagofero, das bedeutet \u201eH\u00fctchen\u201c. Er hatte auf dem Markt der Stadt einen Stand und verkaufte dort H\u00fcte. Viele Leute kannten seinen richtigen Namen gar nicht, und alle nannten ihn nur Bwana Ngofero &#8211; Herr Hut. Alle mochten [&hellip;]<\/p>\n","protected":false},"author":9,"featured_media":0,"parent":0,"menu_order":0,"comment_status":"closed","ping_status":"closed","template":"","meta":{"footnotes":""},"class_list":["post-6320","page","type-page","status-publish","hentry"],"acf":[],"_links":{"self":[{"href":"https:\/\/www.fidesco-international.org\/de\/wp-json\/wp\/v2\/pages\/6320","targetHints":{"allow":["GET"]}}],"collection":[{"href":"https:\/\/www.fidesco-international.org\/de\/wp-json\/wp\/v2\/pages"}],"about":[{"href":"https:\/\/www.fidesco-international.org\/de\/wp-json\/wp\/v2\/types\/page"}],"author":[{"embeddable":true,"href":"https:\/\/www.fidesco-international.org\/de\/wp-json\/wp\/v2\/users\/9"}],"replies":[{"embeddable":true,"href":"https:\/\/www.fidesco-international.org\/de\/wp-json\/wp\/v2\/comments?post=6320"}],"version-history":[{"count":3,"href":"https:\/\/www.fidesco-international.org\/de\/wp-json\/wp\/v2\/pages\/6320\/revisions"}],"predecessor-version":[{"id":6331,"href":"https:\/\/www.fidesco-international.org\/de\/wp-json\/wp\/v2\/pages\/6320\/revisions\/6331"}],"wp:attachment":[{"href":"https:\/\/www.fidesco-international.org\/de\/wp-json\/wp\/v2\/media?parent=6320"}],"curies":[{"name":"wp","href":"https:\/\/api.w.org\/{rel}","templated":true}]}}