{"id":6324,"date":"2022-04-01T08:40:08","date_gmt":"2022-04-01T07:40:08","guid":{"rendered":"https:\/\/www.fidesco-international.org\/de\/?page_id=6324"},"modified":"2022-04-01T08:40:08","modified_gmt":"2022-04-01T07:40:08","slug":"der-hase-bakame-und-die-schildkroete","status":"publish","type":"page","link":"https:\/\/www.fidesco-international.org\/de\/der-hase-bakame-und-die-schildkroete\/","title":{"rendered":"Der Hase Bakame und die Schildkr\u00f6te"},"content":{"rendered":"<p>Der Hase Bakame und die Schildkr\u00f6te<\/p>\n<p>Einst waren der Hase Bakame und eine Schildkr\u00f6te Freunde. Bakame war bekannt daf\u00fcr, dass er sehr schnell laufen konnte.<\/p>\n<p>Eines Tages sagte Bakame zur Schildkr\u00f6te: \u201eDu bist das langsamste Tier von allen, das ich je gesehen habe.\u201c Und fortan machte sich der Hase Tag f\u00fcr Tag \u00fcber die Schildkr\u00f6te lustig. Das machte sie sehr w\u00fctend.<\/p>\n<p>Eines Tages hatte sie es satt und schlug dem Hasen vor: \u201eKomm, wir machen ein Wettrennen, dann sehen wir ja wer von uns schneller ist!\u201c \u201eWas zum Kuckuck sagst du da?\u201c, prustete Bakame los und lachte sich fast kringelig. \u00a0Schlie\u00dflich stimmte er aber dem Rennen zu und sie trafen sich am n\u00e4chsten Samstagnachmittag, um gegeneinander anzutreten.<\/p>\n<p>Sogar die L\u00f6wen kamen, um sich das Wettrennen anzusehen. Und auch die anderen Tiere lie\u00dfen sich das Schauspiel nicht entgehen.<\/p>\n<p>Der Elefant tr\u00f6tete mit seinem R\u00fcssel zum Start und das Rennen ging los. Der Hase Bakame rannte sogleich los so schnell er konnte. Die Schildkr\u00f6te hinkte hinterher, sie war wie vor den Kopf gesto\u00dfen. Schon nach kurzer Zeit hatte der Hase einen riesigen Vorsprung. Die Schildkr\u00f6te konnte in der Ferne nur noch seinen Schwanz erkennen. Der Sieg war Bakame sicher.<\/p>\n<p>Da kam er an einem wundersch\u00f6nen schattigen Baum vorbei und sagte sich: \u201eEs ist hei\u00df, ich will mich hier ein wenig ausruhen, die Schildkr\u00f6te kann mich bestimmt nicht so schnell \u00fcberholen.\u201c Er fing an zu schnarchen und tr\u00e4umte sch\u00f6n.<\/p>\n<p>Die Schildkr\u00f6te erblickte den schlafenden Hasen, ergriff ihre Chance beim Schopf, ging langsam aber stetig weiter auf das Ziel zu und \u00fcberholte Bakame schlie\u00dflich. Die Tiere waren alle ganz gespannt, wer als Sieger nach Hause gehen w\u00fcrde. Als die Schildkr\u00f6te an die Ziellinie kam, da fingen die Tiere an zu applaudierten und riefen laut: \u201eHoch lebe die Schildkr\u00f6te! Sie lebe hoch!&#8220;<\/p>\n<p>Die Schildkr\u00f6te hatte zwar viel Zeit gebraucht, war aber schlie\u00dflich als Erster ins Ziel gekommen.<\/p>\n<p>Das laute Geschrei der Zuschauer weckte den Hasen Bakame auf. &#8222;Ach du lieber Himmel!&#8220; Da fiel ihm der Wettlauf wieder ein und er rannte los in Richtung Ziel. Es war jedoch zu sp\u00e4t, denn die Schildkr\u00f6te hatte ja bereits gewonnen.<\/p>\n","protected":false},"excerpt":{"rendered":"<p>Der Hase Bakame und die Schildkr\u00f6te Einst waren der Hase Bakame und eine Schildkr\u00f6te Freunde. Bakame war bekannt daf\u00fcr, dass er sehr schnell laufen konnte. Eines Tages sagte Bakame zur Schildkr\u00f6te: \u201eDu bist das langsamste Tier von allen, das ich je gesehen habe.\u201c Und fortan machte sich der Hase Tag f\u00fcr Tag \u00fcber die Schildkr\u00f6te [&hellip;]<\/p>\n","protected":false},"author":9,"featured_media":0,"parent":0,"menu_order":0,"comment_status":"closed","ping_status":"closed","template":"","meta":{"footnotes":""},"class_list":["post-6324","page","type-page","status-publish","hentry"],"acf":[],"_links":{"self":[{"href":"https:\/\/www.fidesco-international.org\/de\/wp-json\/wp\/v2\/pages\/6324","targetHints":{"allow":["GET"]}}],"collection":[{"href":"https:\/\/www.fidesco-international.org\/de\/wp-json\/wp\/v2\/pages"}],"about":[{"href":"https:\/\/www.fidesco-international.org\/de\/wp-json\/wp\/v2\/types\/page"}],"author":[{"embeddable":true,"href":"https:\/\/www.fidesco-international.org\/de\/wp-json\/wp\/v2\/users\/9"}],"replies":[{"embeddable":true,"href":"https:\/\/www.fidesco-international.org\/de\/wp-json\/wp\/v2\/comments?post=6324"}],"version-history":[{"count":1,"href":"https:\/\/www.fidesco-international.org\/de\/wp-json\/wp\/v2\/pages\/6324\/revisions"}],"predecessor-version":[{"id":6325,"href":"https:\/\/www.fidesco-international.org\/de\/wp-json\/wp\/v2\/pages\/6324\/revisions\/6325"}],"wp:attachment":[{"href":"https:\/\/www.fidesco-international.org\/de\/wp-json\/wp\/v2\/media?parent=6324"}],"curies":[{"name":"wp","href":"https:\/\/api.w.org\/{rel}","templated":true}]}}