{"id":73,"date":"2014-05-31T12:54:09","date_gmt":"2014-05-31T11:54:09","guid":{"rendered":"http:\/\/www.fidesco-international.org\/de\/?page_id=73"},"modified":"2020-07-15T09:54:35","modified_gmt":"2020-07-15T08:54:35","slug":"unsere-projekte","status":"publish","type":"page","link":"https:\/\/www.fidesco-international.org\/de\/unsere-projekte\/","title":{"rendered":"Unsere Projekte"},"content":{"rendered":"<h4>Auch wenn die Tr\u00e4gerschaft l\u00e4ngst in die Verantwortung der Menschen vor Ort gegangen ist, sind wir &#8222;unseren&#8220; Projekten noch immer sehr verbunden. Wir senden regelm\u00e4\u00dfig Volont\u00e4re zur Mitarbeit und bei gr\u00f6\u00dferen Vorhaben unterst\u00fctzen wir die Arbeit auch mit finanziellen Mitteln.<\/h4>\n","protected":false},"excerpt":{"rendered":"<p>Auch wenn die Tr\u00e4gerschaft l\u00e4ngst in die Verantwortung der Menschen vor Ort gegangen ist, sind wir &#8222;unseren&#8220; Projekten noch immer sehr verbunden. Wir senden regelm\u00e4\u00dfig Volont\u00e4re zur Mitarbeit und bei gr\u00f6\u00dferen Vorhaben unterst\u00fctzen wir die Arbeit auch mit finanziellen Mitteln.<\/p>\n","protected":false},"author":9,"featured_media":0,"parent":0,"menu_order":0,"comment_status":"closed","ping_status":"open","template":"page-templates\/page-prj.php","meta":{"footnotes":""},"class_list":["post-73","page","type-page","status-publish","hentry"],"acf":[],"_links":{"self":[{"href":"https:\/\/www.fidesco-international.org\/de\/wp-json\/wp\/v2\/pages\/73","targetHints":{"allow":["GET"]}}],"collection":[{"href":"https:\/\/www.fidesco-international.org\/de\/wp-json\/wp\/v2\/pages"}],"about":[{"href":"https:\/\/www.fidesco-international.org\/de\/wp-json\/wp\/v2\/types\/page"}],"author":[{"embeddable":true,"href":"https:\/\/www.fidesco-international.org\/de\/wp-json\/wp\/v2\/users\/9"}],"replies":[{"embeddable":true,"href":"https:\/\/www.fidesco-international.org\/de\/wp-json\/wp\/v2\/comments?post=73"}],"version-history":[{"count":9,"href":"https:\/\/www.fidesco-international.org\/de\/wp-json\/wp\/v2\/pages\/73\/revisions"}],"predecessor-version":[{"id":4937,"href":"https:\/\/www.fidesco-international.org\/de\/wp-json\/wp\/v2\/pages\/73\/revisions\/4937"}],"wp:attachment":[{"href":"https:\/\/www.fidesco-international.org\/de\/wp-json\/wp\/v2\/media?parent=73"}],"curies":[{"name":"wp","href":"https:\/\/api.w.org\/{rel}","templated":true}]}}