{"id":787,"date":"2015-09-16T12:28:05","date_gmt":"2015-09-16T11:28:05","guid":{"rendered":"http:\/\/www.fidesco-international.org\/de\/?page_id=787"},"modified":"2022-03-04T07:14:16","modified_gmt":"2022-03-04T06:14:16","slug":"anmeldung-zum-fidesco-brief","status":"publish","type":"page","link":"https:\/\/www.fidesco-international.org\/de\/anmeldung-zum-fidesco-brief\/","title":{"rendered":"Anmeldung zum Fidesco-Brief"},"content":{"rendered":"<h1>Unser ausf\u00fchrlicher, gedruckter Fidesco-Brief erscheint zwei Mal im Jahr,<\/h1>\n<p>im Advent und in der Fastenzeit. Wenn Sie den Brief gerne bekommen m\u00f6chten f\u00fcllen Sie bitte das Formular vollst\u00e4ndig aus:<\/p>\n\n<div class=\"wpcf7 no-js\" id=\"wpcf7-f796-o1\" lang=\"de-DE\" dir=\"ltr\" data-wpcf7-id=\"796\">\n<div class=\"screen-reader-response\"><p role=\"status\" aria-live=\"polite\" aria-atomic=\"true\"><\/p> <ul><\/ul><\/div>\n<form action=\"\/de\/wp-json\/wp\/v2\/pages\/787#wpcf7-f796-o1\" method=\"post\" class=\"wpcf7-form init\" aria-label=\"Kontaktformular\" novalidate=\"novalidate\" data-status=\"init\">\n<div style=\"display: none;\">\n<input type=\"hidden\" name=\"_wpcf7\" value=\"796\" \/>\n<input type=\"hidden\" name=\"_wpcf7_version\" value=\"6.0.1\" \/>\n<input type=\"hidden\" name=\"_wpcf7_locale\" value=\"de_DE\" \/>\n<input type=\"hidden\" name=\"_wpcf7_unit_tag\" value=\"wpcf7-f796-o1\" \/>\n<input type=\"hidden\" name=\"_wpcf7_container_post\" value=\"0\" \/>\n<input type=\"hidden\" name=\"_wpcf7_posted_data_hash\" value=\"\" \/>\n<input type=\"hidden\" name=\"_wpcf7dtx_version\" value=\"5.0.2\" \/>\n<input type=\"hidden\" name=\"_wpcf7_recaptcha_response\" value=\"\" \/>\n<\/div>\n<p>Ihr Vorname (Pflichtfeld)\n<\/p>\n<p><span class=\"wpcf7-form-control-wrap\" data-name=\"your-prename\"><input size=\"40\" maxlength=\"400\" class=\"wpcf7-form-control wpcf7-text wpcf7-validates-as-required\" aria-required=\"true\" aria-invalid=\"false\" value=\"\" type=\"text\" name=\"your-prename\" \/><\/span>\n<\/p>\n<p>Ihr Name (Pflichtfeld)\n<\/p>\n<p><span class=\"wpcf7-form-control-wrap\" data-name=\"your-surname\"><input size=\"40\" maxlength=\"400\" class=\"wpcf7-form-control wpcf7-text wpcf7-validates-as-required\" aria-required=\"true\" aria-invalid=\"false\" value=\"\" type=\"text\" name=\"your-surname\" \/><\/span>\n<\/p>\n<p>Stra\u00dfe und Hausnummer (Pflichtfeld)\n<\/p>\n<p><span class=\"wpcf7-form-control-wrap\" data-name=\"text-854\"><input size=\"40\" maxlength=\"400\" class=\"wpcf7-form-control wpcf7-text wpcf7-validates-as-required\" aria-required=\"true\" aria-invalid=\"false\" value=\"\" type=\"text\" name=\"text-854\" \/><\/span>\n<\/p>\n<p>Postleitzahl (Pflichtfeld)\n<\/p>\n<p><span class=\"wpcf7-form-control-wrap\" data-name=\"text-893\"><input size=\"40\" maxlength=\"400\" class=\"wpcf7-form-control wpcf7-text wpcf7-validates-as-required\" aria-required=\"true\" aria-invalid=\"false\" value=\"\" type=\"text\" name=\"text-893\" \/><\/span>\n<\/p>\n<p>Stadt (Pflichtfeld)\n<\/p>\n<p><span class=\"wpcf7-form-control-wrap\" data-name=\"text-303\"><input size=\"40\" maxlength=\"400\" class=\"wpcf7-form-control wpcf7-text wpcf7-validates-as-required\" aria-required=\"true\" aria-invalid=\"false\" value=\"\" type=\"text\" name=\"text-303\" \/><\/span>\n<\/p>\n<p>E-Mail (Pflichtfeld)\n<\/p>\n<p><span class=\"wpcf7-form-control-wrap\" data-name=\"email-986\"><input size=\"40\" maxlength=\"400\" class=\"wpcf7-form-control wpcf7-email wpcf7-validates-as-required wpcf7-text wpcf7-validates-as-email\" aria-required=\"true\" aria-invalid=\"false\" value=\"\" type=\"email\" name=\"email-986\" \/><\/span>\n<\/p>\n<p>Betreff\n<\/p>\n<p><span class=\"wpcf7-form-control-wrap\" data-name=\"your-subject\"><input size=\"40\" maxlength=\"400\" class=\"wpcf7-form-control wpcf7-text\" aria-invalid=\"false\" value=\"\" type=\"text\" name=\"your-subject\" \/><\/span>\n<\/p>\n<p>Ihre Nachricht\n<\/p>\n<p><span class=\"wpcf7-form-control-wrap\" data-name=\"your-message\"><textarea cols=\"40\" rows=\"10\" maxlength=\"2000\" class=\"wpcf7-form-control wpcf7-textarea\" aria-invalid=\"false\" name=\"your-message\"><\/textarea><\/span>\n<\/p>\n<p><b>Bitte beachten Sie<\/b><br \/>\nunsere <a title=\"Datenschutzerkl\u00e4rung\" href=\"https:\/\/www.fidesco-international.org\/de\/datenschutzerklaerung\/\/\" target=\"_blank\">Datenschutzerkl\u00e4rung<\/a>\n<\/p>\n<p><span class=\"wpcf7-form-control-wrap\" data-name=\"acceptance-803\"><span class=\"wpcf7-form-control wpcf7-acceptance\"><span class=\"wpcf7-list-item\"><label><input type=\"checkbox\" name=\"acceptance-803\" value=\"1\" aria-invalid=\"false\" \/><span class=\"wpcf7-list-item-label\">Ich stimme der Speicherung und Verarbeitung meiner Daten nach der EU-DSGVO zu und akzeptiere die Datenschutzerkl\u00e4rung.<\/span><\/label><\/span><\/span><\/span>\n<\/p>\n<p>\n\n<\/p>\n<p><input class=\"wpcf7-form-control wpcf7-submit has-spinner\" type=\"submit\" value=\"Senden\" \/>\n<\/p><p style=\"display: none !important;\" class=\"akismet-fields-container\" data-prefix=\"_wpcf7_ak_\"><label>&#916;<textarea name=\"_wpcf7_ak_hp_textarea\" cols=\"45\" rows=\"8\" maxlength=\"100\"><\/textarea><\/label><input type=\"hidden\" id=\"ak_js_1\" name=\"_wpcf7_ak_js\" value=\"196\"\/><script>document.getElementById( \"ak_js_1\" ).setAttribute( \"value\", ( new Date() ).getTime() );<\/script><\/p><div class=\"wpcf7-response-output\" aria-hidden=\"true\"><\/div>\n<\/form>\n<\/div>\n\n<p>&nbsp;<\/p>\n<p>Sie wollen auch in der Zwischenzeit gut informiert sein? Nutzen Sie unseren Newsletter. Er versorgt Sie kurz und b\u00fcndig mit Neuigkeiten direkt an Ihre Mailadresse.<\/p>\n<p>&nbsp;<\/p>\n<p>&nbsp;<\/p>\n<p>&nbsp;<\/p>\n<p>&nbsp;<\/p>\n<p>&nbsp;<\/p>\n","protected":false},"excerpt":{"rendered":"<p>Unser ausf\u00fchrlicher, gedruckter Fidesco-Brief erscheint zwei Mal im Jahr, im Advent und in der Fastenzeit. Wenn Sie den Brief gerne bekommen m\u00f6chten f\u00fcllen Sie bitte das Formular vollst\u00e4ndig aus: &nbsp; Sie wollen auch in der Zwischenzeit gut informiert sein? Nutzen Sie unseren Newsletter. Er versorgt Sie kurz und b\u00fcndig mit Neuigkeiten direkt an Ihre Mailadresse. [&hellip;]<\/p>\n","protected":false},"author":9,"featured_media":0,"parent":0,"menu_order":0,"comment_status":"closed","ping_status":"open","template":"","meta":{"footnotes":""},"class_list":["post-787","page","type-page","status-publish","hentry"],"acf":[],"_links":{"self":[{"href":"https:\/\/www.fidesco-international.org\/de\/wp-json\/wp\/v2\/pages\/787","targetHints":{"allow":["GET"]}}],"collection":[{"href":"https:\/\/www.fidesco-international.org\/de\/wp-json\/wp\/v2\/pages"}],"about":[{"href":"https:\/\/www.fidesco-international.org\/de\/wp-json\/wp\/v2\/types\/page"}],"author":[{"embeddable":true,"href":"https:\/\/www.fidesco-international.org\/de\/wp-json\/wp\/v2\/users\/9"}],"replies":[{"embeddable":true,"href":"https:\/\/www.fidesco-international.org\/de\/wp-json\/wp\/v2\/comments?post=787"}],"version-history":[{"count":27,"href":"https:\/\/www.fidesco-international.org\/de\/wp-json\/wp\/v2\/pages\/787\/revisions"}],"predecessor-version":[{"id":6279,"href":"https:\/\/www.fidesco-international.org\/de\/wp-json\/wp\/v2\/pages\/787\/revisions\/6279"}],"wp:attachment":[{"href":"https:\/\/www.fidesco-international.org\/de\/wp-json\/wp\/v2\/media?parent=787"}],"curies":[{"name":"wp","href":"https:\/\/api.w.org\/{rel}","templated":true}]}}