{"id":12796,"date":"2024-12-02T22:44:16","date_gmt":"2024-12-02T20:44:16","guid":{"rendered":"https:\/\/www.fidesco-international.org\/nl\/?page_id=12796"},"modified":"2024-12-02T22:44:16","modified_gmt":"2024-12-02T20:44:16","slug":"kerstbrief-2024-fidesco-kids","status":"publish","type":"page","link":"https:\/\/www.fidesco-international.org\/nl\/kerstbrief-2024-fidesco-kids\/","title":{"rendered":"Kerstbrief 2024 &#8211; Fidesco kids"},"content":{"rendered":"<p>Deze zomer bedachten de Fidesco kids zelf een actie. Ze zamelen oud kaarsvet in en gieten daar nieuwe kaarsen van die z\u0133 (online) verkopen en langs brengen b\u0133 de afnemers. Ook stonden z\u0133 met hun actie op een Afrikaanse kerstmarkt in Den Haag. De opbrengst van hun verkoop komt helemaal ten goede aan onze projecten. Tot nu toe staat hun teller op 1.672,- euro. De actie levert niet alleen geld op maar ook saamhorigheid. De ouderen uit de w\u0133k z\u0133n bl\u0133 met de komst van de kinderen, hun gesprekjes en steunen van harte Fidesco. U begr\u0133pt dat de Fidesco-kids niet zonder een afzetmarkt kunnen! Misschien een mooi cadeautje, ze hebben wel 40 verschillende modellen? De <a href=\"https:\/\/www.fidesco-international.org\/nl\/wp-content\/uploads\/sites\/3\/2024\/11\/Kaarsencatalogus-heel-gecomprimeerd-2.pdf\" target=\"_blank\" rel=\"noopener\">catalogus<\/a> en w\u0133ze van bestellen vindt u terug op onze website onder Fidesco <a href=\"https:\/\/www.fidesco-international.org\/nl\/fidesco-kids\/\" target=\"_blank\" rel=\"noopener\">kids<\/a>.<\/p>\n","protected":false},"excerpt":{"rendered":"<p>Deze zomer bedachten de Fidesco kids zelf een actie. Ze zamelen oud kaarsvet in en gieten daar nieuwe kaarsen van die z\u0133 (online) verkopen en langs brengen b\u0133 de afnemers. Ook stonden z\u0133 met hun actie op een Afrikaanse kerstmarkt in Den Haag. De opbrengst van hun verkoop komt helemaal ten goede aan onze projecten. [&hellip;]<\/p>\n","protected":false},"author":16,"featured_media":12797,"parent":0,"menu_order":0,"comment_status":"closed","ping_status":"closed","template":"","meta":{"footnotes":""},"class_list":["post-12796","page","type-page","status-publish","has-post-thumbnail","hentry"],"acf":[],"_links":{"self":[{"href":"https:\/\/www.fidesco-international.org\/nl\/wp-json\/wp\/v2\/pages\/12796","targetHints":{"allow":["GET"]}}],"collection":[{"href":"https:\/\/www.fidesco-international.org\/nl\/wp-json\/wp\/v2\/pages"}],"about":[{"href":"https:\/\/www.fidesco-international.org\/nl\/wp-json\/wp\/v2\/types\/page"}],"author":[{"embeddable":true,"href":"https:\/\/www.fidesco-international.org\/nl\/wp-json\/wp\/v2\/users\/16"}],"replies":[{"embeddable":true,"href":"https:\/\/www.fidesco-international.org\/nl\/wp-json\/wp\/v2\/comments?post=12796"}],"version-history":[{"count":1,"href":"https:\/\/www.fidesco-international.org\/nl\/wp-json\/wp\/v2\/pages\/12796\/revisions"}],"predecessor-version":[{"id":12798,"href":"https:\/\/www.fidesco-international.org\/nl\/wp-json\/wp\/v2\/pages\/12796\/revisions\/12798"}],"wp:featuredmedia":[{"embeddable":true,"href":"https:\/\/www.fidesco-international.org\/nl\/wp-json\/wp\/v2\/media\/12797"}],"wp:attachment":[{"href":"https:\/\/www.fidesco-international.org\/nl\/wp-json\/wp\/v2\/media?parent=12796"}],"curies":[{"name":"wp","href":"https:\/\/api.w.org\/{rel}","templated":true}]}}