{"id":371,"date":"2014-07-19T22:24:11","date_gmt":"2014-07-19T20:24:11","guid":{"rendered":"http:\/\/www.fidesco-international.org\/nl\/?page_id=371"},"modified":"2021-02-01T22:48:51","modified_gmt":"2021-02-01T20:48:51","slug":"onderwijs-in-brazilies-sloppenwijken","status":"publish","type":"page","link":"https:\/\/www.fidesco-international.org\/nl\/onderwijs-in-brazilies-sloppenwijken\/","title":{"rendered":"Onderwijs in Brazili\u00eb&#8217;s sloppenwijken"},"content":{"rendered":"<p><a href=\"https:\/\/www.fidesco-international.org\/nl\/wp-content\/uploads\/sites\/3\/2021\/02\/Projectblad-educatie-in-Brazilie_nieuw.pdf\" target=\"_blank\" rel=\"noopener noreferrer\"><img loading=\"lazy\" decoding=\"async\" class=\"alignleft wp-image-8608 size-medium\" src=\"https:\/\/www.fidesco-international.org\/nl\/wp-content\/uploads\/sites\/3\/2014\/07\/Schermafbeelding-2021-02-01-om-21.45.20-212x300.png\" alt=\"\" width=\"212\" height=\"300\" srcset=\"https:\/\/www.fidesco-international.org\/nl\/wp-content\/uploads\/sites\/3\/2014\/07\/Schermafbeelding-2021-02-01-om-21.45.20-212x300.png 212w, https:\/\/www.fidesco-international.org\/nl\/wp-content\/uploads\/sites\/3\/2014\/07\/Schermafbeelding-2021-02-01-om-21.45.20-481x680.png 481w, https:\/\/www.fidesco-international.org\/nl\/wp-content\/uploads\/sites\/3\/2014\/07\/Schermafbeelding-2021-02-01-om-21.45.20-71x100.png 71w, https:\/\/www.fidesco-international.org\/nl\/wp-content\/uploads\/sites\/3\/2014\/07\/Schermafbeelding-2021-02-01-om-21.45.20.png 494w\" sizes=\"auto, (max-width: 212px) 100vw, 212px\" \/><\/a><\/p>\n<p><strong>Onderwijs in Brazili\u00eb&#8217;s sloppenwijken<\/strong><\/p>\n<p>In Noordoost Brazili\u00eb, in S\u00e3o Salvador da Bahia de Todos os Santos, krijgen vrouwen onderricht in koken, ouderen-zorg \u00a0en computerles. Met hun diploma op zak kunnen zij op zoek gaan naar stabiel werk.<\/p>\n<p>Door deel te nemen aan het project \u201cProcapaz\u201d vergroten de vrouwen hun kans op de arbeidsmarkt. Wanneer de vrouwen zelf geld verdienen krijgen de vrouwen meer waardigheid en kunnen zowel zij als hun kinderen een beter leefmilieu genieten. Hun mannen hebben vaak alcoholproblemen en gaan hun eigen weg.<\/p>\n<p>De opleidingen tezamen kosten al\u00a0\u20ac 13.000,00. Betaalt u daar een deel aan mee?<\/p>\n<p>Klik op de afbeelding voor meer informatie over dit project.<\/p>\n","protected":false},"excerpt":{"rendered":"<p>Onderwijs in Brazili\u00eb&#8217;s sloppenwijken In Noordoost Brazili\u00eb, in S\u00e3o Salvador da Bahia de Todos os Santos, krijgen vrouwen onderricht in koken, ouderen-zorg \u00a0en computerles. Met hun diploma op zak kunnen zij op zoek gaan naar stabiel werk. Door deel te nemen aan het project \u201cProcapaz\u201d vergroten de vrouwen hun kans op de arbeidsmarkt. Wanneer de [&hellip;]<\/p>\n","protected":false},"author":16,"featured_media":0,"parent":0,"menu_order":0,"comment_status":"closed","ping_status":"open","template":"page-templates\/page-prj.php","meta":{"footnotes":""},"class_list":["post-371","page","type-page","status-publish","hentry"],"acf":[],"_links":{"self":[{"href":"https:\/\/www.fidesco-international.org\/nl\/wp-json\/wp\/v2\/pages\/371","targetHints":{"allow":["GET"]}}],"collection":[{"href":"https:\/\/www.fidesco-international.org\/nl\/wp-json\/wp\/v2\/pages"}],"about":[{"href":"https:\/\/www.fidesco-international.org\/nl\/wp-json\/wp\/v2\/types\/page"}],"author":[{"embeddable":true,"href":"https:\/\/www.fidesco-international.org\/nl\/wp-json\/wp\/v2\/users\/16"}],"replies":[{"embeddable":true,"href":"https:\/\/www.fidesco-international.org\/nl\/wp-json\/wp\/v2\/comments?post=371"}],"version-history":[{"count":11,"href":"https:\/\/www.fidesco-international.org\/nl\/wp-json\/wp\/v2\/pages\/371\/revisions"}],"predecessor-version":[{"id":374,"href":"https:\/\/www.fidesco-international.org\/nl\/wp-json\/wp\/v2\/pages\/371\/revisions\/374"}],"wp:attachment":[{"href":"https:\/\/www.fidesco-international.org\/nl\/wp-json\/wp\/v2\/media?parent=371"}],"curies":[{"name":"wp","href":"https:\/\/api.w.org\/{rel}","templated":true}]}}