{"id":103,"date":"2014-10-01T21:20:46","date_gmt":"2014-10-01T20:20:46","guid":{"rendered":"http:\/\/www.fidesco-international.org\/pl\/?page_id=103"},"modified":"2016-01-17T22:02:27","modified_gmt":"2016-01-17T21:02:27","slug":"kim-jestesmy","status":"publish","type":"page","link":"https:\/\/www.fidesco-international.org\/pl\/kim-jestesmy\/","title":{"rendered":"Kim jeste\u015bmy"},"content":{"rendered":"<p>Fidesco jest katolick\u0105 organizacj\u0105, kt\u00f3ra wysy\u0142a wolontariuszy do kraj\u00f3w rozwijaj\u0105cych si\u0119, aby swoj\u0105 wiedz\u0105 i umiej\u0119tno\u015bciami s\u0142u\u017cyli miejscowej ludno\u015bci.<\/p>\n<p>Fidesco zosta\u0142o za\u0142o\u017cone przez katolick\u0105 Wsp\u00f3lnot\u0119 Emmanuel w 1981 roku na pro\u015bb\u0119 biskup\u00f3w afryka\u0144skich.<\/p>\n<p>Na pro\u015bb\u0119 lokalnych partner\u00f3w Fidesco zarz\u0105dza tak\u017ce dziesi\u0119cioma projektami rozwojowymi. W szczeg\u00f3lno\u015bci s\u0105 to przychodnia w Matoto w Gwinei, o\u015brodek dla dzieci ulicy w Kigali w Rwandzie i szko\u0142a zawodowa w Port-au-Prince na Haiti.<\/p>\n<p>Wolontariusze Fidesco pracuj\u0105 we wsp\u00f3\u0142pracy z lokalnymi partnerami Ko\u015bcio\u0142a Katolickiego w o\u015brodkach zdrowia, szko\u0142ach, rolnictwie, sieroci\u0144cach, obozach dla uchod\u017ac\u00f3w, o\u015brodkach dla dzieci ulicy, w budownictwie&#8230;<\/p>\n<p>Fidesco w liczbach<br \/>\n&#8211; Blisko 170 wolontariuszy obecnie na misjach<\/p>\n<p>&#8211; Ponad 150 projekt\u00f3w na ca\u0142ym \u015bwiecie<\/p>\n<p>&#8211; Ponad 1300 by\u0142ych wolontariuszy (w tym 22 Polak\u00f3w)<\/p>\n<p>&#8211; Ponad 33 lata do\u015bwiadcze\u0144<\/p>\n","protected":false},"excerpt":{"rendered":"<p>Fidesco jest katolick\u0105 organizacj\u0105, kt\u00f3ra wysy\u0142a wolontariuszy do kraj\u00f3w rozwijaj\u0105cych si\u0119, aby swoj\u0105 wiedz\u0105 i umiej\u0119tno\u015bciami s\u0142u\u017cyli miejscowej ludno\u015bci. Fidesco zosta\u0142o za\u0142o\u017cone przez katolick\u0105 Wsp\u00f3lnot\u0119 Emmanuel w 1981 roku na pro\u015bb\u0119 biskup\u00f3w afryka\u0144skich. Na pro\u015bb\u0119 lokalnych partner\u00f3w Fidesco zarz\u0105dza tak\u017ce dziesi\u0119cioma projektami rozwojowymi. W szczeg\u00f3lno\u015bci s\u0105 to przychodnia w Matoto w Gwinei, o\u015brodek dla dzieci [&hellip;]<\/p>\n","protected":false},"author":13,"featured_media":0,"parent":0,"menu_order":2,"comment_status":"closed","ping_status":"open","template":"","meta":{"footnotes":""},"class_list":["post-103","page","type-page","status-publish","hentry"],"acf":[],"_links":{"self":[{"href":"https:\/\/www.fidesco-international.org\/pl\/wp-json\/wp\/v2\/pages\/103","targetHints":{"allow":["GET"]}}],"collection":[{"href":"https:\/\/www.fidesco-international.org\/pl\/wp-json\/wp\/v2\/pages"}],"about":[{"href":"https:\/\/www.fidesco-international.org\/pl\/wp-json\/wp\/v2\/types\/page"}],"author":[{"embeddable":true,"href":"https:\/\/www.fidesco-international.org\/pl\/wp-json\/wp\/v2\/users\/13"}],"replies":[{"embeddable":true,"href":"https:\/\/www.fidesco-international.org\/pl\/wp-json\/wp\/v2\/comments?post=103"}],"version-history":[{"count":5,"href":"https:\/\/www.fidesco-international.org\/pl\/wp-json\/wp\/v2\/pages\/103\/revisions"}],"predecessor-version":[{"id":236,"href":"https:\/\/www.fidesco-international.org\/pl\/wp-json\/wp\/v2\/pages\/103\/revisions\/236"}],"wp:attachment":[{"href":"https:\/\/www.fidesco-international.org\/pl\/wp-json\/wp\/v2\/media?parent=103"}],"curies":[{"name":"wp","href":"https:\/\/api.w.org\/{rel}","templated":true}]}}