{"id":117,"date":"2014-11-18T22:58:13","date_gmt":"2014-11-18T21:58:13","guid":{"rendered":"http:\/\/www.fidesco-international.org\/pl\/?page_id=117"},"modified":"2018-09-18T22:16:50","modified_gmt":"2018-09-18T21:16:50","slug":"jak-zostac-wolontariuszem","status":"publish","type":"page","link":"https:\/\/www.fidesco-international.org\/pl\/wolonatriusze\/jak-zostac-wolontariuszem\/","title":{"rendered":"Jak zosta\u0107 wolontariuszem?"},"content":{"rendered":"<p>Aby zosta\u0107 wolontariuszem Fidesco, wy\u015blij na adres: misje@fidesco.pl CV i list motywacyjny po polsku i angielsku lub francusku. Je\u015bli zaakceptujemy Twoj\u0105 kandydatur\u0119, zaprosimy Ci\u0119 na dzie\u0144 zapoznawczy, podczas kt\u00f3rego otrzymasz informacje, kt\u00f3re pomog\u0105 Ci lepiej przyjrze\u0107 si\u0119 Twojemu pragnieniu wyjazdu na misje. W czasie spotkania b\u0119dziemy rozmawia\u0107 na temat Twoich motywacji, talent\u00f3w, przygotowania zawodowego, do\u015bwiadczenia, oczekiwa\u0144, itd.<\/p>\n<p>&nbsp;<\/p>\n","protected":false},"excerpt":{"rendered":"<p>Aby zosta\u0107 wolontariuszem Fidesco, wy\u015blij na adres: misje@fidesco.pl CV i list motywacyjny po polsku i angielsku lub francusku. Je\u015bli zaakceptujemy Twoj\u0105 kandydatur\u0119, zaprosimy Ci\u0119 na dzie\u0144 zapoznawczy, podczas kt\u00f3rego otrzymasz informacje, kt\u00f3re pomog\u0105 Ci lepiej przyjrze\u0107 si\u0119 Twojemu pragnieniu wyjazdu na misje. W czasie spotkania b\u0119dziemy rozmawia\u0107 na temat Twoich motywacji, talent\u00f3w, przygotowania zawodowego, do\u015bwiadczenia, [&hellip;]<\/p>\n","protected":false},"author":13,"featured_media":0,"parent":13,"menu_order":0,"comment_status":"closed","ping_status":"open","template":"","meta":{"footnotes":""},"class_list":["post-117","page","type-page","status-publish","hentry"],"acf":[],"_links":{"self":[{"href":"https:\/\/www.fidesco-international.org\/pl\/wp-json\/wp\/v2\/pages\/117","targetHints":{"allow":["GET"]}}],"collection":[{"href":"https:\/\/www.fidesco-international.org\/pl\/wp-json\/wp\/v2\/pages"}],"about":[{"href":"https:\/\/www.fidesco-international.org\/pl\/wp-json\/wp\/v2\/types\/page"}],"author":[{"embeddable":true,"href":"https:\/\/www.fidesco-international.org\/pl\/wp-json\/wp\/v2\/users\/13"}],"replies":[{"embeddable":true,"href":"https:\/\/www.fidesco-international.org\/pl\/wp-json\/wp\/v2\/comments?post=117"}],"version-history":[{"count":9,"href":"https:\/\/www.fidesco-international.org\/pl\/wp-json\/wp\/v2\/pages\/117\/revisions"}],"predecessor-version":[{"id":403,"href":"https:\/\/www.fidesco-international.org\/pl\/wp-json\/wp\/v2\/pages\/117\/revisions\/403"}],"up":[{"embeddable":true,"href":"https:\/\/www.fidesco-international.org\/pl\/wp-json\/wp\/v2\/pages\/13"}],"wp:attachment":[{"href":"https:\/\/www.fidesco-international.org\/pl\/wp-json\/wp\/v2\/media?parent=117"}],"curies":[{"name":"wp","href":"https:\/\/api.w.org\/{rel}","templated":true}]}}