{"id":145,"date":"2014-12-04T22:04:05","date_gmt":"2014-12-04T21:04:05","guid":{"rendered":"http:\/\/www.fidesco-international.org\/pl\/?page_id=145"},"modified":"2018-09-18T22:27:52","modified_gmt":"2018-09-18T21:27:52","slug":"warunki-wyjazdu-na-misje","status":"publish","type":"page","link":"https:\/\/www.fidesco-international.org\/pl\/wolonatriusze\/warunki-wyjazdu-na-misje\/","title":{"rendered":"Warunki wyjazdu na misje"},"content":{"rendered":"<p><strong>Aby zosta\u0107 wolontariuszem Fidesco, nale\u017cy:<\/strong><br \/>\n&#8211; mie\u0107 uko\u0144czone 21 lat<br \/>\n&#8211; cieszy\u0107 si\u0119 dobrym zdrowiem<br \/>\n&#8211; by\u0107 dyspozycyjnym do wyjazdu na roczn\u0105 lub dwuletni\u0105 misj\u0119<br \/>\n&#8211; by\u0107 osob\u0105 samotn\u0105, ma\u0142\u017conkiem (z dzie\u0107mi lub bez) lub m\u0142odym emerytem<br \/>\n&#8211; mie\u0107 pragnienie niesienia Nadziei<br \/>\n&#8211; mie\u0107 pragnienie s\u0142u\u017cenia w projekcie rozwojowym prowadzonym przez Ko\u015bci\u00f3\u0142 Katolicki<br \/>\n&#8211; odby\u0107 formacj\u0119 prowadzon\u0105 przez Fidesco<\/p>\n<p>By\u0107 wolontariuszem Fidesco, oznacza zakceptowa\u0107 prac\u0119 pod zwierzchnictwem lokalnego pracodawcy w ramach danego projektu rozwojowego. By\u0107 wolontariuszem Fidesco, znaczy odby\u0107 formacj\u0119 i wyjecha\u0107 na rok lub na dwa lata, aby dobrze pozna\u0107 kraj i ludzi, i aby misja mog\u0142a przynie\u015b\u0107 owoce. By\u0107 wolontariuszem Fidesco, to dawa\u0107 pierwsze\u0144stwo misji, a w rezultacie organizowa\u0107 swoje \u017cycia tak, aby by\u0107 dyspozycyjnym dla najubo\u017cszych. Fidesco jest szko\u0142\u0105 \u017cycia. Wolontariusze, kt\u00f3rzy wyjechali, \u017ceby dawa\u0107, wracaj\u0105 bogatsi o do\u015bwiadczenie innej rzeczywisto\u015bci i spotkania z inn\u0105 kultur\u0105. Chcia\u0142by\u015b wyjecha\u0107? Zg\u0142o\u015b si\u0119 do nas (do\u0142\u0105cz CV i list motywacyjny).<\/p>\n<p><strong>Wa\u017cne etapy<\/strong><br \/>\nJest kilka wa\u017cnych etap\u00f3w, kt\u00f3re trzeba przej\u015b\u0107, aby wyjecha\u0107 na misj\u0119 z Fidesco.<\/p>\n<p><strong>Etap 1: Wyra\u017cenie pragnienia wyjazdu<\/strong><br \/>\nPierwszym etapem jest wyra\u017cenie swojego pragnienia wyjazdu na misj\u0119 na dwa rok lub dwa lata poprzez wys\u0142anie do Fidesco listu motywacyjnego, w kt\u00f3rym wyja\u015bnisz powody, kt\u00f3re pchaj\u0105 Ci\u0119 do wyjazdu. Do tego listu nale\u017cy do\u0142\u0105czy\u0107 CV.<\/p>\n<p><strong>Etap 2: Przyjrzenie si\u0119 Twoim dokumentom i zaproszenie na \u201edzie\u0144 zapoznawczy\u201d<\/strong><br \/>\nW drugim etapie\u00a0przygl\u0105damy si\u0119 Twoima dokumentom. Je\u015bli zakwalifikujemy Ci\u0119 jako kandydata, otrzymasz zaproszenie na dzie\u0144 zapoznawczy, podczas kt\u00f3rego zdob\u0119dziesz potrzebne informacje. Pomog\u0105 Ci one lepiej przyjrze\u0107 si\u0119 Twojemu pragnieniu wyjazdu na misje. W czasie spotkania porozmawiamy o Twoich motywacjach, talentach, wykszta\u0142ceniu, do\u015bwiadczeniach i oczekiwaniach, itd.<\/p>\n<p><strong>Etap 3: Formacja<\/strong><\/p>\n<p>Ostatnim etapem jest odbycie formacji. Je\u015bli zdecydujesz si\u0119 wyjecha\u0107 z Fidesco, a my zaakceptujemy Twoj\u0105 kandydatur\u0119, odb\u0119dziesz formacj\u0119 trwaj\u0105c\u0105 2 tygodnie + 1 weekend (ca\u0142o\u015b\u0107 rozci\u0105gni\u0119ta w czasie 5 do 9 miesi\u0119cy), podczas kt\u00f3rej odb\u0119dzie si\u0119 kurs dotycz\u0105cy praktycznych, technicznych, spo\u0142ecznych i duchowych aspekt\u00f3w Twojej misji.<\/p>\n<p style=\"text-align: center\"><a href=\"https:\/\/www.fidesco-international.org\/pl\/wp-content\/uploads\/sites\/5\/2014\/12\/karta_wolontariusza.pdf\">KARTA WOLONTARIUSZA FIDESCO<\/a><\/p>\n","protected":false},"excerpt":{"rendered":"<p>Aby zosta\u0107 wolontariuszem Fidesco, nale\u017cy: &#8211; mie\u0107 uko\u0144czone 21 lat &#8211; cieszy\u0107 si\u0119 dobrym zdrowiem &#8211; by\u0107 dyspozycyjnym do wyjazdu na roczn\u0105 lub dwuletni\u0105 misj\u0119 &#8211; by\u0107 osob\u0105 samotn\u0105, ma\u0142\u017conkiem (z dzie\u0107mi lub bez) lub m\u0142odym emerytem &#8211; mie\u0107 pragnienie niesienia Nadziei &#8211; mie\u0107 pragnienie s\u0142u\u017cenia w projekcie rozwojowym prowadzonym przez Ko\u015bci\u00f3\u0142 Katolicki &#8211; odby\u0107 [&hellip;]<\/p>\n","protected":false},"author":13,"featured_media":0,"parent":13,"menu_order":0,"comment_status":"closed","ping_status":"open","template":"","meta":{"footnotes":""},"class_list":["post-145","page","type-page","status-publish","hentry"],"acf":[],"_links":{"self":[{"href":"https:\/\/www.fidesco-international.org\/pl\/wp-json\/wp\/v2\/pages\/145","targetHints":{"allow":["GET"]}}],"collection":[{"href":"https:\/\/www.fidesco-international.org\/pl\/wp-json\/wp\/v2\/pages"}],"about":[{"href":"https:\/\/www.fidesco-international.org\/pl\/wp-json\/wp\/v2\/types\/page"}],"author":[{"embeddable":true,"href":"https:\/\/www.fidesco-international.org\/pl\/wp-json\/wp\/v2\/users\/13"}],"replies":[{"embeddable":true,"href":"https:\/\/www.fidesco-international.org\/pl\/wp-json\/wp\/v2\/comments?post=145"}],"version-history":[{"count":5,"href":"https:\/\/www.fidesco-international.org\/pl\/wp-json\/wp\/v2\/pages\/145\/revisions"}],"predecessor-version":[{"id":404,"href":"https:\/\/www.fidesco-international.org\/pl\/wp-json\/wp\/v2\/pages\/145\/revisions\/404"}],"up":[{"embeddable":true,"href":"https:\/\/www.fidesco-international.org\/pl\/wp-json\/wp\/v2\/pages\/13"}],"wp:attachment":[{"href":"https:\/\/www.fidesco-international.org\/pl\/wp-json\/wp\/v2\/media?parent=145"}],"curies":[{"name":"wp","href":"https:\/\/api.w.org\/{rel}","templated":true}]}}