{"id":153,"date":"2014-12-10T10:37:17","date_gmt":"2014-12-10T09:37:17","guid":{"rendered":"http:\/\/www.fidesco-international.org\/pl\/?page_id=153"},"modified":"2021-11-27T16:44:45","modified_gmt":"2021-11-27T15:44:45","slug":"wesprzyj-nas","status":"publish","type":"page","link":"https:\/\/www.fidesco-international.org\/pl\/wesprzyj-nas\/","title":{"rendered":"Wesprzyj nas"},"content":{"rendered":"<p>Prosimy o wsparcie!<br \/>\nFidesco istnieje dzi\u0119ki Waszemu wsparciu. Nasi darczy\u0144cy umo\u017cliwiaj\u0105 nam finansowanie rekrutacji, formacji i utrzymania wolontariuszy Fidesco. Umo\u017cliwiaj\u0105 te\u017c finansowanie dzia\u0142alno\u015bci Fidesco w terenie.<br \/>\n<strong>Fidesco \u017cyje z Pa\u0144stwa darowizn<\/strong><br \/>\nObecno\u015b\u0107 i zaanga\u017cowanie wolontariuszy Fidesco w pomoc najbiedniejszym spo\u0142eczno\u015bciom zale\u017cy bezpo\u015brednio od Was. Wolontariusze oddaj\u0105 swoje kompetencje na s\u0142u\u017cb\u0119 najubo\u017cszym. Ro\u015bnie tak\u017ce zapotrzebowanie na ich obecno\u015b\u0107, ale wszystko to nie by\u0142oby mo\u017cliwe bez Was! Wasza hojno\u015b\u0107 liczy si\u0119 tak samo jak ich!\u00a0Konkretna odpowied\u017a na bied\u0119?&#8230; Wasza darowizna!<\/p>\n<p><strong>Jak mo\u017cna nam pom\u00f3c?<\/strong><br \/>\nMo\u017cna:<br \/>\n&#8211;\u00a0dokona\u0107 wp\u0142aty na konto Fidesco<br \/>\n&#8211; towarzyszy\u0107 wybranemu wolontariuszowi w jego misji: w ten spos\u00f3b mo\u017cna prze\u017cywa\u0107 razem z nim wspania\u0142\u0105 przygod\u0119 misyjn\u0105. Wolontariusz b\u0119dzie raz na kwarta\u0142 pisa\u0142 szczeg\u00f3\u0142owy raport ze swojej misji. Wystarczy co miesi\u0105c przelewa\u0107 na konto Fidesco kwot\u0119 nie ni\u017csz\u0105 ni\u017c 20 z\u0142 i w tytule przelewu wpisa\u0107 imi\u0119 wybranego wolontariusza i kraj jego misji (np.: Mateusz, Brazylia). Prosimy te\u017c o przes\u0142anie na adres misje @ fidesco.pl swojego adresu pocztowego (raporty wysy\u0142amy poczt\u0105 tradycyjn\u0105).<\/p>\n<p><strong>Ulgi podatkowe<\/strong><\/p>\n<p align=\"justify\">Fidesco zosta\u0142o za\u0142o\u017cone przez Wsp\u00f3lnot\u0119 Emmanuel i jest jej cz\u0119\u015bci\u0105. W \u015bwietle przepis\u00f3w polskiego prawa Fidesco jest stowarzyszeniem ko\u015bcielnym. W zwi\u0105zku z tym wp\u0142aty na rzecz Fidesco do wysoko\u015bci 6% dochodu mo\u017cna odliczy\u0107 od podatku. W tym celu w tytule przelewu nale\u017cy wpisa\u0107: &#8222;Darowizna na cele kultu religijnego&#8221;.<\/p>\n<p align=\"justify\">Dane do przelewu:<\/p>\n<p align=\"justify\"><b style=\"letter-spacing: 0.3px\"><b>39 1140 2004 0000 3002 8189 5338<br \/>\nWsp\u00f3lnota Emmanuel Polska<br \/>\n<\/b><\/b><b style=\"letter-spacing: 0.3px\"><b>Fidesco Polska<br \/>\nul. Barska 2<br \/>\n<\/b>02-032 Warszawa<\/b><\/p>\n<p align=\"justify\">\n","protected":false},"excerpt":{"rendered":"<p>Prosimy o wsparcie! Fidesco istnieje dzi\u0119ki Waszemu wsparciu. Nasi darczy\u0144cy umo\u017cliwiaj\u0105 nam finansowanie rekrutacji, formacji i utrzymania wolontariuszy Fidesco. Umo\u017cliwiaj\u0105 te\u017c finansowanie dzia\u0142alno\u015bci Fidesco w terenie. Fidesco \u017cyje z Pa\u0144stwa darowizn Obecno\u015b\u0107 i zaanga\u017cowanie wolontariuszy Fidesco w pomoc najbiedniejszym spo\u0142eczno\u015bciom zale\u017cy bezpo\u015brednio od Was. Wolontariusze oddaj\u0105 swoje kompetencje na s\u0142u\u017cb\u0119 najubo\u017cszym. Ro\u015bnie tak\u017ce zapotrzebowanie na [&hellip;]<\/p>\n","protected":false},"author":13,"featured_media":0,"parent":0,"menu_order":0,"comment_status":"closed","ping_status":"open","template":"","meta":{"footnotes":""},"class_list":["post-153","page","type-page","status-publish","hentry"],"acf":[],"_links":{"self":[{"href":"https:\/\/www.fidesco-international.org\/pl\/wp-json\/wp\/v2\/pages\/153","targetHints":{"allow":["GET"]}}],"collection":[{"href":"https:\/\/www.fidesco-international.org\/pl\/wp-json\/wp\/v2\/pages"}],"about":[{"href":"https:\/\/www.fidesco-international.org\/pl\/wp-json\/wp\/v2\/types\/page"}],"author":[{"embeddable":true,"href":"https:\/\/www.fidesco-international.org\/pl\/wp-json\/wp\/v2\/users\/13"}],"replies":[{"embeddable":true,"href":"https:\/\/www.fidesco-international.org\/pl\/wp-json\/wp\/v2\/comments?post=153"}],"version-history":[{"count":13,"href":"https:\/\/www.fidesco-international.org\/pl\/wp-json\/wp\/v2\/pages\/153\/revisions"}],"predecessor-version":[{"id":629,"href":"https:\/\/www.fidesco-international.org\/pl\/wp-json\/wp\/v2\/pages\/153\/revisions\/629"}],"wp:attachment":[{"href":"https:\/\/www.fidesco-international.org\/pl\/wp-json\/wp\/v2\/media?parent=153"}],"curies":[{"name":"wp","href":"https:\/\/api.w.org\/{rel}","templated":true}]}}