{"id":170,"date":"2014-12-27T23:28:35","date_gmt":"2014-12-27T22:28:35","guid":{"rendered":"http:\/\/www.fidesco-international.org\/pl\/?page_id=170"},"modified":"2020-01-08T20:46:33","modified_gmt":"2020-01-08T19:46:33","slug":"aktualnosci","status":"publish","type":"page","link":"https:\/\/www.fidesco-international.org\/pl\/aktualnosci\/","title":{"rendered":"Aktualno\u015bci"},"content":{"rendered":"<p>Jak co roku nasi wolontariusze nagrali dla nas teledysk z \u017cyczeniami noworocznymi.<\/p>\n<p>Cieszymy si\u0119, \u017ce jeste\u015bcie z nami i wspieracie ich misj\u0119!<\/p>\n<p>Test piosenki jest wieloj\u0119zykowy &#8211; zaczyna si\u0119 po francusku, kontynuje w lingala, pojawiaj\u0105 si\u0119 te\u017c kawa\u0142ki po angielsku, hiszpa\u0144sku i flamandzku. Mamy te\u017c t\u0142umaczenie na j\u0119zyk angielski:<\/p>\n<p><strong>The call<\/strong><\/p>\n<p>We launch a call, to whoever wants to follow us<\/p>\n<p>We&#8217;re on the road, from country to country<\/p>\n<p>We are listening to this fleeing world<\/p>\n<p>We launch a call to adventure, to live &#8230;<\/p>\n<p>Where is Fidesco ?<\/p>\n<p>We&#8217;re on the road, from country to country<\/p>\n<p>We are listening to this fleeing world<\/p>\n<p>Where is Fidesco ?<\/p>\n<p>Yahw\u00e9 kumama lelo (Lingala: Praise the Lord today)<\/p>\n<p>You set off to the rhythm of adventure and challenges<\/p>\n<p>Your bag filled with your questions and your desires<\/p>\n<p>You left your family, your friends, for a while<\/p>\n<p>Who\u2019s my family ?<\/p>\n<p>Who&#8217;s my family ?<\/p>\n<p>Be my vision<\/p>\n<p>I\u2019ll go through with my mission<\/p>\n<p>From every nation<\/p>\n<p>We will meet we will listen and share<\/p>\n<p>Who\u2019s my family ?<\/p>\n<p>Who\u2019s my family ?<\/p>\n<p>Where is Fidesco ?<\/p>\n<p>(Spanish)<\/p>\n<p>I will be the light, word of God<\/p>\n<p>Simple presence with my brothers<\/p>\n<p>Joy, what happiness<\/p>\n<p>To learn at any age<\/p>\n<p>(Joy fidesco!)<\/p>\n<p>(Haiti Creole)<\/p>\n<p>Come and join us<\/p>\n<p>We start walking<\/p>\n<p>Crossing countries<\/p>\n<p>Hand in hand we are building<\/p>\n<p>(French)<\/p>\n<p>Come and join us<\/p>\n<p>We start walking<\/p>\n<p>From country to country<\/p>\n<p>Hand in hand we are building<\/p>\n<p>I will be the light, word of God<\/p>\n<p>Simple presence with my brothers<\/p>\n<p>Joy, what happiness<\/p>\n<p>Everyone is light, a treasure for the brother<\/p>\n<p>A simple presence in all circumstances<\/p>\n<p>We live, we learn the joys of hope<\/p>\n<p>It&#8217;s more than a call, this is the world that I launch &#8230;<\/p>\n<p><script>jQuery(function() {(tarteaucitron.job = tarteaucitron.job || []).push('youtube');});<\/script><\/p>\n<div class=\"youtube_player\" videoID=\"jlAKyKneMYY\" width=\"auto\" height=\"auto\" theme=\"light\" rel=\"0\" controls=\"1\" showinfo=\"1\" autoplay=\"0\"><\/div>\n<p>&nbsp;<\/p>\n<p>&nbsp;<\/p>\n<p>Wkr\u00f3tce pierwszy raport Dawida i Albane z misji w Angoli!<i>\u00a0 \u00a0<\/i><\/p>\n<p><a href=\"https:\/\/www.fidesco-international.org\/pl\/wp-content\/uploads\/sites\/5\/2018\/11\/Dawid-grajacy-w-pilke-z-miejscowymi-z-dziecmi.jpg\"><img loading=\"lazy\" decoding=\"async\" class=\"size-medium wp-image-432 alignleft\" src=\"https:\/\/www.fidesco-international.org\/pl\/wp-content\/uploads\/sites\/5\/2018\/11\/Dawid-grajacy-w-pilke-z-miejscowymi-z-dziecmi-300x300.jpg\" alt=\"\" width=\"300\" height=\"300\" srcset=\"https:\/\/www.fidesco-international.org\/pl\/wp-content\/uploads\/sites\/5\/2018\/11\/Dawid-grajacy-w-pilke-z-miejscowymi-z-dziecmi-300x300.jpg 300w, https:\/\/www.fidesco-international.org\/pl\/wp-content\/uploads\/sites\/5\/2018\/11\/Dawid-grajacy-w-pilke-z-miejscowymi-z-dziecmi-150x150.jpg 150w, https:\/\/www.fidesco-international.org\/pl\/wp-content\/uploads\/sites\/5\/2018\/11\/Dawid-grajacy-w-pilke-z-miejscowymi-z-dziecmi-768x768.jpg 768w, https:\/\/www.fidesco-international.org\/pl\/wp-content\/uploads\/sites\/5\/2018\/11\/Dawid-grajacy-w-pilke-z-miejscowymi-z-dziecmi-270x270.jpg 270w, https:\/\/www.fidesco-international.org\/pl\/wp-content\/uploads\/sites\/5\/2018\/11\/Dawid-grajacy-w-pilke-z-miejscowymi-z-dziecmi-680x680.jpg 680w, https:\/\/www.fidesco-international.org\/pl\/wp-content\/uploads\/sites\/5\/2018\/11\/Dawid-grajacy-w-pilke-z-miejscowymi-z-dziecmi-100x100.jpg 100w, https:\/\/www.fidesco-international.org\/pl\/wp-content\/uploads\/sites\/5\/2018\/11\/Dawid-grajacy-w-pilke-z-miejscowymi-z-dziecmi.jpg 960w\" sizes=\"auto, (max-width: 300px) 100vw, 300px\" \/><\/a><\/p>\n<p><a href=\"https:\/\/www.fidesco-international.org\/pl\/wp-content\/uploads\/sites\/5\/2018\/11\/Albane-i-Dawid-z-dziecmi.jpg\"><img loading=\"lazy\" decoding=\"async\" class=\"size-medium wp-image-433 alignleft\" src=\"https:\/\/www.fidesco-international.org\/pl\/wp-content\/uploads\/sites\/5\/2018\/11\/Albane-i-Dawid-z-dziecmi-300x225.jpg\" alt=\"\" width=\"300\" height=\"225\" srcset=\"https:\/\/www.fidesco-international.org\/pl\/wp-content\/uploads\/sites\/5\/2018\/11\/Albane-i-Dawid-z-dziecmi-300x225.jpg 300w, https:\/\/www.fidesco-international.org\/pl\/wp-content\/uploads\/sites\/5\/2018\/11\/Albane-i-Dawid-z-dziecmi-768x576.jpg 768w, https:\/\/www.fidesco-international.org\/pl\/wp-content\/uploads\/sites\/5\/2018\/11\/Albane-i-Dawid-z-dziecmi-907x680.jpg 907w, https:\/\/www.fidesco-international.org\/pl\/wp-content\/uploads\/sites\/5\/2018\/11\/Albane-i-Dawid-z-dziecmi-100x75.jpg 100w, https:\/\/www.fidesco-international.org\/pl\/wp-content\/uploads\/sites\/5\/2018\/11\/Albane-i-Dawid-z-dziecmi.jpg 960w\" sizes=\"auto, (max-width: 300px) 100vw, 300px\" \/><\/a><\/p>\n<p>&nbsp;<\/p>\n<p>&nbsp;<\/p>\n<p>&nbsp;<\/p>\n<p>&nbsp;<\/p>\n<p>&nbsp;<\/p>\n<p>&nbsp;<\/p>\n<p>&nbsp;<\/p>\n<p>&nbsp;<\/p>\n<p>&nbsp;<\/p>\n<p>&nbsp;<\/p>\n<p>&nbsp;<\/p>\n<p style=\"text-align: left\"><strong>Tymczasem 1 listopada 2018 roku na misj\u0119 do Dili &#8211; stolicy Timoru Wschodniego (dawnej kolonii portugalskiej) wyruszy\u0142a wolontariuszka z Polski &#8211; Anna Krypczyk! Pami\u0119tajmy o niej w modlitwie!<\/strong><span style=\"letter-spacing: 0.3px;text-align: right\">\u00a0<\/span><\/p>\n<p style=\"text-align: left\"><span style=\"letter-spacing: 0.3px;text-align: right\">B\u0119dzie pracowa\u0107 jako nauczycielka j\u0119zyka angielskiego dla dzieci<\/span><\/p>\n<p><a href=\"https:\/\/www.fidesco-international.org\/pl\/wp-content\/uploads\/sites\/5\/2018\/11\/KRYPCZYK-carrezoomsite.jpg\"><img loading=\"lazy\" decoding=\"async\" class=\"wp-image-417 alignright\" src=\"https:\/\/www.fidesco-international.org\/pl\/wp-content\/uploads\/sites\/5\/2018\/11\/KRYPCZYK-carrezoomsite-150x150.jpg\" alt=\"\" width=\"209\" height=\"209\" srcset=\"https:\/\/www.fidesco-international.org\/pl\/wp-content\/uploads\/sites\/5\/2018\/11\/KRYPCZYK-carrezoomsite-150x150.jpg 150w, https:\/\/www.fidesco-international.org\/pl\/wp-content\/uploads\/sites\/5\/2018\/11\/KRYPCZYK-carrezoomsite-100x100.jpg 100w, https:\/\/www.fidesco-international.org\/pl\/wp-content\/uploads\/sites\/5\/2018\/11\/KRYPCZYK-carrezoomsite.jpg 270w\" sizes=\"auto, (max-width: 209px) 100vw, 209px\" \/><\/a><\/p>\n<p><a href=\"https:\/\/www.fidesco-international.org\/pl\/wp-content\/uploads\/sites\/5\/2018\/11\/Ania-Krypczyk-2.jpg\"><img loading=\"lazy\" decoding=\"async\" class=\" wp-image-431 alignnone\" src=\"https:\/\/www.fidesco-international.org\/pl\/wp-content\/uploads\/sites\/5\/2018\/11\/Ania-Krypczyk-2-300x80.jpg\" alt=\"\" width=\"525\" height=\"140\" srcset=\"https:\/\/www.fidesco-international.org\/pl\/wp-content\/uploads\/sites\/5\/2018\/11\/Ania-Krypczyk-2-300x80.jpg 300w, https:\/\/www.fidesco-international.org\/pl\/wp-content\/uploads\/sites\/5\/2018\/11\/Ania-Krypczyk-2-768x205.jpg 768w, https:\/\/www.fidesco-international.org\/pl\/wp-content\/uploads\/sites\/5\/2018\/11\/Ania-Krypczyk-2-100x27.jpg 100w, https:\/\/www.fidesco-international.org\/pl\/wp-content\/uploads\/sites\/5\/2018\/11\/Ania-Krypczyk-2.jpg 960w\" sizes=\"auto, (max-width: 525px) 100vw, 525px\" \/><\/a><\/p>\n<p>&nbsp;<\/p>\n<p>&nbsp;<\/p>\n<p>&nbsp;<\/p>\n<p>&nbsp;<\/p>\n<p style=\"text-align: center\"><strong>A jak wygl\u0105da misja FIDESCO w Zambii?<\/strong><\/p>\n<p style=\"text-align: center\">Sami zobaczcie! \ud83d\ude0a<\/p>\n<p>https:\/\/www.facebook.com\/155489071160340\/videos\/1903005523128696\/<\/p>\n","protected":false},"excerpt":{"rendered":"<p>Jak co roku nasi wolontariusze nagrali dla nas teledysk z \u017cyczeniami noworocznymi. Cieszymy si\u0119, \u017ce jeste\u015bcie z nami i wspieracie ich misj\u0119! Test piosenki jest wieloj\u0119zykowy &#8211; zaczyna si\u0119 po francusku, kontynuje w lingala, pojawiaj\u0105 si\u0119 te\u017c kawa\u0142ki po angielsku, hiszpa\u0144sku i flamandzku. Mamy te\u017c t\u0142umaczenie na j\u0119zyk angielski: The call We launch a call, [&hellip;]<\/p>\n","protected":false},"author":13,"featured_media":0,"parent":0,"menu_order":0,"comment_status":"closed","ping_status":"open","template":"","meta":{"footnotes":""},"class_list":["post-170","page","type-page","status-publish","hentry"],"acf":[],"_links":{"self":[{"href":"https:\/\/www.fidesco-international.org\/pl\/wp-json\/wp\/v2\/pages\/170","targetHints":{"allow":["GET"]}}],"collection":[{"href":"https:\/\/www.fidesco-international.org\/pl\/wp-json\/wp\/v2\/pages"}],"about":[{"href":"https:\/\/www.fidesco-international.org\/pl\/wp-json\/wp\/v2\/types\/page"}],"author":[{"embeddable":true,"href":"https:\/\/www.fidesco-international.org\/pl\/wp-json\/wp\/v2\/users\/13"}],"replies":[{"embeddable":true,"href":"https:\/\/www.fidesco-international.org\/pl\/wp-json\/wp\/v2\/comments?post=170"}],"version-history":[{"count":31,"href":"https:\/\/www.fidesco-international.org\/pl\/wp-json\/wp\/v2\/pages\/170\/revisions"}],"predecessor-version":[{"id":482,"href":"https:\/\/www.fidesco-international.org\/pl\/wp-json\/wp\/v2\/pages\/170\/revisions\/482"}],"wp:attachment":[{"href":"https:\/\/www.fidesco-international.org\/pl\/wp-json\/wp\/v2\/media?parent=170"}],"curies":[{"name":"wp","href":"https:\/\/api.w.org\/{rel}","templated":true}]}}