{"id":7,"date":"2014-05-31T13:59:30","date_gmt":"2014-05-31T13:59:30","guid":{"rendered":"http:\/\/www.fidesco-international.org\/pl\/?page_id=7"},"modified":"2016-01-26T00:13:01","modified_gmt":"2016-01-25T23:13:01","slug":"strona-domowa","status":"publish","type":"page","link":"https:\/\/www.fidesco-international.org\/pl\/","title":{"rendered":"Strona domowa"},"content":{"rendered":"<div class=\"service-block\">\n<p><a href=\"https:\/\/www.fidesco-international.org\/pl\/jak-zostac-wolontariuszem\/\"><div class=\"span4\">\n\t\t<h3><a href=\"#devenir-volontaire\"><img decoding=\"async\" src=\"https:\/\/www.fidesco-international.org\/pl\/wp-content\/themes\/themefidesco\/img\/ico-devenir-volontaire.png\" alt=\"\"><br \/>zosta\u0144 wolontariuszem<\/a><\/h3>\n\t\t<p><\/a><\/p>\n<p><a href=\"https:\/\/www.fidesco-international.org\/pl\/jak-zostac-wolontariuszem\/\">Podaruj dwa lata swojego \u017cycia na s\u0142u\u017cb\u0119 najubo\u017cszym!<\/a><\/p>\n<p><a href=\"https:\/\/www.fidesco-international.org\/pl\/jak-zostac-wolontariuszem\/\"><\/p>\n\t<\/div><\/a><\/p>\n<p><a href=\"https:\/\/www.fidesco-international.org\/pl\/wesprzyj-nas\/\"><div class=\"span4\">\n\t\t<h3><a href=\"#soutenir-fidesco\"><img decoding=\"async\" src=\"https:\/\/www.fidesco-international.org\/pl\/wp-content\/themes\/themefidesco\/img\/ico-soutenir-fidesco.png\" alt=\"\"><br \/>wesprzyj fidesco<\/a><\/h3>\n\t\t<p><\/a><\/p>\n<p><a href=\"https:\/\/www.fidesco-international.org\/pl\/wesprzyj-nas\/\">Obecno\u015b\u0107 i zaanga\u017cowanie wolontariuszy Fidesco w\u015br\u00f3d najbiedniejszej ludno\u015bci zale\u017cy bezpo\u015brednio od Was!<\/a><\/p>\n<p><a href=\"https:\/\/www.fidesco-international.org\/pl\/skontaktuj-sie-z-nami\/\"><\/p>\n\t<\/div><\/a><\/p>\n<p><a href=\"https:\/\/www.fidesco-international.org\/pl\/skontaktuj-sie-z-nami\/\"><div class=\"span4\">\n\t\t<h3><a href=\"#garder-contact\"><img decoding=\"async\" src=\"https:\/\/www.fidesco-international.org\/pl\/wp-content\/themes\/themefidesco\/img\/ico-contact-fidesco.png\" alt=\"\"><br \/>b\u0105d\u017a w kontakcie<\/a><\/h3>\n\t\t<p><\/a><\/p>\n<p><a href=\"https:\/\/www.fidesco-international.org\/pl\/skontaktuj-sie-z-nami\/\">Aby by\u0107 na bie\u017c\u0105co z tym, co si\u0119 dzieje z Fidesco i z wolontariuszami w terenie!<\/a><\/p>\n<p>Odwied\u017a nas tak\u017ce na\u00a0<strong><a href=\"https:\/\/pl-pl.facebook.com\/Fidesco-Polska-155489071160340\/\" target=\"_blank\" rel=\"noopener\">Facebooku<\/a><\/strong><\/p>\n<p><a href=\"https:\/\/www.fidesco-international.org\/pl\/skontaktuj-sie-z-nami\/\"><\/p>\n\t<\/div> \u00a0\u00a0<\/a><\/p>\n<\/div>\n<p>&nbsp;<\/p>\n<p>&nbsp;<\/p>\n<p style=\"text-align: center\"><strong><em>Chocia\u017c nie jeste\u015b \u015bwi\u0119t\u0105 Teresk\u0105, dzi\u015b mo\u017cesz wesprze\u0107 misje Fidesco!<\/em><\/strong><\/p>\n<p style=\"text-align: center\">(\u015aw. Teresa od Dzieci\u0105tka Jezus, zwana Ma\u0142\u0105 Teres\u0105 &#8211; dziewi\u0119tnastowieczna francuska karmelitanka bosa, Doktor Ko\u015bcio\u0142a, cho\u0107 nigdy nie by\u0142a na misjach,\u00a0obok \u015bw. Franciszka Ksawerego, jest g\u0142\u00f3wn\u0105 patronk\u0105 misji katolickich)<\/p>\n","protected":false},"excerpt":{"rendered":"<p>&nbsp; &nbsp; Chocia\u017c nie jeste\u015b \u015bwi\u0119t\u0105 Teresk\u0105, dzi\u015b mo\u017cesz wesprze\u0107 misje Fidesco! (\u015aw. Teresa od Dzieci\u0105tka Jezus, zwana Ma\u0142\u0105 Teres\u0105 &#8211; dziewi\u0119tnastowieczna francuska karmelitanka bosa, Doktor Ko\u015bcio\u0142a, cho\u0107 nigdy nie by\u0142a na misjach,\u00a0obok \u015bw. Franciszka Ksawerego, jest g\u0142\u00f3wn\u0105 patronk\u0105 misji katolickich)<\/p>\n","protected":false},"author":13,"featured_media":0,"parent":0,"menu_order":0,"comment_status":"closed","ping_status":"open","template":"page-templates\/front-page.php","meta":{"footnotes":""},"class_list":["post-7","page","type-page","status-publish","hentry"],"acf":[],"_links":{"self":[{"href":"https:\/\/www.fidesco-international.org\/pl\/wp-json\/wp\/v2\/pages\/7","targetHints":{"allow":["GET"]}}],"collection":[{"href":"https:\/\/www.fidesco-international.org\/pl\/wp-json\/wp\/v2\/pages"}],"about":[{"href":"https:\/\/www.fidesco-international.org\/pl\/wp-json\/wp\/v2\/types\/page"}],"author":[{"embeddable":true,"href":"https:\/\/www.fidesco-international.org\/pl\/wp-json\/wp\/v2\/users\/13"}],"replies":[{"embeddable":true,"href":"https:\/\/www.fidesco-international.org\/pl\/wp-json\/wp\/v2\/comments?post=7"}],"version-history":[{"count":17,"href":"https:\/\/www.fidesco-international.org\/pl\/wp-json\/wp\/v2\/pages\/7\/revisions"}],"predecessor-version":[{"id":250,"href":"https:\/\/www.fidesco-international.org\/pl\/wp-json\/wp\/v2\/pages\/7\/revisions\/250"}],"wp:attachment":[{"href":"https:\/\/www.fidesco-international.org\/pl\/wp-json\/wp\/v2\/media?parent=7"}],"curies":[{"name":"wp","href":"https:\/\/api.w.org\/{rel}","templated":true}]}}