{"id":117,"date":"2014-05-31T12:23:41","date_gmt":"2014-05-31T12:23:41","guid":{"rendered":"http:\/\/www.fidesco-international.org\/pt\/?page_id=117"},"modified":"2014-07-05T21:39:41","modified_gmt":"2014-07-05T21:39:41","slug":"apoiar-a-fidesco","status":"publish","type":"page","link":"https:\/\/www.fidesco-international.org\/pt\/apoiar-a-fidesco\/","title":{"rendered":"Apoiar a FIDESCO"},"content":{"rendered":"<h4>Ajude-nos!<\/h4>\n<p>\u00c9 gra\u00e7as ao seu apoio que a FIDESCO existe e continua a existir. Os nossos doadores permitem-nos financiar o recrutamento, a forma\u00e7\u00e3o e o apoio aos volunt\u00e1rios FIDESCO. Eles permitem-nos tamb\u00e9m financiar as actividades e os projectos pr\u00f3prios da FIDESCO no terreno.<br \/>\nSolicitamos, pois, o vosso apoio para que a FIDESCO continue a contribuir na diminui\u00e7\u00e3o da pobreza e na constru\u00e7\u00e3o de um mundo mais solid\u00e1rio.<\/p>\n<p>Poder\u00e3o apoiar os nossos volunt\u00e1rios e os nossos projectos de desenvolvimento da maneira seguinte:<\/p>\n<ul>\n<li>Cheque, endere\u00e7ado a FIDEMA, Rua Palmira Bastos, 7 5\u00ba dto 2685-226 Portela<\/li>\n<\/ul>\n<ul>\n<li>Transfer\u00eancia banc\u00e1ria (NIB: 0035.0646.00013635930.59)<\/li>\n<\/ul>\n<p>A FIDEMA (FIDESCO-Portugal) \u00e9 uma ONGD, reconhecida pelo IPAD como organiza\u00e7\u00e3o sem fins lucrativos e de utilidade p\u00fablica. Por isso, o seu donativo \u00e9 deduz\u00edvel nos seus impostos. Para lhe passarmos um recibo, precisamos de saber, para al\u00e9m do nome e morada, o n\u00famero de identifica\u00e7\u00e3o fiscal!<\/p>\n<p>Relat\u00f3rio da miss\u00e3o : Agradecemos o envio de um email com todos os dados pessoais, caso desejem receber um relat\u00f3rio do volunt\u00e1rio da vossa escolha, ou mesmo do relat\u00f3rio anual da FIDESCO.<br \/>\nPara qualquer informa\u00e7\u00e3o, n\u00e3o hesite em contactar-nos: <a href=\"mailto:\/\/fidema.fidesco@gmail.com\" target=\"_blank\" rel=\"noopener\">fidema.fidesco@gmail.com<\/a>.<\/p>\n","protected":false},"excerpt":{"rendered":"<p>Ajude-nos! \u00c9 gra\u00e7as ao seu apoio que a FIDESCO existe e continua a existir. Os nossos doadores permitem-nos financiar o recrutamento, a forma\u00e7\u00e3o e o apoio aos volunt\u00e1rios FIDESCO. Eles permitem-nos tamb\u00e9m financiar as actividades e os projectos pr\u00f3prios da FIDESCO no terreno. Solicitamos, pois, o vosso apoio para que a FIDESCO continue a contribuir [&hellip;]<\/p>\n","protected":false},"author":14,"featured_media":0,"parent":0,"menu_order":0,"comment_status":"closed","ping_status":"open","template":"","meta":{"footnotes":""},"class_list":["post-117","page","type-page","status-publish","hentry"],"acf":[],"_links":{"self":[{"href":"https:\/\/www.fidesco-international.org\/pt\/wp-json\/wp\/v2\/pages\/117","targetHints":{"allow":["GET"]}}],"collection":[{"href":"https:\/\/www.fidesco-international.org\/pt\/wp-json\/wp\/v2\/pages"}],"about":[{"href":"https:\/\/www.fidesco-international.org\/pt\/wp-json\/wp\/v2\/types\/page"}],"author":[{"embeddable":true,"href":"https:\/\/www.fidesco-international.org\/pt\/wp-json\/wp\/v2\/users\/14"}],"replies":[{"embeddable":true,"href":"https:\/\/www.fidesco-international.org\/pt\/wp-json\/wp\/v2\/comments?post=117"}],"version-history":[{"count":5,"href":"https:\/\/www.fidesco-international.org\/pt\/wp-json\/wp\/v2\/pages\/117\/revisions"}],"predecessor-version":[{"id":168,"href":"https:\/\/www.fidesco-international.org\/pt\/wp-json\/wp\/v2\/pages\/117\/revisions\/168"}],"wp:attachment":[{"href":"https:\/\/www.fidesco-international.org\/pt\/wp-json\/wp\/v2\/media?parent=117"}],"curies":[{"name":"wp","href":"https:\/\/api.w.org\/{rel}","templated":true}]}}