{"id":13,"date":"2014-05-31T08:12:04","date_gmt":"2014-05-31T08:12:04","guid":{"rendered":"http:\/\/www.fidesco-international.org\/pt\/?page_id=13"},"modified":"2014-05-31T21:04:06","modified_gmt":"2014-05-31T21:04:06","slug":"torne-se-voluntario","status":"publish","type":"page","link":"https:\/\/www.fidesco-international.org\/pt\/torne-se-voluntario\/","title":{"rendered":"Tornar-se um volunt\u00e1rio FIDESCO"},"content":{"rendered":"<div id=\"su_slider_69e35c3b3d30f\" class=\"su-slider su-slider-centered su-slider-pages-yes su-slider-responsive-yes\" style=\"width:100%\" data-autoplay=\"3000\" data-speed=\"600\" data-mousewheel=\"true\"><div class=\"su-slider-slides\"><div class=\"su-slider-slide\"><a><img decoding=\"async\" src=\"https:\/\/www.fidesco-international.org\/pt\/wp-content\/uploads\/sites\/6\/2014\/05\/14-Fidesco-Accueil.jpg\" alt=\"14-Fidesco-Accueil\" \/><span class=\"su-slider-slide-title\">14-Fidesco-Accueil<\/span><\/a><\/div><div class=\"su-slider-slide\"><a><img decoding=\"async\" src=\"https:\/\/www.fidesco-international.org\/pt\/wp-content\/uploads\/sites\/6\/2014\/05\/9-Fidesco-Accueil.jpg\" alt=\"9-Fidesco-Accueil\" \/><span class=\"su-slider-slide-title\">9-Fidesco-Accueil<\/span><\/a><\/div><div class=\"su-slider-slide\"><a><img decoding=\"async\" src=\"https:\/\/www.fidesco-international.org\/pt\/wp-content\/uploads\/sites\/6\/2014\/05\/5-Fidesco-Accueil1.jpg\" alt=\"5-Fidesco-Accueil\" \/><span class=\"su-slider-slide-title\">5-Fidesco-Accueil<\/span><\/a><\/div><\/div><div class=\"su-slider-nav\"><div class=\"su-slider-direction\"><span class=\"su-slider-prev\"><\/span><span class=\"su-slider-next\"><\/span><\/div><div class=\"su-slider-pagination\"><\/div><\/div><\/div>\n<p><strong>Ser volunt\u00e1rio<\/strong><br \/>\nSe sentes em ti o desejo de servir os mais pobres, se julgas que a tua colabora\u00e7\u00e3o pode contribuir para que o mundo seja melhor, se a tua f\u00e9 te chama a ir ao encontro dos teus irm\u00e3os mais desfavorecidos, se tens disponibilidade familiar, acad\u00e9mica, profissional\u2026 \u00e9 prov\u00e1vel que a Fidesco tenha uma resposta\/proposta para ti.<br \/>\nA\u00a0 Fidesco recruta jovens e adultos, homens e mulheres, solteiros ou casados, desempregados, profissionais ou aposentados, e, depois de um tempo de <a href=\"https:\/\/www.fidesco-international.org\/pt\/formacao\/\">forma\u00e7\u00e3o<\/a>, envia-os por um per\u00edodo de um ou dois anos, para uma miss\u00e3o num pa\u00eds pobre, desde que algumas <a href=\"\/\/www.fidesco-international.org\/pt\/condicoes-para-ser-\">condi\u00e7\u00f5es<\/a> sejam contempladas.<\/p>\n<p>Se esta proposta te interessar, envia-nos o teu CV e uma carta de motiva\u00e7\u00e3o.<br \/>\nSe tiveres <a href=\"\/\/www.fidesco-international.org\/pt\/perguntas-e-\">d\u00favidas<\/a>, n\u00e3o hesites em contactar connosco.<\/p>\n","protected":false},"excerpt":{"rendered":"<p>Ser volunt\u00e1rio Se sentes em ti o desejo de servir os mais pobres, se julgas que a tua colabora\u00e7\u00e3o pode contribuir para que o mundo seja melhor, se a tua f\u00e9 te chama a ir ao encontro dos teus irm\u00e3os mais desfavorecidos, se tens disponibilidade familiar, acad\u00e9mica, profissional\u2026 \u00e9 prov\u00e1vel que a Fidesco tenha uma [&hellip;]<\/p>\n","protected":false},"author":14,"featured_media":0,"parent":0,"menu_order":0,"comment_status":"closed","ping_status":"open","template":"","meta":{"footnotes":""},"class_list":["post-13","page","type-page","status-publish","hentry"],"acf":[],"_links":{"self":[{"href":"https:\/\/www.fidesco-international.org\/pt\/wp-json\/wp\/v2\/pages\/13","targetHints":{"allow":["GET"]}}],"collection":[{"href":"https:\/\/www.fidesco-international.org\/pt\/wp-json\/wp\/v2\/pages"}],"about":[{"href":"https:\/\/www.fidesco-international.org\/pt\/wp-json\/wp\/v2\/types\/page"}],"author":[{"embeddable":true,"href":"https:\/\/www.fidesco-international.org\/pt\/wp-json\/wp\/v2\/users\/14"}],"replies":[{"embeddable":true,"href":"https:\/\/www.fidesco-international.org\/pt\/wp-json\/wp\/v2\/comments?post=13"}],"version-history":[{"count":13,"href":"https:\/\/www.fidesco-international.org\/pt\/wp-json\/wp\/v2\/pages\/13\/revisions"}],"predecessor-version":[{"id":219,"href":"https:\/\/www.fidesco-international.org\/pt\/wp-json\/wp\/v2\/pages\/13\/revisions\/219"}],"wp:attachment":[{"href":"https:\/\/www.fidesco-international.org\/pt\/wp-json\/wp\/v2\/media?parent=13"}],"curies":[{"name":"wp","href":"https:\/\/api.w.org\/{rel}","templated":true}]}}