{"id":145,"date":"2014-05-31T13:40:13","date_gmt":"2014-05-31T13:40:13","guid":{"rendered":"http:\/\/www.fidesco-international.org\/pt\/?page_id=145"},"modified":"2014-07-05T21:45:02","modified_gmt":"2014-07-05T21:45:02","slug":"sobre-a-fidesco","status":"publish","type":"page","link":"https:\/\/www.fidesco-international.org\/pt\/sobre-a-fidesco\/","title":{"rendered":"Sobre a FIDESCO"},"content":{"rendered":"<p><strong><a href=\"https:\/\/www.fidesco-international.org\/pt\/wp-content\/uploads\/sites\/6\/2014\/05\/8-Fidesco-Accueil1.jpg\"><img loading=\"lazy\" decoding=\"async\" class=\"alignnone wp-image-179 size-large\" src=\"https:\/\/www.fidesco-international.org\/pt\/wp-content\/uploads\/sites\/6\/2014\/05\/8-Fidesco-Accueil1-1024x348.jpg\" alt=\"8-Fidesco-Accueil\" width=\"1024\" height=\"348\" srcset=\"https:\/\/www.fidesco-international.org\/pt\/wp-content\/uploads\/sites\/6\/2014\/05\/8-Fidesco-Accueil1-1024x348.jpg 1024w, https:\/\/www.fidesco-international.org\/pt\/wp-content\/uploads\/sites\/6\/2014\/05\/8-Fidesco-Accueil1-300x102.jpg 300w, https:\/\/www.fidesco-international.org\/pt\/wp-content\/uploads\/sites\/6\/2014\/05\/8-Fidesco-Accueil1-100x34.jpg 100w, https:\/\/www.fidesco-international.org\/pt\/wp-content\/uploads\/sites\/6\/2014\/05\/8-Fidesco-Accueil1.jpg 2000w\" sizes=\"auto, (max-width: 1024px) 100vw, 1024px\" \/><\/a><\/strong><\/p>\n<p><strong>Quem somos n\u00f3s ?<\/strong><\/p>\n<p>Fundada em 1981 no seio da Comunidade Emanuel e\u00a0resultante de um encontro com bispos africanos,\u00a0 a FIDESCO \u00e9 uma ONG cat\u00f3lica de solidariedade internacional que recruta, forma e envia volunt\u00e1rios para os pa\u00edses mais pobres, durante um ou dois anos, colocando as suas compet\u00eancias profissionais ao servi\u00e7o de projectos de desenvolvimento, na ajuda \u00e0s popula\u00e7\u00f5es locais ou em ac\u00e7\u00f5es humanit\u00e1rias. Os volunt\u00e1rios FIDESCO colocam-se ao servi\u00e7o das popula\u00e7\u00f5es locais, sem distin\u00e7\u00e3o de etnias, religi\u00e3o ou cultura.<\/p>\n<p><strong>Que fazem os volunt\u00e1rios ?<\/strong><\/p>\n<p>A\u00a0FIDESCO envia os seus volunt\u00e1rios para centros de sa\u00fade, campos de refugiados, escolas, orfanatos, centros de forma\u00e7\u00e3o ou ainda para cooperativas agr\u00edcolas. Os volunt\u00e1rios partem, consoante as suas habilita\u00e7\u00f5es profissionais, para situa\u00e7\u00f5es que se relacionem com dom\u00ednios t\u00e3o variados como o ensino, a gest\u00e3o, o servi\u00e7o social, o campo m\u00e9dico e param\u00e9dico, a agronomia, a constru\u00e7\u00e3o\u2026<\/p>\n<p><strong>Um m\u00e9todo eficaz<\/strong><\/p>\n<p>A\u00a0FIDESCO compromete-se a estar ao lado das comunidades mais desfavorecidas, gra\u00e7as ao apoio das suas parcerias locais existentes no terreno. S\u00e3o elas quem, melhor do que ningu\u00e9m, conhece a realidade do pa\u00eds e as necessidades reais das popula\u00e7\u00f5es. Os nossos parceiros permitem \u00e0 FIDESCO enviar as pessoas adequadas para os locais certos, agindo assim da maneira mais eficaz poss\u00edvel, para que nem um euro seja gasto inutilmente.<\/p>\n<p><strong>Uma ac\u00e7\u00e3o internacional a dois n\u00edveis<\/strong><\/p>\n<p>Durante mais de 30 anos, a FIDESCO desenvolveu-se em v\u00e1rios pa\u00edses da Europa, \u00c1frica, Am\u00e9rica e Oce\u00e2nia. Ao longo da sua <a href=\"https:\/\/www.fidesco-international.org\/pt\/historia-da-fidesco\/\">hist\u00f3ria<\/a>, enviou mais de 1200 volunt\u00e1rios para\u00a04 continentes. Possuimos assim uma larga experi\u00eancia com o sector internacional atrav\u00e9s das nossas 11 delega\u00e7\u00f5es\u00a0e das nossas parcerias locais em mais de 40 pa\u00edses.<\/p>\n<p><strong>Uma ONG cat\u00f3lica<\/strong><\/p>\n<p>A FIDESCO \u00e9 uma ONG cat\u00f3lica. Isto\u00a0 significa que os volunt\u00e1rios que enviamos comprometem-se em nome da sua f\u00e9. Os nossos parceiros s\u00e3o membros da Igreja local (dioceses, par\u00f3quias, institutos religiosos\u2026) mas n\u00e3o ser\u00e1 pedido aos volunt\u00e1rios que exer\u00e7aum m\u00fanus pastoral, nem que realizem qualquer proselitismo. Nos termos da Carta de Princ\u00edpios da FIDESCO, os nossos volunt\u00e1rios colocam-se ao servi\u00e7o dos mais pobres, sem distin\u00e7\u00e3o de ra\u00e7as, etnias, cultura ou religi\u00e3o. Enquanto crist\u00e3os, comprometem-se em nome da sua f\u00e9 a contribuir para um testemunho de amor e de compaix\u00e3o, ao servi\u00e7o dos menos afortunados.<\/p>\n<p><strong>Em Portugal<\/strong><\/p>\n<p>FIDESCO-Portugal existe desde 2006 e \u00e9 reconhecida pelo IPAD como ONGD e, portanto, como entidade de utilidade p\u00fablica. O nome social de FIDESCO-Portugal \u00e9 FIDEMA &#8211; Associa\u00e7\u00e3o para a Coopera\u00e7\u00e3o e Desenvolvimento.<\/p>\n<p><strong>\u00abFIDESCO\u00bb ?<\/strong><\/p>\n<p>Os volunt\u00e1rios que partem com a FIDESCO s\u00e3o solteiros(as), fam\u00edlias, jovens ou reformados(as) que desejam partir em nome da F\u00e9 e ao servi\u00e7o dos mais carenciados. Da\u00ed o nome de FIDES \u2013 CO: FIDES (f\u00e9, em latim), e CO: de coopera\u00e7\u00e3o. Da maneira mais prosaica, \u201cFIDESCO\u201d \u00e9 igualmente o acr\u00f3nimo para \u00abFunda\u00e7\u00e3o Internacional para o Desenvolvimento Econ\u00f3mico e Social pela Coopera\u00e7\u00e3o\u00bb.<\/p>\n<p><strong>Para saber mais<\/strong><\/p>\n<p><a href=\"https:\/\/www.fidesco-international.org\/pt\/os-nossos-valores\/\">Os nossos valores<\/a><\/p>\n<p><a href=\"https:\/\/www.fidesco-international.org\/pt\/como-agimos\/\">Como agimos<\/a><\/p>\n<p><a href=\"https:\/\/www.fidesco-international.org\/pt\/solicitacao-de-um-voluntario\/\">Solicita\u00e7\u00e3o de um volunt\u00e1rio<\/a><\/p>\n","protected":false},"excerpt":{"rendered":"<p>Quem somos n\u00f3s ? Fundada em 1981 no seio da Comunidade Emanuel e\u00a0resultante de um encontro com bispos africanos,\u00a0 a FIDESCO \u00e9 uma ONG cat\u00f3lica de solidariedade internacional que recruta, forma e envia volunt\u00e1rios para os pa\u00edses mais pobres, durante um ou dois anos, colocando as suas compet\u00eancias profissionais ao servi\u00e7o de projectos de desenvolvimento, [&hellip;]<\/p>\n","protected":false},"author":14,"featured_media":0,"parent":0,"menu_order":0,"comment_status":"closed","ping_status":"open","template":"","meta":{"footnotes":""},"class_list":["post-145","page","type-page","status-publish","hentry"],"acf":[],"_links":{"self":[{"href":"https:\/\/www.fidesco-international.org\/pt\/wp-json\/wp\/v2\/pages\/145","targetHints":{"allow":["GET"]}}],"collection":[{"href":"https:\/\/www.fidesco-international.org\/pt\/wp-json\/wp\/v2\/pages"}],"about":[{"href":"https:\/\/www.fidesco-international.org\/pt\/wp-json\/wp\/v2\/types\/page"}],"author":[{"embeddable":true,"href":"https:\/\/www.fidesco-international.org\/pt\/wp-json\/wp\/v2\/users\/14"}],"replies":[{"embeddable":true,"href":"https:\/\/www.fidesco-international.org\/pt\/wp-json\/wp\/v2\/comments?post=145"}],"version-history":[{"count":25,"href":"https:\/\/www.fidesco-international.org\/pt\/wp-json\/wp\/v2\/pages\/145\/revisions"}],"predecessor-version":[{"id":161,"href":"https:\/\/www.fidesco-international.org\/pt\/wp-json\/wp\/v2\/pages\/145\/revisions\/161"}],"wp:attachment":[{"href":"https:\/\/www.fidesco-international.org\/pt\/wp-json\/wp\/v2\/media?parent=145"}],"curies":[{"name":"wp","href":"https:\/\/api.w.org\/{rel}","templated":true}]}}