{"id":192,"date":"2014-05-31T19:48:45","date_gmt":"2014-05-31T19:48:45","guid":{"rendered":"http:\/\/www.fidesco-international.org\/pt\/?page_id=192"},"modified":"2014-05-31T20:00:45","modified_gmt":"2014-05-31T20:00:45","slug":"a-vida-em-missao","status":"publish","type":"page","link":"https:\/\/www.fidesco-international.org\/pt\/a-vida-em-missao\/","title":{"rendered":"A vida em miss\u00e3o"},"content":{"rendered":"<p><strong>A vida no local da miss\u00e3o<\/strong><\/p>\n<p>Os volunt\u00e1rios FIDESCO nunca est\u00e3o sozinhos em miss\u00e3o. Eles est\u00e3o continuamente em equipa, com outro ou outros volunt\u00e1rios. O trabalho em equipa \u00e9 essencial e, ainda quando os volunt\u00e1rios n\u00e3o executam as mesmas fun\u00e7\u00f5es, a partilha quotidiana inserida na cultura local, do trabalho, das suas impress\u00f5es pessoais e das dificuldades encontradas \u2013 uma necessidade real em certas situa\u00e7\u00f5es tensas que podem ser encontradas \u2013 \u00e9, desta maneira, facilitada.<\/p>\n<p>No local de destino, os volunt\u00e1rios ficar\u00e3o instalados em condi\u00e7\u00f5es modestas mas dignas. Porque os volunt\u00e1rios v\u00eam tamb\u00e9m para partilhar a vida das popula\u00e7\u00f5es locais, eles n\u00e3o v\u00e3o viver \u00e0 parte. Os volunt\u00e1rios n\u00e3o ficar\u00e3o alojados fora da sua zona de trabalho, excepto em caso de situa\u00e7\u00f5es verdadeiramente perigosas.<\/p>\n<p>A FIDESCO n\u00e3o envia volunt\u00e1rios para pa\u00edses em guerra. FIDESCO garante uma protec\u00e7\u00e3o social. Os nossos volunt\u00e1rios est\u00e3o sistematicamente cobertos pelo seguro. A maior parte dos volunt\u00e1rios possui o estatuto de VSI (Volunt\u00e1rio de Solidariedade Internacional) que se aplica a todos os que se comprometem, de forma desinteressada, durante um m\u00ednimo de um ano, colocando as suas habilita\u00e7\u00f5es e compet\u00eancias profissionais ao servi\u00e7o e disposi\u00e7\u00e3o de uma miss\u00e3o de solidariedade internacional, fora da Uni\u00e3o Europeia. O estatuto de VSI est\u00e1 aberto a todas as pessoas que possuam mais de 18 anos, independentemente da sua nacionalidade, e que decidam envolver-se e implicar-se numa ac\u00e7\u00e3o de solidariedade. O estatuto de VSI garante um determinado n\u00famero de protec\u00e7\u00f5es, antes, durante e ap\u00f3s a miss\u00e3o.<\/p>\n<p>\u2022 Forma\u00e7\u00e3o e reintegra\u00e7\u00e3o: FIDESCO n\u00e3o s\u00f3 fornece um apoio antes da partida, como se compromete tamb\u00e9m numa reinser\u00e7\u00e3o profissional do volunt\u00e1rio ap\u00f3s o final da sua miss\u00e3o.<br \/>\n\u2022 Financiamento das despesas da miss\u00e3o: Custo do transporte a partir do pa\u00eds de origem do volunt\u00e1rio, alojamento e alimenta\u00e7\u00e3o (excepto durante a forma\u00e7\u00e3o).<br \/>\n\u2022 Subs\u00eddio mensal: o volunt\u00e1rio tem direito a um subs\u00eddio, dependente do n\u00edvel de vida do pa\u00eds.<br \/>\n\u2022 Seguran\u00e7a social completa: seguro de sa\u00fade, de vida, assist\u00eancia no repatriamento de urg\u00eancia, seguro de responsabilidade civil e (em alguns casos) quotiza\u00e7\u00f5es para a reforma.<\/p>\n","protected":false},"excerpt":{"rendered":"<p>A vida no local da miss\u00e3o Os volunt\u00e1rios FIDESCO nunca est\u00e3o sozinhos em miss\u00e3o. Eles est\u00e3o continuamente em equipa, com outro ou outros volunt\u00e1rios. O trabalho em equipa \u00e9 essencial e, ainda quando os volunt\u00e1rios n\u00e3o executam as mesmas fun\u00e7\u00f5es, a partilha quotidiana inserida na cultura local, do trabalho, das suas impress\u00f5es pessoais e das [&hellip;]<\/p>\n","protected":false},"author":10,"featured_media":0,"parent":0,"menu_order":0,"comment_status":"closed","ping_status":"open","template":"","meta":{"footnotes":""},"class_list":["post-192","page","type-page","status-publish","hentry"],"acf":[],"_links":{"self":[{"href":"https:\/\/www.fidesco-international.org\/pt\/wp-json\/wp\/v2\/pages\/192","targetHints":{"allow":["GET"]}}],"collection":[{"href":"https:\/\/www.fidesco-international.org\/pt\/wp-json\/wp\/v2\/pages"}],"about":[{"href":"https:\/\/www.fidesco-international.org\/pt\/wp-json\/wp\/v2\/types\/page"}],"author":[{"embeddable":true,"href":"https:\/\/www.fidesco-international.org\/pt\/wp-json\/wp\/v2\/users\/10"}],"replies":[{"embeddable":true,"href":"https:\/\/www.fidesco-international.org\/pt\/wp-json\/wp\/v2\/comments?post=192"}],"version-history":[{"count":2,"href":"https:\/\/www.fidesco-international.org\/pt\/wp-json\/wp\/v2\/pages\/192\/revisions"}],"predecessor-version":[{"id":196,"href":"https:\/\/www.fidesco-international.org\/pt\/wp-json\/wp\/v2\/pages\/192\/revisions\/196"}],"wp:attachment":[{"href":"https:\/\/www.fidesco-international.org\/pt\/wp-json\/wp\/v2\/media?parent=192"}],"curies":[{"name":"wp","href":"https:\/\/api.w.org\/{rel}","templated":true}]}}