{"id":207,"date":"2014-05-31T20:48:06","date_gmt":"2014-05-31T20:48:06","guid":{"rendered":"http:\/\/www.fidesco-international.org\/pt\/?page_id=207"},"modified":"2014-07-05T21:37:13","modified_gmt":"2014-07-05T21:37:13","slug":"formacao","status":"publish","type":"page","link":"https:\/\/www.fidesco-international.org\/pt\/formacao\/","title":{"rendered":"Forma\u00e7\u00e3o"},"content":{"rendered":"<p>A forma\u00e7\u00e3o na Fidesco est\u00e1 dividida em duas partes.<\/p>\n<p>No in\u00edcio devemos reflectir e ponderar sobre as aptid\u00f5es e motiva\u00e7\u00f5es de cada um, antes da partida em miss\u00e3o. \u00c9 necess\u00e1rio que cada um opere um per\u00edodo de amadurecimento do seu projecto de voluntariado de solidariedade internacional. Paralelamente, esta \u00e9 a ocasi\u00e3o para a equipa Fidesco conhecer melhor os interessados no sentido de os ligar \u00e0 miss\u00e3o mais apropriada aos seus perfis. No final deste per\u00edodo, as duas partes decidir\u00e3o se dever\u00e3o continuar a forma\u00e7\u00e3o ou n\u00e3o.<br \/>\nSe ambas as partes decidirem continuar a trabalhar juntas, a Fidesco procurar\u00e1 uma miss\u00e3o que seja conforme \u00e0s qualifica\u00e7\u00f5es do candidato e \u00e0s necessidades solicitadas pelos diferentes parceiros locais. Todos poder\u00e3o apresentar as suas prefer\u00eancias de pa\u00eds ou de tipo de miss\u00e3o, mas a decis\u00e3o final cabe \u00e0 Fidesco. O dom\u00ednio em l\u00ednguas estrangeiras ser\u00e1 tido em conta, mas n\u00e3o \u00e9 garantido que o candidato possa ser colocado num pa\u00eds cuja l\u00edngua domine. O essencial \u00e9 enviarmos candidatos para onde sejam mais necess\u00e1rios.<br \/>\nA segunda parte da forma\u00e7\u00e3o prepara-o para o dia-a-dia de uma outra cultura que n\u00e3o a sua. Ela fornece os instrumentos que permitir\u00e3o uma acultura\u00e7\u00e3o bem sucedida no pa\u00eds de acolhimento. Inclui igualmente as quest\u00f5es administrativas indispens\u00e1veis, relacionadas com a preven\u00e7\u00e3o e sa\u00fade, vistos, seguros m\u00e9dicos, etc.<\/p>\n<p>Pontos-chave na forma\u00e7\u00e3o :<br \/>\n\u2022Dificuldades do voluntariado<br \/>\n\u2022Aprender a conhecer-se a si mesmo<br \/>\n\u2022As causas do subdesenvolvimento<br \/>\n\u2022Conhecimento da miss\u00e3o e da cultura no pa\u00eds<br \/>\n\u2022Gest\u00e3o do projeto<br \/>\n\u2022Forma\u00e7\u00e3o no terreno<br \/>\n\u2022Estatuto administrativo e estatuto do volunt\u00e1rio<br \/>\n\u2022Quest\u00f5es sanit\u00e1rias<br \/>\n\u2022Forma\u00e7\u00e3o espiritual<br \/>\n\u2022Forma\u00e7\u00e3o profissional segundo as necessidades (medicina tropical, agricultura\u2026) \u00a0<\/p>\n<p>Para os volunt\u00e1rios europeus, a Fidesco organiza partidas em miss\u00f5es de voluntariado, duas vezes por ano: uma no Outono e outra na Primavera. Estas partidas compreendem uma forma\u00e7\u00e3o e um amadurecimento ao longo de seis a nove meses que incluem duas sess\u00f5es de um fim-de-semana e duas sess\u00f5es de uma semana.<\/p>\n","protected":false},"excerpt":{"rendered":"<p>A forma\u00e7\u00e3o na Fidesco est\u00e1 dividida em duas partes. No in\u00edcio devemos reflectir e ponderar sobre as aptid\u00f5es e motiva\u00e7\u00f5es de cada um, antes da partida em miss\u00e3o. \u00c9 necess\u00e1rio que cada um opere um per\u00edodo de amadurecimento do seu projecto de voluntariado de solidariedade internacional. Paralelamente, esta \u00e9 a ocasi\u00e3o para a equipa Fidesco [&hellip;]<\/p>\n","protected":false},"author":10,"featured_media":0,"parent":0,"menu_order":0,"comment_status":"closed","ping_status":"open","template":"","meta":{"footnotes":""},"class_list":["post-207","page","type-page","status-publish","hentry"],"acf":[],"_links":{"self":[{"href":"https:\/\/www.fidesco-international.org\/pt\/wp-json\/wp\/v2\/pages\/207","targetHints":{"allow":["GET"]}}],"collection":[{"href":"https:\/\/www.fidesco-international.org\/pt\/wp-json\/wp\/v2\/pages"}],"about":[{"href":"https:\/\/www.fidesco-international.org\/pt\/wp-json\/wp\/v2\/types\/page"}],"author":[{"embeddable":true,"href":"https:\/\/www.fidesco-international.org\/pt\/wp-json\/wp\/v2\/users\/10"}],"replies":[{"embeddable":true,"href":"https:\/\/www.fidesco-international.org\/pt\/wp-json\/wp\/v2\/comments?post=207"}],"version-history":[{"count":5,"href":"https:\/\/www.fidesco-international.org\/pt\/wp-json\/wp\/v2\/pages\/207\/revisions"}],"predecessor-version":[{"id":351,"href":"https:\/\/www.fidesco-international.org\/pt\/wp-json\/wp\/v2\/pages\/207\/revisions\/351"}],"wp:attachment":[{"href":"https:\/\/www.fidesco-international.org\/pt\/wp-json\/wp\/v2\/media?parent=207"}],"curies":[{"name":"wp","href":"https:\/\/api.w.org\/{rel}","templated":true}]}}