{"id":212,"date":"2014-05-31T20:58:02","date_gmt":"2014-05-31T20:58:02","guid":{"rendered":"http:\/\/www.fidesco-international.org\/pt\/?page_id=212"},"modified":"2014-05-31T20:58:02","modified_gmt":"2014-05-31T20:58:02","slug":"condicoes-para-ser-voluntario","status":"publish","type":"page","link":"https:\/\/www.fidesco-international.org\/pt\/condicoes-para-ser-voluntario\/","title":{"rendered":"Condi\u00e7\u00f5es para ser volunt\u00e1rio"},"content":{"rendered":"<p>Condi\u00e7\u00f5es para poder partir<\/p>\n<p>\u2022Os candidatos dever\u00e3o ter terminado um ciclo de estudos profissionais (CAP ou 12\u00ba ano via profissional); curso universit\u00e1rio (Bacharelato, Licenciatura ou Mestrado), ou possuir experi\u00eancia profissional.<br \/>\n\u2022Na data da partida, os volunt\u00e1rios dever\u00e3o ter 21 anos feitos, e estar em boas condi\u00e7\u00f5es f\u00edsicas e psicol\u00f3gicas.<br \/>\n\u2022Ser solteiros ou casados (com ou sem filhos), jovens ou adultos; os rec\u00e9m-reformados s\u00e3o bem-vindos tamb\u00e9m.<br \/>\n\u2022Frequentar a forma\u00e7\u00e3o providenciada pela Fidesco.<br \/>\n\u2022Estar dispon\u00edveis durante um ou dois anos.<br \/>\n\u2022Estar abertos aos valores crist\u00e3os que defendemos. De h\u00e1 30 anos para c\u00e1,\u00a0 a Fidesco trabalha em conformidade com a Doutrina Social da Igreja Cat\u00f3lica. Para muitas dioceses e congrega\u00e7\u00f5es esta \u00e9 uma das raz\u00f5es principais que as impele a solicitar-nos ajuda. Pedimos, por conseguinte, aos nossos volunt\u00e1rios, para viver a sua miss\u00e3o como testemunho desse mesmo cristianismo. A Fidesco envia pessoas com o estatuto civil de solteiro, casais, padres e fam\u00edlias. Estamos interessados, n\u00e3o s\u00f3 no plano t\u00e9cnico-profissional dos volunt\u00e1rios que enviamos, mas tamb\u00e9m na atitude comportamental do volunt\u00e1rio, que \u00e9, pois, primordial. Nos pa\u00edses em desenvolvimento, os la\u00e7os s\u00e3o geralmente fortes e as pessoas conhecem os seus vizinhos. Os estrangeiros s\u00e3o frequentemente avaliados ou julgados pela capacidade que demonstram em respeitar as normas e os valores locais.<br \/>\n\u2022Comprometer-se com a Carta de Princ\u00edpios da Fidesco: o comportamento do volunt\u00e1rio, para al\u00e9m do trabalho que desempenha, poder\u00e1 ter um impacto significativo sobre as popula\u00e7\u00f5es locais, de uma forma negativa ou positiva.<\/p>\n","protected":false},"excerpt":{"rendered":"<p>Condi\u00e7\u00f5es para poder partir \u2022Os candidatos dever\u00e3o ter terminado um ciclo de estudos profissionais (CAP ou 12\u00ba ano via profissional); curso universit\u00e1rio (Bacharelato, Licenciatura ou Mestrado), ou possuir experi\u00eancia profissional. \u2022Na data da partida, os volunt\u00e1rios dever\u00e3o ter 21 anos feitos, e estar em boas condi\u00e7\u00f5es f\u00edsicas e psicol\u00f3gicas. \u2022Ser solteiros ou casados (com ou [&hellip;]<\/p>\n","protected":false},"author":10,"featured_media":0,"parent":0,"menu_order":0,"comment_status":"closed","ping_status":"open","template":"","meta":{"footnotes":""},"class_list":["post-212","page","type-page","status-publish","hentry"],"acf":[],"_links":{"self":[{"href":"https:\/\/www.fidesco-international.org\/pt\/wp-json\/wp\/v2\/pages\/212","targetHints":{"allow":["GET"]}}],"collection":[{"href":"https:\/\/www.fidesco-international.org\/pt\/wp-json\/wp\/v2\/pages"}],"about":[{"href":"https:\/\/www.fidesco-international.org\/pt\/wp-json\/wp\/v2\/types\/page"}],"author":[{"embeddable":true,"href":"https:\/\/www.fidesco-international.org\/pt\/wp-json\/wp\/v2\/users\/10"}],"replies":[{"embeddable":true,"href":"https:\/\/www.fidesco-international.org\/pt\/wp-json\/wp\/v2\/comments?post=212"}],"version-history":[{"count":1,"href":"https:\/\/www.fidesco-international.org\/pt\/wp-json\/wp\/v2\/pages\/212\/revisions"}],"predecessor-version":[{"id":214,"href":"https:\/\/www.fidesco-international.org\/pt\/wp-json\/wp\/v2\/pages\/212\/revisions\/214"}],"wp:attachment":[{"href":"https:\/\/www.fidesco-international.org\/pt\/wp-json\/wp\/v2\/media?parent=212"}],"curies":[{"name":"wp","href":"https:\/\/api.w.org\/{rel}","templated":true}]}}