{"id":216,"date":"2014-05-31T21:03:09","date_gmt":"2014-05-31T21:03:09","guid":{"rendered":"http:\/\/www.fidesco-international.org\/pt\/?page_id=216"},"modified":"2014-07-05T23:05:02","modified_gmt":"2014-07-05T23:05:02","slug":"perguntas-e-respostas","status":"publish","type":"page","link":"https:\/\/www.fidesco-international.org\/pt\/perguntas-e-respostas\/","title":{"rendered":"Perguntas e Respostas"},"content":{"rendered":"<p><em><strong>N\u00e3o acabei ainda os meus estudos, mas gostaria de fazer uma \u00abpausa\u00bb de um ou dois anos, e voltar aos estudos\u00a0 depois. Ser\u00e1 poss\u00edvel faz\u00ea-lo ?<\/strong><\/em><br \/>\nA Fidesco s\u00f3 envia pessoas que tenham acabado os seus estudos, ou, no m\u00ednimo, finalizado um ciclo acad\u00e9mico ou profissionalizante v\u00e1lido, e que desejem exercer a sua actividade profissional num pa\u00eds em vias de desenvolvimento.<\/p>\n<p><strong><em>Um ou dois anos, \u00e9 muito tempo, ser\u00e1 poss\u00edvel partir somente por uns meses ?<\/em><\/strong><br \/>\nAs miss\u00f5es Fidesco demoram o seu tempo. Os volunt\u00e1rios s\u00e3o enviados por um per\u00edodo m\u00ednimo de um ano, de modo a que tenham tempo efectivo para se inserir num pa\u00eds, falar a sua l\u00edngua e exercer ao m\u00e1ximo a actividade profissional que lhes \u00e9 pedida.<\/p>\n<p><em><strong>N\u00e3o possuo experi\u00eancia profissional, isso \u00e9 impeditivo ?<\/strong><\/em><br \/>\nN\u00e3o. A experi\u00eancia mostra que o per\u00edodo ap\u00f3s os estudos e antes da entrada na vida profissional \u00e9 um tempo ideal para uma experi\u00eancia de voluntariado.<\/p>\n<p><em><strong>Somos uma fam\u00edlia, podemos tamb\u00e9m partir em miss\u00e3o ?<\/strong><\/em><br \/>\nA vida familiar \u00e9 frequentemente um testemunho de per si. A Fidesco \u00e9 uma das raras ONG\u2019s que enviam fam\u00edlias. Enviamos pessoas que possuam j\u00e1 uma determinada experi\u00eancia profissional e que partam com a fam\u00edlia.<\/p>\n<p><strong><em>A miss\u00e3o vai-me trazer realmente alguma coisa de acr\u00e9scimo a um n\u00edvel profissional ?<\/em><\/strong><br \/>\nO voluntariado \u00e9 uma verdadeira experi\u00eancia de forma\u00e7\u00e3o que implica determinadas condi\u00e7\u00f5es na partida, implicando tamb\u00e9m, frequentemente, que os volunt\u00e1rios assumam responsabilidades importantes no local da miss\u00e3o.<br \/>\nNo regresso, os volunt\u00e1rios manifestam normalmente um sentido de adapta\u00e7\u00e3o a situa\u00e7\u00f5es diversas, novas compet\u00eancias t\u00e9cnico-profissionais e de gest\u00e3o.\u00a0 O voluntariado \u00e9 considerado frequentemente como uma verdadeira experi\u00eancia profissional.<\/p>\n<h4>Tens alguma quest\u00e3o pessoal a colocar ?<\/h4>\n<p>Contacta-nos: fidema.fidesco@gmail.com<\/p>\n","protected":false},"excerpt":{"rendered":"<p>N\u00e3o acabei ainda os meus estudos, mas gostaria de fazer uma \u00abpausa\u00bb de um ou dois anos, e voltar aos estudos\u00a0 depois. Ser\u00e1 poss\u00edvel faz\u00ea-lo ? A Fidesco s\u00f3 envia pessoas que tenham acabado os seus estudos, ou, no m\u00ednimo, finalizado um ciclo acad\u00e9mico ou profissionalizante v\u00e1lido, e que desejem exercer a sua actividade profissional [&hellip;]<\/p>\n","protected":false},"author":10,"featured_media":0,"parent":0,"menu_order":0,"comment_status":"closed","ping_status":"open","template":"","meta":{"footnotes":""},"class_list":["post-216","page","type-page","status-publish","hentry"],"acf":[],"_links":{"self":[{"href":"https:\/\/www.fidesco-international.org\/pt\/wp-json\/wp\/v2\/pages\/216","targetHints":{"allow":["GET"]}}],"collection":[{"href":"https:\/\/www.fidesco-international.org\/pt\/wp-json\/wp\/v2\/pages"}],"about":[{"href":"https:\/\/www.fidesco-international.org\/pt\/wp-json\/wp\/v2\/types\/page"}],"author":[{"embeddable":true,"href":"https:\/\/www.fidesco-international.org\/pt\/wp-json\/wp\/v2\/users\/10"}],"replies":[{"embeddable":true,"href":"https:\/\/www.fidesco-international.org\/pt\/wp-json\/wp\/v2\/comments?post=216"}],"version-history":[{"count":7,"href":"https:\/\/www.fidesco-international.org\/pt\/wp-json\/wp\/v2\/pages\/216\/revisions"}],"predecessor-version":[{"id":373,"href":"https:\/\/www.fidesco-international.org\/pt\/wp-json\/wp\/v2\/pages\/216\/revisions\/373"}],"wp:attachment":[{"href":"https:\/\/www.fidesco-international.org\/pt\/wp-json\/wp\/v2\/media?parent=216"}],"curies":[{"name":"wp","href":"https:\/\/api.w.org\/{rel}","templated":true}]}}