{"id":232,"date":"2014-06-05T11:01:35","date_gmt":"2014-06-05T11:01:35","guid":{"rendered":"http:\/\/www.fidesco-international.org\/pt\/?page_id=232"},"modified":"2014-07-05T21:47:51","modified_gmt":"2014-07-05T21:47:51","slug":"os-nossos-valores","status":"publish","type":"page","link":"https:\/\/www.fidesco-international.org\/pt\/os-nossos-valores\/","title":{"rendered":"Os nossos valores"},"content":{"rendered":"<p><strong>Desenvolvimento<\/strong><\/p>\n<p>\u2022 Reconhecida em Portugal como uma ONGD (Organiza\u00e7\u00e3o N\u00e3o-Governamental para o Desenvolvimento), a Fidesco trabalha concretamente para o desenvolvimento dos pa\u00edses do Sul, habitualmente conhecidos por \u201cTerceiro Mundo\u201d, enviando volunt\u00e1rios ao abrigo de uma lei de alcance europeu, aprovada em Fran\u00e7a em 2005. Eles s\u00e3o, assim, chamados a p\u00f4r as suas compet\u00eancias profissionais, de forma desinteressada, ao servi\u00e7o de popula\u00e7\u00f5es que de algum modo exprimiram essa necessidade.<br \/>\n\u2022 A Fidesco n\u00e3o trabalha a partir de programas definidos na Europa mas apoia projetos locais criados e geridos pelas pr\u00f3prias popula\u00e7\u00f5es.<br \/>\n\u2022 Os projetos para onde os volunt\u00e1rios s\u00e3o enviados respondem a necessidades identificadas e apresentadas \u00e0 Fidesco. O volunt\u00e1rio \u00e9 enviado se a compet\u00eancia n\u00e3o existe localmente \u2013 a Fidesco n\u00e3o se sobrep\u00f5e aos profissionais do local.<br \/>\n\u2022 Os projetos que a Fidesco serve s\u00e3o todos geridos pela Igreja Cat\u00f3lica local (diocese, par\u00f3quia, congrega\u00e7\u00e3o ou leigo mandatado pelo bispo local).<br \/>\n\u00a0<br \/>\n<strong>F\u00e9<\/strong><\/p>\n<p>\u2022 Os volunt\u00e1rios partem para se por ao servi\u00e7o dos outros, numa atitude de f\u00e9, sem distin\u00e7\u00e3o de etnia, cultura ou religi\u00e3o.<br \/>\n\u2022 No exerc\u00edcio da sua miss\u00e3o, eles providenciam ajuda e assist\u00eancia, vivendo a especificidade crist\u00e3 do desenvolvimento:<br \/>\n&#8211; Ter em considera\u00e7\u00e3o as pessoas na sua integralidade (bens materiais, humanos e espirituais),<br \/>\n&#8211; Aplicar a doutrina social da Igreja: agir em prol do Bem Comum, respeitar e favorecer o princ\u00edpio da subsidiariedade, consolidar a op\u00e7\u00e3o preferenciar pelos pobres em tudo o que \u00e9 realizado,<br \/>\n&#8211; Mostrar ao outro toda a sua dignidade num encontro de proximidade, sem a qual a reciprocidade da troca n\u00e3o pode ser verdadeiramente vivida.<br \/>\n\u00a0<br \/>\n<strong>Escola de vida<\/strong><\/p>\n<p>\u2022 O volunt\u00e1rio assume uma atitude de abandono. A miss\u00e3o n\u00e3o \u00e9 escolhida mas aceite.<br \/>\n\u2022 As condi\u00e7\u00f5es de vida em miss\u00e3o s\u00e3o modestas mas justas.<br \/>\n\u2022 O volunt\u00e1rio entra com delicadeza e paci\u00eancia na hist\u00f3ria dos outros homens e mulheres, de outras culturas, para os poder servir de forma adequada.<br \/>\n\u2022 O volunt\u00e1rio permanece no lugar para onde \u00e9 enviado ao longo de todo o tempo de miss\u00e3o (um ou dois anos).<\/p>\n","protected":false},"excerpt":{"rendered":"<p>Desenvolvimento \u2022 Reconhecida em Portugal como uma ONGD (Organiza\u00e7\u00e3o N\u00e3o-Governamental para o Desenvolvimento), a Fidesco trabalha concretamente para o desenvolvimento dos pa\u00edses do Sul, habitualmente conhecidos por \u201cTerceiro Mundo\u201d, enviando volunt\u00e1rios ao abrigo de uma lei de alcance europeu, aprovada em Fran\u00e7a em 2005. Eles s\u00e3o, assim, chamados a p\u00f4r as suas compet\u00eancias profissionais, de [&hellip;]<\/p>\n","protected":false},"author":10,"featured_media":0,"parent":0,"menu_order":0,"comment_status":"closed","ping_status":"open","template":"","meta":{"footnotes":""},"class_list":["post-232","page","type-page","status-publish","hentry"],"acf":[],"_links":{"self":[{"href":"https:\/\/www.fidesco-international.org\/pt\/wp-json\/wp\/v2\/pages\/232","targetHints":{"allow":["GET"]}}],"collection":[{"href":"https:\/\/www.fidesco-international.org\/pt\/wp-json\/wp\/v2\/pages"}],"about":[{"href":"https:\/\/www.fidesco-international.org\/pt\/wp-json\/wp\/v2\/types\/page"}],"author":[{"embeddable":true,"href":"https:\/\/www.fidesco-international.org\/pt\/wp-json\/wp\/v2\/users\/10"}],"replies":[{"embeddable":true,"href":"https:\/\/www.fidesco-international.org\/pt\/wp-json\/wp\/v2\/comments?post=232"}],"version-history":[{"count":3,"href":"https:\/\/www.fidesco-international.org\/pt\/wp-json\/wp\/v2\/pages\/232\/revisions"}],"predecessor-version":[{"id":250,"href":"https:\/\/www.fidesco-international.org\/pt\/wp-json\/wp\/v2\/pages\/232\/revisions\/250"}],"wp:attachment":[{"href":"https:\/\/www.fidesco-international.org\/pt\/wp-json\/wp\/v2\/media?parent=232"}],"curies":[{"name":"wp","href":"https:\/\/api.w.org\/{rel}","templated":true}]}}