{"id":238,"date":"2014-06-05T11:14:36","date_gmt":"2014-06-05T11:14:36","guid":{"rendered":"http:\/\/www.fidesco-international.org\/pt\/?page_id=238"},"modified":"2014-06-05T11:14:36","modified_gmt":"2014-06-05T11:14:36","slug":"como-agimos","status":"publish","type":"page","link":"https:\/\/www.fidesco-international.org\/pt\/como-agimos\/","title":{"rendered":"Como agimos"},"content":{"rendered":"<table>\n<tbody>\n<tr>\n<td width=\"100%\"><strong>Um duplo compromisso<\/strong><\/td>\n<\/tr>\n<\/tbody>\n<\/table>\n<p>&nbsp;<\/p>\n<table>\n<tbody>\n<tr>\n<td>&nbsp;<\/p>\n<p>Na prossecu\u00e7\u00e3o do desenvolvimento integral do Homem, a Fidesco age de acordo com dois modos operat\u00f3rios:<\/p>\n<p><strong>1)\u00a0 Formamos e enviamos volunt\u00e1rios que t\u00eam compet\u00eancias profissionais apropriadas para projetos que a Fidesco n\u00e3o gere diretamente. <\/strong><\/p>\n<p>Os volunt\u00e1rios p\u00f5em as suas compet\u00eancias ao servi\u00e7o dos nossos parceiros e transmitem-lhes os seus conhecimentos. Os parceiros locais dirigem os projetos. Em geral, os volunt\u00e1rios trabalham nos seguintes dom\u00ednios: educa\u00e7\u00e3o, servi\u00e7o social, gest\u00e3o, agricultura trabalhos t\u00e9cnicos e manuais.<\/p>\n<p><strong>2)\u00a0 Al\u00e9m disso, a pedido os parceiros locais, a Fidesco gere diretamente um conjunto de projetos.<\/strong><\/p>\n<p>Entre esses projetos, encontram-se o centro de sa\u00fade em Matoto na Guin\u00e9-Conacri, o centro de acolhimento para meninos da rua em Kigali, no Ruanda, o centro de forma\u00e7\u00e3o cont\u00ednua e profissional em Salvador da Ba\u00eda, no Brasil, e os centros de forma\u00e7\u00e3o agr\u00edcola em Madag\u00e1scar e na Indon\u00e9sia. Estes projetos s\u00e3o geridos e financiados diretamente pela Fidesco, com o apoio de parceiros locais. A qualidade e a efic\u00e1cia dos projetos que gerimos s\u00e3o muitas vezes apontadas pelos governos e pelos respons\u00e1veis da ONU como exemplos para uma ONG deste tipo<\/p>\n<p>No terreno, a Fidesco compromete-se:<\/p>\n<p>&#8211; A verificar que o trabalho dos volunt\u00e1rios n\u00e3o pode ser exercido por pessoal aut\u00f3ctone.<br \/>\n&#8211; A trabalhar para formar esse mesmo pessoal a fim de permitir uma real autonomia do projeto.<br \/>\n&#8211; A trabalhar na continuidade, apoiando os projetos locais em que estamos implicados. Raramente nos implicamos em projetos de urg\u00eancia humanit\u00e1ria;\u00a0<strong>a voca\u00e7\u00e3o primeira da<\/strong> <strong>Fidesco \u00e9 trabalhar a longo prazo.\u00a0<\/strong><\/p>\n<p>&nbsp;<\/p>\n<p><strong>Quer saber mais sobre os nossos projetos? Clique aqui.<\/strong><\/p>\n<p>&nbsp;<\/td>\n<\/tr>\n<\/tbody>\n<\/table>\n","protected":false},"excerpt":{"rendered":"<p>Um duplo compromisso &nbsp; &nbsp; Na prossecu\u00e7\u00e3o do desenvolvimento integral do Homem, a Fidesco age de acordo com dois modos operat\u00f3rios: 1)\u00a0 Formamos e enviamos volunt\u00e1rios que t\u00eam compet\u00eancias profissionais apropriadas para projetos que a Fidesco n\u00e3o gere diretamente. Os volunt\u00e1rios p\u00f5em as suas compet\u00eancias ao servi\u00e7o dos nossos parceiros e transmitem-lhes os seus conhecimentos. [&hellip;]<\/p>\n","protected":false},"author":10,"featured_media":0,"parent":0,"menu_order":0,"comment_status":"closed","ping_status":"open","template":"","meta":{"footnotes":""},"class_list":["post-238","page","type-page","status-publish","hentry"],"acf":[],"_links":{"self":[{"href":"https:\/\/www.fidesco-international.org\/pt\/wp-json\/wp\/v2\/pages\/238","targetHints":{"allow":["GET"]}}],"collection":[{"href":"https:\/\/www.fidesco-international.org\/pt\/wp-json\/wp\/v2\/pages"}],"about":[{"href":"https:\/\/www.fidesco-international.org\/pt\/wp-json\/wp\/v2\/types\/page"}],"author":[{"embeddable":true,"href":"https:\/\/www.fidesco-international.org\/pt\/wp-json\/wp\/v2\/users\/10"}],"replies":[{"embeddable":true,"href":"https:\/\/www.fidesco-international.org\/pt\/wp-json\/wp\/v2\/comments?post=238"}],"version-history":[{"count":1,"href":"https:\/\/www.fidesco-international.org\/pt\/wp-json\/wp\/v2\/pages\/238\/revisions"}],"predecessor-version":[{"id":240,"href":"https:\/\/www.fidesco-international.org\/pt\/wp-json\/wp\/v2\/pages\/238\/revisions\/240"}],"wp:attachment":[{"href":"https:\/\/www.fidesco-international.org\/pt\/wp-json\/wp\/v2\/media?parent=238"}],"curies":[{"name":"wp","href":"https:\/\/api.w.org\/{rel}","templated":true}]}}